{"id":38291,"date":"2018-07-27T17:43:00","date_gmt":"2018-07-27T17:43:00","guid":{"rendered":"https:\/\/authenticpilatesonline.com\/centro-de-ayuda\/"},"modified":"2025-04-13T00:40:39","modified_gmt":"2025-04-13T00:40:39","slug":"centro-de-ayuda","status":"publish","type":"page","link":"https:\/\/authenticpilatesonline.com\/es\/centro-de-ayuda\/","title":{"rendered":"Centro de Ayuda"},"content":{"rendered":"\n<h3 class=\"wp-block-heading\"><strong>\u00bfC\u00f3mo puedo cancelar mi suscripci\u00f3n?<\/strong><\/h3>\n\n<p>A continuaci\u00f3n, se detallan los pasos para cancelar su suscripci\u00f3n:<\/p>\n\n<ol class=\"wp-block-list\"><li> Inicie sesi\u00f3n. Haga clic en &#8216;Mi Cuenta&#8217; en la esquina superior derecha.<\/li><li>Seleccione &#8220;Membres\u00edas&#8221; en el men\u00fa de la cuenta a la izquierda.<\/li><li> Haga clic en el bot\u00f3n &#8216;Cancelar&#8217;.<\/li><li>Se enviar\u00e1 autom\u00e1ticamente un correo electr\u00f3nico de confirmaci\u00f3n a la direcci\u00f3n de correo electr\u00f3nico registrada. Por favor, verifique esto para confirmar que ha cancelado.<\/li><\/ol>\n\n<p>\u00a1Vuelva cuando lo desee! Simplemente utilice el mismo nombre de usuario y contrase\u00f1a para iniciar sesi\u00f3n. Regrese a la p\u00e1gina de su cuenta y haga clic en &#8216;<strong>Renovar Suscripci\u00f3n<\/strong>&#8216;.<\/p>\n\n<h3 class=\"wp-block-heading\"><strong>\u00bfC\u00f3mo utilizar un c\u00f3digo de cup\u00f3n?<\/strong><\/h3>\n\n<p>Puede ingresar el c\u00f3digo de cup\u00f3n durante el proceso de pago. <\/p>\n\n<h3 class=\"wp-block-heading\"><strong>Soy un aprendiz en Authentic Pilates Learning Center. \u00bfC\u00f3mo obtengo mi acceso gratuito?<\/strong><\/h3>\n\n<p>Por favor, <a href=\"https:\/\/authenticpilatesonline.com\/contact\/\">cont\u00e1ctenos<\/a> para obtener su acceso gratuito de un a\u00f1o a Authentic Pilates Online mientras completa su formaci\u00f3n con nosotros. Le enviaremos todas las instrucciones por correo electr\u00f3nico. <\/p>\n\n<h3 class=\"wp-block-heading\"><strong>\u00bfEst\u00e1 Authentic Pilates Online disponible en todos los pa\u00edses?<\/strong><\/h3>\n\n<p>Lamentablemente, varios pa\u00edses bloquean la plataforma de alojamiento de videos que utilizamos. Estos pa\u00edses incluyen China, Corea del Norte e Indonesia. A\u00fan puede visualizar los videos si utiliza una VPN (red privada virtual).<br\/><\/p>\n","protected":false},"excerpt":{"rendered":"<p>\u00bfC\u00f3mo puedo cancelar mi suscripci\u00f3n? A continuaci\u00f3n, se detallan los pasos para cancelar su suscripci\u00f3n: Inicie sesi\u00f3n. Haga clic en &#8216;Mi Cuenta&#8217; en la esquina &#8230; <a title=\"Centro de Ayuda\" class=\"read-more\" href=\"https:\/\/authenticpilatesonline.com\/es\/centro-de-ayuda\/\" aria-label=\"Leer m\u00e1s sobre Centro de Ayuda\">Leer m\u00e1s<\/a><\/p>\n","protected":false},"author":1,"featured_media":0,"parent":0,"menu_order":0,"comment_status":"closed","ping_status":"closed","template":"","meta":{"__cvm_playback_settings":[],"__cvm_video_id":"","footnotes":""},"page_layout":[],"class_list":{"0":"post-38291","1":"page","2":"type-page","3":"status-publish","5":"infinite-scroll-item"},"yoast_head":"<!-- This site is optimized with the Yoast SEO plugin v27.3 - https:\/\/yoast.com\/product\/yoast-seo-wordpress\/ -->\n<title>Centro de Ayuda - Authentic Pilates Center<\/title>\n<meta name=\"robots\" content=\"index, follow, max-snippet:-1, max-image-preview:large, max-video-preview:-1\" \/>\n<link rel=\"canonical\" href=\"https:\/\/authenticpilatesonline.com\/es\/centro-de-ayuda\/\" \/>\n<meta property=\"og:locale\" content=\"es_ES\" \/>\n<meta property=\"og:type\" content=\"article\" \/>\n<meta property=\"og:title\" content=\"Centro de Ayuda - Authentic Pilates Center\" \/>\n<meta property=\"og:description\" content=\"\u00bfC\u00f3mo puedo cancelar mi suscripci\u00f3n? A continuaci\u00f3n, se detallan los pasos para cancelar su suscripci\u00f3n: Inicie sesi\u00f3n. Haga clic en &#8216;Mi Cuenta&#8217; en la esquina ... Leer m\u00e1s\" \/>\n<meta property=\"og:url\" content=\"https:\/\/authenticpilatesonline.com\/es\/centro-de-ayuda\/\" \/>\n<meta property=\"og:site_name\" content=\"Authentic Pilates Center\" \/>\n<meta property=\"article:modified_time\" content=\"2025-04-13T00:40:39+00:00\" \/>\n<meta name=\"twitter:card\" content=\"summary_large_image\" \/>\n<meta name=\"twitter:label1\" content=\"Tiempo de lectura\" \/>\n\t<meta name=\"twitter:data1\" content=\"1 minuto\" \/>\n<script type=\"application\/ld+json\" class=\"yoast-schema-graph\">{\"@context\":\"https:\\\/\\\/schema.org\",\"@graph\":[{\"@type\":\"WebPage\",\"@id\":\"https:\\\/\\\/authenticpilatesonline.com\\\/es\\\/centro-de-ayuda\\\/\",\"url\":\"https:\\\/\\\/authenticpilatesonline.com\\\/es\\\/centro-de-ayuda\\\/\",\"name\":\"Centro de Ayuda - Authentic Pilates Center\",\"isPartOf\":{\"@id\":\"https:\\\/\\\/authenticpilatesonline.com\\\/es\\\/#website\"},\"datePublished\":\"2018-07-27T17:43:00+00:00\",\"dateModified\":\"2025-04-13T00:40:39+00:00\",\"breadcrumb\":{\"@id\":\"https:\\\/\\\/authenticpilatesonline.com\\\/es\\\/centro-de-ayuda\\\/#breadcrumb\"},\"inLanguage\":\"es\",\"potentialAction\":[{\"@type\":\"ReadAction\",\"target\":[\"https:\\\/\\\/authenticpilatesonline.com\\\/es\\\/centro-de-ayuda\\\/\"]}]},{\"@type\":\"BreadcrumbList\",\"@id\":\"https:\\\/\\\/authenticpilatesonline.com\\\/es\\\/centro-de-ayuda\\\/#breadcrumb\",\"itemListElement\":[{\"@type\":\"ListItem\",\"position\":1,\"name\":\"Home\",\"item\":\"https:\\\/\\\/authenticpilatesonline.com\\\/es\\\/nueva-pagina-de-inicio\\\/\"},{\"@type\":\"ListItem\",\"position\":2,\"name\":\"Centro de Ayuda\"}]},{\"@type\":\"WebSite\",\"@id\":\"https:\\\/\\\/authenticpilatesonline.com\\\/es\\\/#website\",\"url\":\"https:\\\/\\\/authenticpilatesonline.com\\\/es\\\/\",\"name\":\"Authentic Pilates Center\",\"description\":\"YOUR ACCESS TO CLASSICAL PILATES VIDEOS&lt;br&gt; ANYTIME, ANYWHERE\",\"publisher\":{\"@id\":\"https:\\\/\\\/authenticpilatesonline.com\\\/es\\\/#organization\"},\"potentialAction\":[{\"@type\":\"SearchAction\",\"target\":{\"@type\":\"EntryPoint\",\"urlTemplate\":\"https:\\\/\\\/authenticpilatesonline.com\\\/es\\\/?s={search_term_string}\"},\"query-input\":{\"@type\":\"PropertyValueSpecification\",\"valueRequired\":true,\"valueName\":\"search_term_string\"}}],\"inLanguage\":\"es\"},{\"@type\":\"Organization\",\"@id\":\"https:\\\/\\\/authenticpilatesonline.com\\\/es\\\/#organization\",\"name\":\"Authentic Pilates Center\",\"url\":\"https:\\\/\\\/authenticpilatesonline.com\\\/es\\\/\",\"logo\":{\"@type\":\"ImageObject\",\"inLanguage\":\"es\",\"@id\":\"https:\\\/\\\/authenticpilatesonline.com\\\/es\\\/#\\\/schema\\\/logo\\\/image\\\/\",\"url\":\"https:\\\/\\\/authenticpilatesonline.com\\\/wp-content\\\/uploads\\\/2019\\\/12\\\/authentic-pilates-online-logo.png\",\"contentUrl\":\"https:\\\/\\\/authenticpilatesonline.com\\\/wp-content\\\/uploads\\\/2019\\\/12\\\/authentic-pilates-online-logo.png\",\"width\":576,\"height\":150,\"caption\":\"Authentic Pilates Center\"},\"image\":{\"@id\":\"https:\\\/\\\/authenticpilatesonline.com\\\/es\\\/#\\\/schema\\\/logo\\\/image\\\/\"}}]}<\/script>\n<!-- \/ Yoast SEO plugin. -->","yoast_head_json":{"title":"Centro de Ayuda - Authentic Pilates Center","robots":{"index":"index","follow":"follow","max-snippet":"max-snippet:-1","max-image-preview":"max-image-preview:large","max-video-preview":"max-video-preview:-1"},"canonical":"https:\/\/authenticpilatesonline.com\/es\/centro-de-ayuda\/","og_locale":"es_ES","og_type":"article","og_title":"Centro de Ayuda - Authentic Pilates Center","og_description":"\u00bfC\u00f3mo puedo cancelar mi suscripci\u00f3n? A continuaci\u00f3n, se detallan los pasos para cancelar su suscripci\u00f3n: Inicie sesi\u00f3n. Haga clic en &#8216;Mi Cuenta&#8217; en la esquina ... Leer m\u00e1s","og_url":"https:\/\/authenticpilatesonline.com\/es\/centro-de-ayuda\/","og_site_name":"Authentic Pilates Center","article_modified_time":"2025-04-13T00:40:39+00:00","twitter_card":"summary_large_image","twitter_misc":{"Tiempo de lectura":"1 minuto"},"schema":{"@context":"https:\/\/schema.org","@graph":[{"@type":"WebPage","@id":"https:\/\/authenticpilatesonline.com\/es\/centro-de-ayuda\/","url":"https:\/\/authenticpilatesonline.com\/es\/centro-de-ayuda\/","name":"Centro de Ayuda - Authentic Pilates Center","isPartOf":{"@id":"https:\/\/authenticpilatesonline.com\/es\/#website"},"datePublished":"2018-07-27T17:43:00+00:00","dateModified":"2025-04-13T00:40:39+00:00","breadcrumb":{"@id":"https:\/\/authenticpilatesonline.com\/es\/centro-de-ayuda\/#breadcrumb"},"inLanguage":"es","potentialAction":[{"@type":"ReadAction","target":["https:\/\/authenticpilatesonline.com\/es\/centro-de-ayuda\/"]}]},{"@type":"BreadcrumbList","@id":"https:\/\/authenticpilatesonline.com\/es\/centro-de-ayuda\/#breadcrumb","itemListElement":[{"@type":"ListItem","position":1,"name":"Home","item":"https:\/\/authenticpilatesonline.com\/es\/nueva-pagina-de-inicio\/"},{"@type":"ListItem","position":2,"name":"Centro de Ayuda"}]},{"@type":"WebSite","@id":"https:\/\/authenticpilatesonline.com\/es\/#website","url":"https:\/\/authenticpilatesonline.com\/es\/","name":"Authentic Pilates Center","description":"YOUR ACCESS TO CLASSICAL PILATES VIDEOS&lt;br&gt; ANYTIME, ANYWHERE","publisher":{"@id":"https:\/\/authenticpilatesonline.com\/es\/#organization"},"potentialAction":[{"@type":"SearchAction","target":{"@type":"EntryPoint","urlTemplate":"https:\/\/authenticpilatesonline.com\/es\/?s={search_term_string}"},"query-input":{"@type":"PropertyValueSpecification","valueRequired":true,"valueName":"search_term_string"}}],"inLanguage":"es"},{"@type":"Organization","@id":"https:\/\/authenticpilatesonline.com\/es\/#organization","name":"Authentic Pilates Center","url":"https:\/\/authenticpilatesonline.com\/es\/","logo":{"@type":"ImageObject","inLanguage":"es","@id":"https:\/\/authenticpilatesonline.com\/es\/#\/schema\/logo\/image\/","url":"https:\/\/authenticpilatesonline.com\/wp-content\/uploads\/2019\/12\/authentic-pilates-online-logo.png","contentUrl":"https:\/\/authenticpilatesonline.com\/wp-content\/uploads\/2019\/12\/authentic-pilates-online-logo.png","width":576,"height":150,"caption":"Authentic Pilates Center"},"image":{"@id":"https:\/\/authenticpilatesonline.com\/es\/#\/schema\/logo\/image\/"}}]}},"_links":{"self":[{"href":"https:\/\/authenticpilatesonline.com\/es\/wp-json\/wp\/v2\/pages\/38291","targetHints":{"allow":["GET"]}}],"collection":[{"href":"https:\/\/authenticpilatesonline.com\/es\/wp-json\/wp\/v2\/pages"}],"about":[{"href":"https:\/\/authenticpilatesonline.com\/es\/wp-json\/wp\/v2\/types\/page"}],"author":[{"embeddable":true,"href":"https:\/\/authenticpilatesonline.com\/es\/wp-json\/wp\/v2\/users\/1"}],"replies":[{"embeddable":true,"href":"https:\/\/authenticpilatesonline.com\/es\/wp-json\/wp\/v2\/comments?post=38291"}],"version-history":[{"count":1,"href":"https:\/\/authenticpilatesonline.com\/es\/wp-json\/wp\/v2\/pages\/38291\/revisions"}],"predecessor-version":[{"id":38294,"href":"https:\/\/authenticpilatesonline.com\/es\/wp-json\/wp\/v2\/pages\/38291\/revisions\/38294"}],"wp:attachment":[{"href":"https:\/\/authenticpilatesonline.com\/es\/wp-json\/wp\/v2\/media?parent=38291"}],"wp:term":[{"taxonomy":"page_layout","embeddable":true,"href":"https:\/\/authenticpilatesonline.com\/es\/wp-json\/wp\/v2\/page_layout?post=38291"}],"curies":[{"name":"wp","href":"https:\/\/api.w.org\/{rel}","templated":true}]}}