{"id":38313,"date":"2020-07-07T17:25:51","date_gmt":"2020-07-07T17:25:51","guid":{"rendered":"https:\/\/authenticpilatesonline.com\/grabacion-de-entrenamiento-de-pilates-en-colchoneta-en-linea\/"},"modified":"2025-04-13T00:41:17","modified_gmt":"2025-04-13T00:41:17","slug":"grabacion-de-entrenamiento-de-pilates-en-colchoneta-en-linea","status":"publish","type":"page","link":"https:\/\/authenticpilatesonline.com\/es\/grabacion-de-entrenamiento-de-pilates-en-colchoneta-en-linea\/","title":{"rendered":"Grabaci\u00f3n de Entrenamiento de Pilates en Colchoneta en L\u00ednea"},"content":{"rendered":"\n<h3 class=\"wp-block-heading\">D\u00eda 1<\/h3>\n\n<figure class=\"wp-block-embed-vimeo wp-block-embed is-type-video is-provider-vimeo wp-embed-aspect-16-9 wp-has-aspect-ratio\"><div class=\"wp-block-embed__wrapper\">\n<iframe loading=\"lazy\" src=\"https:\/\/player.vimeo.com\/video\/434149114?dnt=1&amp;app_id=122963\" width=\"1200\" height=\"675\" frameborder=\"0\" allow=\"autoplay; fullscreen; picture-in-picture; clipboard-write; encrypted-media\"><\/iframe>\n<\/div><\/figure>\n\n<h3 class=\"wp-block-heading\">D\u00eda 2<\/h3>\n\n<figure class=\"wp-block-embed-vimeo wp-block-embed is-type-video is-provider-vimeo wp-embed-aspect-16-9 wp-has-aspect-ratio\"><div class=\"wp-block-embed__wrapper\">\n<iframe loading=\"lazy\" src=\"https:\/\/player.vimeo.com\/video\/436091803?dnt=1&amp;app_id=122963\" width=\"1200\" height=\"675\" frameborder=\"0\" allow=\"autoplay; fullscreen; picture-in-picture; clipboard-write; encrypted-media\"><\/iframe>\n<\/div><\/figure>\n\n<h3 class=\"wp-block-heading\">D\u00eda 3<\/h3>\n\n<figure class=\"wp-block-embed-vimeo wp-block-embed is-type-video is-provider-vimeo wp-embed-aspect-16-9 wp-has-aspect-ratio\"><div class=\"wp-block-embed__wrapper\">\n<iframe loading=\"lazy\" src=\"https:\/\/player.vimeo.com\/video\/437489785?dnt=1&amp;app_id=122963\" width=\"1200\" height=\"675\" frameborder=\"0\" allow=\"autoplay; fullscreen; picture-in-picture; clipboard-write; encrypted-media\"><\/iframe>\n<\/div><\/figure>\n\n<h3 class=\"wp-block-heading\">D\u00eda 4<\/h3>\n\n<figure class=\"wp-block-embed-vimeo wp-block-embed is-type-video is-provider-vimeo wp-embed-aspect-16-9 wp-has-aspect-ratio\"><div class=\"wp-block-embed__wrapper\">\n<iframe loading=\"lazy\" src=\"https:\/\/player.vimeo.com\/video\/437580464?dnt=1&amp;app_id=122963\" width=\"1200\" height=\"675\" frameborder=\"0\" allow=\"autoplay; fullscreen; picture-in-picture; clipboard-write; encrypted-media\"><\/iframe>\n<\/div><\/figure>\n","protected":false},"excerpt":{"rendered":"<p>D\u00eda 1 D\u00eda 2 D\u00eda 3 D\u00eda 4<\/p>\n","protected":false},"author":3,"featured_media":0,"parent":0,"menu_order":0,"comment_status":"closed","ping_status":"closed","template":"","meta":{"__cvm_playback_settings":[],"__cvm_video_id":"","footnotes":""},"page_layout":[],"class_list":{"0":"post-38313","1":"page","2":"type-page","3":"status-publish","5":"infinite-scroll-item"},"yoast_head":"<!-- This site is optimized with the Yoast SEO plugin v27.3 - https:\/\/yoast.com\/product\/yoast-seo-wordpress\/ -->\n<title>Grabaci\u00f3n de Entrenamiento de Pilates en Colchoneta en L\u00ednea - Authentic Pilates Center<\/title>\n<meta name=\"robots\" content=\"index, follow, max-snippet:-1, max-image-preview:large, max-video-preview:-1\" \/>\n<link rel=\"canonical\" href=\"https:\/\/authenticpilatesonline.com\/es\/grabacion-de-entrenamiento-de-pilates-en-colchoneta-en-linea\/\" \/>\n<meta property=\"og:locale\" content=\"es_ES\" \/>\n<meta property=\"og:type\" content=\"article\" \/>\n<meta property=\"og:title\" content=\"Grabaci\u00f3n de Entrenamiento de Pilates en Colchoneta en L\u00ednea - Authentic Pilates Center\" \/>\n<meta property=\"og:description\" content=\"D\u00eda 1 D\u00eda 2 D\u00eda 3 D\u00eda 4\" \/>\n<meta property=\"og:url\" content=\"https:\/\/authenticpilatesonline.com\/es\/grabacion-de-entrenamiento-de-pilates-en-colchoneta-en-linea\/\" \/>\n<meta property=\"og:site_name\" content=\"Authentic Pilates Center\" \/>\n<meta property=\"article:modified_time\" content=\"2025-04-13T00:41:17+00:00\" \/>\n<meta name=\"twitter:card\" content=\"summary_large_image\" \/>\n<script type=\"application\/ld+json\" class=\"yoast-schema-graph\">{\"@context\":\"https:\\\/\\\/schema.org\",\"@graph\":[{\"@type\":\"WebPage\",\"@id\":\"https:\\\/\\\/authenticpilatesonline.com\\\/es\\\/grabacion-de-entrenamiento-de-pilates-en-colchoneta-en-linea\\\/\",\"url\":\"https:\\\/\\\/authenticpilatesonline.com\\\/es\\\/grabacion-de-entrenamiento-de-pilates-en-colchoneta-en-linea\\\/\",\"name\":\"Grabaci\u00f3n de Entrenamiento de Pilates en Colchoneta en L\u00ednea - Authentic Pilates Center\",\"isPartOf\":{\"@id\":\"https:\\\/\\\/authenticpilatesonline.com\\\/es\\\/#website\"},\"datePublished\":\"2020-07-07T17:25:51+00:00\",\"dateModified\":\"2025-04-13T00:41:17+00:00\",\"breadcrumb\":{\"@id\":\"https:\\\/\\\/authenticpilatesonline.com\\\/es\\\/grabacion-de-entrenamiento-de-pilates-en-colchoneta-en-linea\\\/#breadcrumb\"},\"inLanguage\":\"es\",\"potentialAction\":[{\"@type\":\"ReadAction\",\"target\":[\"https:\\\/\\\/authenticpilatesonline.com\\\/es\\\/grabacion-de-entrenamiento-de-pilates-en-colchoneta-en-linea\\\/\"]}]},{\"@type\":\"BreadcrumbList\",\"@id\":\"https:\\\/\\\/authenticpilatesonline.com\\\/es\\\/grabacion-de-entrenamiento-de-pilates-en-colchoneta-en-linea\\\/#breadcrumb\",\"itemListElement\":[{\"@type\":\"ListItem\",\"position\":1,\"name\":\"Home\",\"item\":\"https:\\\/\\\/authenticpilatesonline.com\\\/es\\\/nueva-pagina-de-inicio\\\/\"},{\"@type\":\"ListItem\",\"position\":2,\"name\":\"Grabaci\u00f3n de Entrenamiento de Pilates en Colchoneta en L\u00ednea\"}]},{\"@type\":\"WebSite\",\"@id\":\"https:\\\/\\\/authenticpilatesonline.com\\\/es\\\/#website\",\"url\":\"https:\\\/\\\/authenticpilatesonline.com\\\/es\\\/\",\"name\":\"Authentic Pilates Center\",\"description\":\"YOUR ACCESS TO CLASSICAL PILATES VIDEOS&lt;br&gt; ANYTIME, ANYWHERE\",\"publisher\":{\"@id\":\"https:\\\/\\\/authenticpilatesonline.com\\\/es\\\/#organization\"},\"potentialAction\":[{\"@type\":\"SearchAction\",\"target\":{\"@type\":\"EntryPoint\",\"urlTemplate\":\"https:\\\/\\\/authenticpilatesonline.com\\\/es\\\/?s={search_term_string}\"},\"query-input\":{\"@type\":\"PropertyValueSpecification\",\"valueRequired\":true,\"valueName\":\"search_term_string\"}}],\"inLanguage\":\"es\"},{\"@type\":\"Organization\",\"@id\":\"https:\\\/\\\/authenticpilatesonline.com\\\/es\\\/#organization\",\"name\":\"Authentic Pilates Center\",\"url\":\"https:\\\/\\\/authenticpilatesonline.com\\\/es\\\/\",\"logo\":{\"@type\":\"ImageObject\",\"inLanguage\":\"es\",\"@id\":\"https:\\\/\\\/authenticpilatesonline.com\\\/es\\\/#\\\/schema\\\/logo\\\/image\\\/\",\"url\":\"https:\\\/\\\/authenticpilatesonline.com\\\/wp-content\\\/uploads\\\/2019\\\/12\\\/authentic-pilates-online-logo.png\",\"contentUrl\":\"https:\\\/\\\/authenticpilatesonline.com\\\/wp-content\\\/uploads\\\/2019\\\/12\\\/authentic-pilates-online-logo.png\",\"width\":576,\"height\":150,\"caption\":\"Authentic Pilates Center\"},\"image\":{\"@id\":\"https:\\\/\\\/authenticpilatesonline.com\\\/es\\\/#\\\/schema\\\/logo\\\/image\\\/\"}}]}<\/script>\n<!-- \/ Yoast SEO plugin. -->","yoast_head_json":{"title":"Grabaci\u00f3n de Entrenamiento de Pilates en Colchoneta en L\u00ednea - Authentic Pilates Center","robots":{"index":"index","follow":"follow","max-snippet":"max-snippet:-1","max-image-preview":"max-image-preview:large","max-video-preview":"max-video-preview:-1"},"canonical":"https:\/\/authenticpilatesonline.com\/es\/grabacion-de-entrenamiento-de-pilates-en-colchoneta-en-linea\/","og_locale":"es_ES","og_type":"article","og_title":"Grabaci\u00f3n de Entrenamiento de Pilates en Colchoneta en L\u00ednea - Authentic Pilates Center","og_description":"D\u00eda 1 D\u00eda 2 D\u00eda 3 D\u00eda 4","og_url":"https:\/\/authenticpilatesonline.com\/es\/grabacion-de-entrenamiento-de-pilates-en-colchoneta-en-linea\/","og_site_name":"Authentic Pilates Center","article_modified_time":"2025-04-13T00:41:17+00:00","twitter_card":"summary_large_image","schema":{"@context":"https:\/\/schema.org","@graph":[{"@type":"WebPage","@id":"https:\/\/authenticpilatesonline.com\/es\/grabacion-de-entrenamiento-de-pilates-en-colchoneta-en-linea\/","url":"https:\/\/authenticpilatesonline.com\/es\/grabacion-de-entrenamiento-de-pilates-en-colchoneta-en-linea\/","name":"Grabaci\u00f3n de Entrenamiento de Pilates en Colchoneta en L\u00ednea - Authentic Pilates Center","isPartOf":{"@id":"https:\/\/authenticpilatesonline.com\/es\/#website"},"datePublished":"2020-07-07T17:25:51+00:00","dateModified":"2025-04-13T00:41:17+00:00","breadcrumb":{"@id":"https:\/\/authenticpilatesonline.com\/es\/grabacion-de-entrenamiento-de-pilates-en-colchoneta-en-linea\/#breadcrumb"},"inLanguage":"es","potentialAction":[{"@type":"ReadAction","target":["https:\/\/authenticpilatesonline.com\/es\/grabacion-de-entrenamiento-de-pilates-en-colchoneta-en-linea\/"]}]},{"@type":"BreadcrumbList","@id":"https:\/\/authenticpilatesonline.com\/es\/grabacion-de-entrenamiento-de-pilates-en-colchoneta-en-linea\/#breadcrumb","itemListElement":[{"@type":"ListItem","position":1,"name":"Home","item":"https:\/\/authenticpilatesonline.com\/es\/nueva-pagina-de-inicio\/"},{"@type":"ListItem","position":2,"name":"Grabaci\u00f3n de Entrenamiento de Pilates en Colchoneta en L\u00ednea"}]},{"@type":"WebSite","@id":"https:\/\/authenticpilatesonline.com\/es\/#website","url":"https:\/\/authenticpilatesonline.com\/es\/","name":"Authentic Pilates Center","description":"YOUR ACCESS TO CLASSICAL PILATES VIDEOS&lt;br&gt; ANYTIME, ANYWHERE","publisher":{"@id":"https:\/\/authenticpilatesonline.com\/es\/#organization"},"potentialAction":[{"@type":"SearchAction","target":{"@type":"EntryPoint","urlTemplate":"https:\/\/authenticpilatesonline.com\/es\/?s={search_term_string}"},"query-input":{"@type":"PropertyValueSpecification","valueRequired":true,"valueName":"search_term_string"}}],"inLanguage":"es"},{"@type":"Organization","@id":"https:\/\/authenticpilatesonline.com\/es\/#organization","name":"Authentic Pilates Center","url":"https:\/\/authenticpilatesonline.com\/es\/","logo":{"@type":"ImageObject","inLanguage":"es","@id":"https:\/\/authenticpilatesonline.com\/es\/#\/schema\/logo\/image\/","url":"https:\/\/authenticpilatesonline.com\/wp-content\/uploads\/2019\/12\/authentic-pilates-online-logo.png","contentUrl":"https:\/\/authenticpilatesonline.com\/wp-content\/uploads\/2019\/12\/authentic-pilates-online-logo.png","width":576,"height":150,"caption":"Authentic Pilates Center"},"image":{"@id":"https:\/\/authenticpilatesonline.com\/es\/#\/schema\/logo\/image\/"}}]}},"_links":{"self":[{"href":"https:\/\/authenticpilatesonline.com\/es\/wp-json\/wp\/v2\/pages\/38313","targetHints":{"allow":["GET"]}}],"collection":[{"href":"https:\/\/authenticpilatesonline.com\/es\/wp-json\/wp\/v2\/pages"}],"about":[{"href":"https:\/\/authenticpilatesonline.com\/es\/wp-json\/wp\/v2\/types\/page"}],"author":[{"embeddable":true,"href":"https:\/\/authenticpilatesonline.com\/es\/wp-json\/wp\/v2\/users\/3"}],"replies":[{"embeddable":true,"href":"https:\/\/authenticpilatesonline.com\/es\/wp-json\/wp\/v2\/comments?post=38313"}],"version-history":[{"count":1,"href":"https:\/\/authenticpilatesonline.com\/es\/wp-json\/wp\/v2\/pages\/38313\/revisions"}],"predecessor-version":[{"id":38319,"href":"https:\/\/authenticpilatesonline.com\/es\/wp-json\/wp\/v2\/pages\/38313\/revisions\/38319"}],"wp:attachment":[{"href":"https:\/\/authenticpilatesonline.com\/es\/wp-json\/wp\/v2\/media?parent=38313"}],"wp:term":[{"taxonomy":"page_layout","embeddable":true,"href":"https:\/\/authenticpilatesonline.com\/es\/wp-json\/wp\/v2\/page_layout?post=38313"}],"curies":[{"name":"wp","href":"https:\/\/api.w.org\/{rel}","templated":true}]}}