{"id":38314,"date":"2020-01-02T20:59:02","date_gmt":"2020-01-02T20:59:02","guid":{"rendered":"https:\/\/authenticpilatesonline.com\/erica-almodovar\/"},"modified":"2025-04-13T00:43:45","modified_gmt":"2025-04-13T00:43:45","slug":"erica-almodovar","status":"publish","type":"page","link":"https:\/\/authenticpilatesonline.com\/es\/acerca-de-nosotros\/erica-almodovar\/","title":{"rendered":"Erica Almodovar"},"content":{"rendered":"\n<div>\n<div class=\"gb-element-eb19173d\">\n<div class=\"gb-element-436c0af2\">\n<figure class=\"wp-block-image size-full\"><img loading=\"lazy\" decoding=\"async\" width=\"400\" height=\"500\" src=\"https:\/\/authenticpilatesonline.com\/wp-content\/uploads\/2025\/03\/Erica-Almodovar.webp\" alt=\"Erica Almodovar\" class=\"wp-image-33474\" srcset=\"https:\/\/authenticpilatesonline.com\/wp-content\/uploads\/2025\/03\/Erica-Almodovar.webp 400w, https:\/\/authenticpilatesonline.com\/wp-content\/uploads\/2025\/03\/Erica-Almodovar-240x300.webp 240w\" sizes=\"auto, (max-width: 400px) 100vw, 400px\" \/><\/figure>\n<\/div>\n\n\n\n<div>\n<p>Originaria de Brasil, Erica inici\u00f3 su experiencia en Pilates en 1999, \nestudiando bajo la supervisi\u00f3n de la Maestra Romana Kryzanowska y \nSari Mejia Santo. Recibi\u00f3 su certificaci\u00f3n en Pilates Aut\u00e9ntico \ndel Estudio de Pilates de Nueva York. En 2007, Erica estudi\u00f3 con Bob \nLiekens en Power Pilates en Nueva York, completando el programa \nPilates Bridge.  <\/p>\n\n\n\n<p>Antes de unirse al Centro de Aprendizaje de Pilates Aut\u00e9ntico, Erica abri\u00f3 y \ngestion\u00f3 tres estudios de Pilates para CAN DO Fitness Clubs, contratando, \nmentorizando y supervisando a m\u00e1s de 20 instructores de Pilates \nformados en el m\u00e9todo cl\u00e1sico. Cuenta con m\u00e1s de 25 a\u00f1os de experiencia en la industria de la danza y \nel fitness, ha estudiado en The Ailey School en Nueva York, en la Escuela de \nBallet Yukiko en Kioto, Jap\u00f3n, y ha ense\u00f1ado y actuado con \ncompa\u00f1\u00edas de danza en Brasil, Jap\u00f3n y Estados Unidos. \nPosee m\u00faltiples certificaciones en fitness, es la creadora del programa \neBarre, y ha impartido numerosos talleres y clases magistrales en todo\n el pa\u00eds.  <\/p>\n<\/div>\n<\/div>\n<\/div>\n\n<div class=\"wp-block-columns is-layout-flex wp-container-core-columns-is-layout-9d6595d7 wp-block-columns-is-layout-flex\">\n<div class=\"wp-block-column is-layout-flow wp-block-column-is-layout-flow\" style=\"flex-basis:33.33%\"><\/div>\n\n\n\n<div class=\"wp-block-column is-layout-flow wp-block-column-is-layout-flow\" style=\"flex-basis:66.66%\"><\/div>\n<\/div>\n","protected":false},"excerpt":{"rendered":"<p>Originaria de Brasil, Erica inici\u00f3 su experiencia en Pilates en 1999, estudiando bajo la supervisi\u00f3n de la Maestra Romana Kryzanowska y Sari Mejia Santo. Recibi\u00f3 &#8230; <a title=\"Erica Almodovar\" class=\"read-more\" href=\"https:\/\/authenticpilatesonline.com\/es\/acerca-de-nosotros\/erica-almodovar\/\" aria-label=\"Leer m\u00e1s sobre Erica Almodovar\">Leer m\u00e1s<\/a><\/p>\n","protected":false},"author":3,"featured_media":0,"parent":38417,"menu_order":0,"comment_status":"closed","ping_status":"closed","template":"","meta":{"__cvm_playback_settings":[],"__cvm_video_id":"","footnotes":""},"page_layout":[],"class_list":{"0":"post-38314","1":"page","2":"type-page","3":"status-publish","5":"infinite-scroll-item"},"yoast_head":"<!-- This site is optimized with the Yoast SEO plugin v27.3 - https:\/\/yoast.com\/product\/yoast-seo-wordpress\/ -->\n<title>Erica Almodovar - Authentic Pilates Center<\/title>\n<meta name=\"robots\" content=\"index, follow, max-snippet:-1, max-image-preview:large, max-video-preview:-1\" \/>\n<link rel=\"canonical\" href=\"https:\/\/authenticpilatesonline.com\/es\/acerca-de-nosotros\/erica-almodovar\/\" \/>\n<meta property=\"og:locale\" content=\"es_ES\" \/>\n<meta property=\"og:type\" content=\"article\" \/>\n<meta property=\"og:title\" content=\"Erica Almodovar - Authentic Pilates Center\" \/>\n<meta property=\"og:description\" content=\"Originaria de Brasil, Erica inici\u00f3 su experiencia en Pilates en 1999, estudiando bajo la supervisi\u00f3n de la Maestra Romana Kryzanowska y Sari Mejia Santo. Recibi\u00f3 ... Leer m\u00e1s\" \/>\n<meta property=\"og:url\" content=\"https:\/\/authenticpilatesonline.com\/es\/acerca-de-nosotros\/erica-almodovar\/\" \/>\n<meta property=\"og:site_name\" content=\"Authentic Pilates Center\" \/>\n<meta property=\"article:modified_time\" content=\"2025-04-13T00:43:45+00:00\" \/>\n<meta property=\"og:image\" content=\"https:\/\/authenticpilatesonline.com\/wp-content\/uploads\/2025\/03\/Erica-Almodovar.webp\" \/>\n\t<meta property=\"og:image:width\" content=\"400\" \/>\n\t<meta property=\"og:image:height\" content=\"500\" \/>\n\t<meta property=\"og:image:type\" content=\"image\/webp\" \/>\n<meta name=\"twitter:card\" content=\"summary_large_image\" \/>\n<meta name=\"twitter:label1\" content=\"Tiempo de lectura\" \/>\n\t<meta name=\"twitter:data1\" content=\"1 minuto\" \/>\n<script type=\"application\/ld+json\" class=\"yoast-schema-graph\">{\"@context\":\"https:\\\/\\\/schema.org\",\"@graph\":[{\"@type\":\"WebPage\",\"@id\":\"https:\\\/\\\/authenticpilatesonline.com\\\/es\\\/acerca-de-nosotros\\\/erica-almodovar\\\/\",\"url\":\"https:\\\/\\\/authenticpilatesonline.com\\\/es\\\/acerca-de-nosotros\\\/erica-almodovar\\\/\",\"name\":\"Erica Almodovar - Authentic Pilates Center\",\"isPartOf\":{\"@id\":\"https:\\\/\\\/authenticpilatesonline.com\\\/es\\\/#website\"},\"primaryImageOfPage\":{\"@id\":\"https:\\\/\\\/authenticpilatesonline.com\\\/es\\\/acerca-de-nosotros\\\/erica-almodovar\\\/#primaryimage\"},\"image\":{\"@id\":\"https:\\\/\\\/authenticpilatesonline.com\\\/es\\\/acerca-de-nosotros\\\/erica-almodovar\\\/#primaryimage\"},\"thumbnailUrl\":\"https:\\\/\\\/authenticpilatesonline.com\\\/wp-content\\\/uploads\\\/2025\\\/03\\\/Erica-Almodovar.webp\",\"datePublished\":\"2020-01-02T20:59:02+00:00\",\"dateModified\":\"2025-04-13T00:43:45+00:00\",\"breadcrumb\":{\"@id\":\"https:\\\/\\\/authenticpilatesonline.com\\\/es\\\/acerca-de-nosotros\\\/erica-almodovar\\\/#breadcrumb\"},\"inLanguage\":\"es\",\"potentialAction\":[{\"@type\":\"ReadAction\",\"target\":[\"https:\\\/\\\/authenticpilatesonline.com\\\/es\\\/acerca-de-nosotros\\\/erica-almodovar\\\/\"]}]},{\"@type\":\"ImageObject\",\"inLanguage\":\"es\",\"@id\":\"https:\\\/\\\/authenticpilatesonline.com\\\/es\\\/acerca-de-nosotros\\\/erica-almodovar\\\/#primaryimage\",\"url\":\"https:\\\/\\\/authenticpilatesonline.com\\\/wp-content\\\/uploads\\\/2025\\\/03\\\/Erica-Almodovar.webp\",\"contentUrl\":\"https:\\\/\\\/authenticpilatesonline.com\\\/wp-content\\\/uploads\\\/2025\\\/03\\\/Erica-Almodovar.webp\"},{\"@type\":\"BreadcrumbList\",\"@id\":\"https:\\\/\\\/authenticpilatesonline.com\\\/es\\\/acerca-de-nosotros\\\/erica-almodovar\\\/#breadcrumb\",\"itemListElement\":[{\"@type\":\"ListItem\",\"position\":1,\"name\":\"Home\",\"item\":\"https:\\\/\\\/authenticpilatesonline.com\\\/es\\\/nueva-pagina-de-inicio\\\/\"},{\"@type\":\"ListItem\",\"position\":2,\"name\":\"Acerca de nosotros\",\"item\":\"https:\\\/\\\/authenticpilatesonline.com\\\/es\\\/acerca-de-nosotros\\\/\"},{\"@type\":\"ListItem\",\"position\":3,\"name\":\"Erica Almodovar\"}]},{\"@type\":\"WebSite\",\"@id\":\"https:\\\/\\\/authenticpilatesonline.com\\\/es\\\/#website\",\"url\":\"https:\\\/\\\/authenticpilatesonline.com\\\/es\\\/\",\"name\":\"Authentic Pilates Center\",\"description\":\"YOUR ACCESS TO CLASSICAL PILATES VIDEOS&lt;br&gt; ANYTIME, ANYWHERE\",\"publisher\":{\"@id\":\"https:\\\/\\\/authenticpilatesonline.com\\\/es\\\/#organization\"},\"potentialAction\":[{\"@type\":\"SearchAction\",\"target\":{\"@type\":\"EntryPoint\",\"urlTemplate\":\"https:\\\/\\\/authenticpilatesonline.com\\\/es\\\/?s={search_term_string}\"},\"query-input\":{\"@type\":\"PropertyValueSpecification\",\"valueRequired\":true,\"valueName\":\"search_term_string\"}}],\"inLanguage\":\"es\"},{\"@type\":\"Organization\",\"@id\":\"https:\\\/\\\/authenticpilatesonline.com\\\/es\\\/#organization\",\"name\":\"Authentic Pilates Center\",\"url\":\"https:\\\/\\\/authenticpilatesonline.com\\\/es\\\/\",\"logo\":{\"@type\":\"ImageObject\",\"inLanguage\":\"es\",\"@id\":\"https:\\\/\\\/authenticpilatesonline.com\\\/es\\\/#\\\/schema\\\/logo\\\/image\\\/\",\"url\":\"https:\\\/\\\/authenticpilatesonline.com\\\/wp-content\\\/uploads\\\/2019\\\/12\\\/authentic-pilates-online-logo.png\",\"contentUrl\":\"https:\\\/\\\/authenticpilatesonline.com\\\/wp-content\\\/uploads\\\/2019\\\/12\\\/authentic-pilates-online-logo.png\",\"width\":576,\"height\":150,\"caption\":\"Authentic Pilates Center\"},\"image\":{\"@id\":\"https:\\\/\\\/authenticpilatesonline.com\\\/es\\\/#\\\/schema\\\/logo\\\/image\\\/\"}}]}<\/script>\n<!-- \/ Yoast SEO plugin. -->","yoast_head_json":{"title":"Erica Almodovar - Authentic Pilates Center","robots":{"index":"index","follow":"follow","max-snippet":"max-snippet:-1","max-image-preview":"max-image-preview:large","max-video-preview":"max-video-preview:-1"},"canonical":"https:\/\/authenticpilatesonline.com\/es\/acerca-de-nosotros\/erica-almodovar\/","og_locale":"es_ES","og_type":"article","og_title":"Erica Almodovar - Authentic Pilates Center","og_description":"Originaria de Brasil, Erica inici\u00f3 su experiencia en Pilates en 1999, estudiando bajo la supervisi\u00f3n de la Maestra Romana Kryzanowska y Sari Mejia Santo. Recibi\u00f3 ... Leer m\u00e1s","og_url":"https:\/\/authenticpilatesonline.com\/es\/acerca-de-nosotros\/erica-almodovar\/","og_site_name":"Authentic Pilates Center","article_modified_time":"2025-04-13T00:43:45+00:00","og_image":[{"width":400,"height":500,"url":"https:\/\/authenticpilatesonline.com\/wp-content\/uploads\/2025\/03\/Erica-Almodovar.webp","type":"image\/webp"}],"twitter_card":"summary_large_image","twitter_misc":{"Tiempo de lectura":"1 minuto"},"schema":{"@context":"https:\/\/schema.org","@graph":[{"@type":"WebPage","@id":"https:\/\/authenticpilatesonline.com\/es\/acerca-de-nosotros\/erica-almodovar\/","url":"https:\/\/authenticpilatesonline.com\/es\/acerca-de-nosotros\/erica-almodovar\/","name":"Erica Almodovar - Authentic Pilates Center","isPartOf":{"@id":"https:\/\/authenticpilatesonline.com\/es\/#website"},"primaryImageOfPage":{"@id":"https:\/\/authenticpilatesonline.com\/es\/acerca-de-nosotros\/erica-almodovar\/#primaryimage"},"image":{"@id":"https:\/\/authenticpilatesonline.com\/es\/acerca-de-nosotros\/erica-almodovar\/#primaryimage"},"thumbnailUrl":"https:\/\/authenticpilatesonline.com\/wp-content\/uploads\/2025\/03\/Erica-Almodovar.webp","datePublished":"2020-01-02T20:59:02+00:00","dateModified":"2025-04-13T00:43:45+00:00","breadcrumb":{"@id":"https:\/\/authenticpilatesonline.com\/es\/acerca-de-nosotros\/erica-almodovar\/#breadcrumb"},"inLanguage":"es","potentialAction":[{"@type":"ReadAction","target":["https:\/\/authenticpilatesonline.com\/es\/acerca-de-nosotros\/erica-almodovar\/"]}]},{"@type":"ImageObject","inLanguage":"es","@id":"https:\/\/authenticpilatesonline.com\/es\/acerca-de-nosotros\/erica-almodovar\/#primaryimage","url":"https:\/\/authenticpilatesonline.com\/wp-content\/uploads\/2025\/03\/Erica-Almodovar.webp","contentUrl":"https:\/\/authenticpilatesonline.com\/wp-content\/uploads\/2025\/03\/Erica-Almodovar.webp"},{"@type":"BreadcrumbList","@id":"https:\/\/authenticpilatesonline.com\/es\/acerca-de-nosotros\/erica-almodovar\/#breadcrumb","itemListElement":[{"@type":"ListItem","position":1,"name":"Home","item":"https:\/\/authenticpilatesonline.com\/es\/nueva-pagina-de-inicio\/"},{"@type":"ListItem","position":2,"name":"Acerca de nosotros","item":"https:\/\/authenticpilatesonline.com\/es\/acerca-de-nosotros\/"},{"@type":"ListItem","position":3,"name":"Erica Almodovar"}]},{"@type":"WebSite","@id":"https:\/\/authenticpilatesonline.com\/es\/#website","url":"https:\/\/authenticpilatesonline.com\/es\/","name":"Authentic Pilates Center","description":"YOUR ACCESS TO CLASSICAL PILATES VIDEOS&lt;br&gt; ANYTIME, ANYWHERE","publisher":{"@id":"https:\/\/authenticpilatesonline.com\/es\/#organization"},"potentialAction":[{"@type":"SearchAction","target":{"@type":"EntryPoint","urlTemplate":"https:\/\/authenticpilatesonline.com\/es\/?s={search_term_string}"},"query-input":{"@type":"PropertyValueSpecification","valueRequired":true,"valueName":"search_term_string"}}],"inLanguage":"es"},{"@type":"Organization","@id":"https:\/\/authenticpilatesonline.com\/es\/#organization","name":"Authentic Pilates Center","url":"https:\/\/authenticpilatesonline.com\/es\/","logo":{"@type":"ImageObject","inLanguage":"es","@id":"https:\/\/authenticpilatesonline.com\/es\/#\/schema\/logo\/image\/","url":"https:\/\/authenticpilatesonline.com\/wp-content\/uploads\/2019\/12\/authentic-pilates-online-logo.png","contentUrl":"https:\/\/authenticpilatesonline.com\/wp-content\/uploads\/2019\/12\/authentic-pilates-online-logo.png","width":576,"height":150,"caption":"Authentic Pilates Center"},"image":{"@id":"https:\/\/authenticpilatesonline.com\/es\/#\/schema\/logo\/image\/"}}]}},"_links":{"self":[{"href":"https:\/\/authenticpilatesonline.com\/es\/wp-json\/wp\/v2\/pages\/38314","targetHints":{"allow":["GET"]}}],"collection":[{"href":"https:\/\/authenticpilatesonline.com\/es\/wp-json\/wp\/v2\/pages"}],"about":[{"href":"https:\/\/authenticpilatesonline.com\/es\/wp-json\/wp\/v2\/types\/page"}],"author":[{"embeddable":true,"href":"https:\/\/authenticpilatesonline.com\/es\/wp-json\/wp\/v2\/users\/3"}],"replies":[{"embeddable":true,"href":"https:\/\/authenticpilatesonline.com\/es\/wp-json\/wp\/v2\/comments?post=38314"}],"version-history":[{"count":1,"href":"https:\/\/authenticpilatesonline.com\/es\/wp-json\/wp\/v2\/pages\/38314\/revisions"}],"predecessor-version":[{"id":38318,"href":"https:\/\/authenticpilatesonline.com\/es\/wp-json\/wp\/v2\/pages\/38314\/revisions\/38318"}],"up":[{"embeddable":true,"href":"https:\/\/authenticpilatesonline.com\/es\/wp-json\/wp\/v2\/pages\/38417"}],"wp:attachment":[{"href":"https:\/\/authenticpilatesonline.com\/es\/wp-json\/wp\/v2\/media?parent=38314"}],"wp:term":[{"taxonomy":"page_layout","embeddable":true,"href":"https:\/\/authenticpilatesonline.com\/es\/wp-json\/wp\/v2\/page_layout?post=38314"}],"curies":[{"name":"wp","href":"https:\/\/api.w.org\/{rel}","templated":true}]}}