{"id":38323,"date":"2019-07-12T15:26:00","date_gmt":"2019-07-12T15:26:00","guid":{"rendered":"https:\/\/authenticpilatesonline.com\/pilates-clasico-en-cualquier-momento-y-lugar\/"},"modified":"2025-06-16T16:17:53","modified_gmt":"2025-06-16T16:17:53","slug":"pilates-clasico-en-cualquier-momento-y-lugar","status":"publish","type":"page","link":"https:\/\/authenticpilatesonline.com\/es\/pilates-clasico-en-cualquier-momento-y-lugar\/","title":{"rendered":"Pilates Cl\u00e1sico en cualquier momento y lugar"},"content":{"rendered":"<div class=\"gb-container gb-container-120839be section-full-width-outer\">\n<div class=\"gb-container gb-container-18d357e8\">\n\n<h1 class=\"gb-headline gb-headline-2136f87c gb-headline-text\">Pilates Cl\u00e1sico en cualquier momento y lugar<\/h1>\n\n\n\n<p class=\"gb-headline gb-headline-f4149a72 gb-headline-text\">\u00a1Comience con una prueba gratuita de 14 d\u00edas!<\/p>\n\n\n\n<p class=\"gb-headline gb-headline-765a5e34 gb-headline-text\">Sin riesgos, cancele en l\u00ednea en cualquier momento<\/p>\n\n<\/div>\n\n<div class=\"gb-container gb-container-b6dbcd3d\">\n<div class=\"gb-grid-wrapper gb-grid-wrapper-72cbf921\">\n<div class=\"gb-grid-column gb-grid-column-6ca8408a\"><div class=\"gb-container gb-container-6ca8408a\">\n\n<h3 class=\"gb-headline gb-headline-80f30dac gb-headline-text\">Suscripci\u00f3n mensual<\/h3>\n\n\n\n<hr class=\"wp-block-separator has-alpha-channel-opacity\"\/>\n\n\n\n<h3 class=\"gb-headline gb-headline-8b01149b gb-headline-text\">24,99 $ (USD)<\/h3>\n\n\n\n<p class=\"gb-headline gb-headline-39ea75d9 gb-headline-text prgph-primary\">Por mes<\/p>\n\n\n\n<p class=\"gb-headline gb-headline-69a70a25\"><span class=\"gb-icon\"><svg xmlns=\"http:\/\/www.w3.org\/2000\/svg\" class=\"icon flat-color\" data-name=\"Flat Color\" id=\"check-mark-circle-2\" viewbox=\"0 0 24 24\" fill=\"#000000\"><g stroke-width=\"0\" id=\"SVGRepo_bgCarrier\"><\/g><g stroke-linejoin=\"round\" stroke-linecap=\"round\" id=\"SVGRepo_tracerCarrier\"><\/g><g id=\"SVGRepo_iconCarrier\"><path style=\"fill: #50D57B;\" d=\"M13.41,15.41a2,2,0,0,1-2.83,0l-4-4a2,2,0,0,1,0-2.83,2,2,0,0,1,2.82,0L12,11.17l6.63-6.63a10,10,0,1,0,3.15,9.53,9.87,9.87,0,0,0-.73-6.29Z\" id=\"primary\"><\/path><path style=\"fill: #ffffff;\" d=\"M12,15a1,1,0,0,1-.71-.29l-4-4A1,1,0,1,1,8.71,9.29L12,12.59l8.29-8.3a1,1,0,1,1,1.42,1.42l-9,9A1,1,0,0,1,12,15Z\" id=\"secondary\"><\/path><\/g><\/svg><\/span><span class=\"gb-headline-text\">Acceso completo a entrenamientos y tutoriales<\/span><\/p>\n\n\n\n<p class=\"gb-headline gb-headline-d224b743\"><span class=\"gb-icon\"><svg xmlns=\"http:\/\/www.w3.org\/2000\/svg\" class=\"icon flat-color\" data-name=\"Flat Color\" id=\"check-mark-circle-2\" viewbox=\"0 0 24 24\" fill=\"#000000\"><g stroke-width=\"0\" id=\"SVGRepo_bgCarrier\"><\/g><g stroke-linejoin=\"round\" stroke-linecap=\"round\" id=\"SVGRepo_tracerCarrier\"><\/g><g id=\"SVGRepo_iconCarrier\"><path style=\"fill: #50D57B;\" d=\"M13.41,15.41a2,2,0,0,1-2.83,0l-4-4a2,2,0,0,1,0-2.83,2,2,0,0,1,2.82,0L12,11.17l6.63-6.63a10,10,0,1,0,3.15,9.53,9.87,9.87,0,0,0-.73-6.29Z\" id=\"primary\"><\/path><path style=\"fill: #ffffff;\" d=\"M12,15a1,1,0,0,1-.71-.29l-4-4A1,1,0,1,1,8.71,9.29L12,12.59l8.29-8.3a1,1,0,1,1,1.42,1.42l-9,9A1,1,0,0,1,12,15Z\" id=\"secondary\"><\/path><\/g><\/svg><\/span><span class=\"gb-headline-text\">14 d\u00edas gratis, luego 24,99 $\/mes<\/span><\/p>\n\n\n\n<a class=\"gb-button gb-button-d8dc56e2 gb-button-text btn-primary\" href=\"https:\/\/authenticpilatesonline.com\/es\/finalizar-compra\/?add-to-cart=1280\">Inicie su prueba gratuita de 14 d\u00edas<\/a>\n\n<\/div><\/div>\n\n<div class=\"gb-grid-column gb-grid-column-67b535be\"><div class=\"gb-container gb-container-67b535be\">\n\n<h3 class=\"gb-headline gb-headline-9b3a1231 gb-headline-text\">Suscripci\u00f3n anual<\/h3>\n\n\n\n<hr class=\"wp-block-separator has-text-color has-base-4-color has-alpha-channel-opacity has-base-4-background-color has-background\"\/>\n\n\n\n<h3 class=\"gb-headline gb-headline-21d99256 gb-headline-text\">240,00 $(USD)<\/h3>\n\n\n\n<p class=\"gb-headline gb-headline-bfede07f gb-headline-text prgph-primary\">Por a\u00f1o (\u00a120% de descuento!)<\/p>\n\n\n\n<p class=\"gb-headline gb-headline-9eb4424d\"><span class=\"gb-icon\"><svg xmlns=\"http:\/\/www.w3.org\/2000\/svg\" class=\"icon flat-color\" data-name=\"Flat Color\" id=\"check-mark-circle-2\" viewbox=\"0 0 24 24\" fill=\"#000000\"><g stroke-width=\"0\" id=\"SVGRepo_bgCarrier\"><\/g><g stroke-linejoin=\"round\" stroke-linecap=\"round\" id=\"SVGRepo_tracerCarrier\"><\/g><g id=\"SVGRepo_iconCarrier\"><path style=\"fill: #50D57B;\" d=\"M13.41,15.41a2,2,0,0,1-2.83,0l-4-4a2,2,0,0,1,0-2.83,2,2,0,0,1,2.82,0L12,11.17l6.63-6.63a10,10,0,1,0,3.15,9.53,9.87,9.87,0,0,0-.73-6.29Z\" id=\"primary\"><\/path><path style=\"fill: #ffffff;\" d=\"M12,15a1,1,0,0,1-.71-.29l-4-4A1,1,0,1,1,8.71,9.29L12,12.59l8.29-8.3a1,1,0,1,1,1.42,1.42l-9,9A1,1,0,0,1,12,15Z\" id=\"secondary\"><\/path><\/g><\/svg><\/span><span class=\"gb-headline-text\">Mejor valor<\/span><\/p>\n\n\n\n<p class=\"gb-headline gb-headline-2e55fe87\"><span class=\"gb-icon\"><svg xmlns=\"http:\/\/www.w3.org\/2000\/svg\" class=\"icon flat-color\" data-name=\"Flat Color\" id=\"check-mark-circle-2\" viewbox=\"0 0 24 24\" fill=\"#000000\"><g stroke-width=\"0\" id=\"SVGRepo_bgCarrier\"><\/g><g stroke-linejoin=\"round\" stroke-linecap=\"round\" id=\"SVGRepo_tracerCarrier\"><\/g><g id=\"SVGRepo_iconCarrier\"><path style=\"fill: #50D57B;\" d=\"M13.41,15.41a2,2,0,0,1-2.83,0l-4-4a2,2,0,0,1,0-2.83,2,2,0,0,1,2.82,0L12,11.17l6.63-6.63a10,10,0,1,0,3.15,9.53,9.87,9.87,0,0,0-.73-6.29Z\" id=\"primary\"><\/path><path style=\"fill: #ffffff;\" d=\"M12,15a1,1,0,0,1-.71-.29l-4-4A1,1,0,1,1,8.71,9.29L12,12.59l8.29-8.3a1,1,0,1,1,1.42,1.42l-9,9A1,1,0,0,1,12,15Z\" id=\"secondary\"><\/path><\/g><\/svg><\/span><span class=\"gb-headline-text\">14 d\u00edas gratis, luego 240 $\/a\u00f1o<\/span><\/p>\n\n\n\n<a class=\"gb-button gb-button-37bdfda7 gb-button-text btn-primary\" href=\"https:\/\/authenticpilatesonline.com\/es\/finalizar-compra\/?add-to-cart=1281\">Inicie su prueba gratuita de 14 d\u00edas<\/a>\n\n<\/div><\/div>\n<\/div>\n<\/div>\n<\/div><div class=\"gb-container gb-container-3edebde4 section-full-width-outer\">\n<div class=\"gb-container gb-container-9d8ed5ab\">\n\n<h2 class=\"gb-headline gb-headline-1fdfb477 gb-headline-text\">C\u00f3mo funciona<\/h2>\n\n<\/div>\n\n<div class=\"gb-container gb-container-d09f39fd\">\n<div class=\"gb-grid-wrapper gb-grid-wrapper-e3ad8bc3\">\n<div class=\"gb-grid-column gb-grid-column-9dcdada2\"><div class=\"gb-container gb-container-9dcdada2\">\n\n<figure class=\"gb-block-image gb-block-image-44f8b4be\"><img loading=\"lazy\" decoding=\"async\" width=\"70\" height=\"70\" class=\"gb-image gb-image-44f8b4be\" src=\"https:\/\/authenticpilatesonline.com\/wp-content\/uploads\/2025\/03\/Workout.png\" alt=\"\" title=\"Entrenamiento\"><\/figure>\n\n\n\n<h3 class=\"gb-headline gb-headline-1dc171c7 gb-headline-text\">Entrenamiento<\/h3>\n\n\n\n<p class=\"gb-headline gb-headline-30d1d32a gb-headline-text prgph-primary\">Encuentre un v\u00eddeo de entrenamiento basado en el tiempo que disponga o el aparato que tenga disponible. \u00a1P\u00f3ngase en movimiento con Pilates! <\/p>\n\n<\/div><\/div>\n\n<div class=\"gb-grid-column gb-grid-column-875f1688\"><div class=\"gb-container gb-container-875f1688\">\n\n<figure class=\"gb-block-image gb-block-image-147c1791\"><img loading=\"lazy\" decoding=\"async\" width=\"70\" height=\"70\" class=\"gb-image gb-image-147c1791\" src=\"https:\/\/authenticpilatesonline.com\/wp-content\/uploads\/2025\/03\/Learn.png\" alt=\"\" title=\"Aprender\"><\/figure>\n\n\n\n<h3 class=\"gb-headline gb-headline-082b59a5 gb-headline-text\">Aprender<\/h3>\n\n\n\n<p class=\"gb-headline gb-headline-a1c1c39b gb-headline-text prgph-primary\">Explore nuestra extensa biblioteca de tutoriales de ense\u00f1anza para encontrar formas de dirigir, observar y modificar cualquier ejercicio de Pilates cl\u00e1sico.<\/p>\n\n<\/div><\/div>\n\n<div class=\"gb-grid-column gb-grid-column-c786c3f3\"><div class=\"gb-container gb-container-c786c3f3\">\n\n<figure class=\"gb-block-image gb-block-image-b440d669\"><img loading=\"lazy\" decoding=\"async\" width=\"70\" height=\"70\" class=\"gb-image gb-image-b440d669\" src=\"https:\/\/authenticpilatesonline.com\/wp-content\/uploads\/2025\/03\/Build-Programs.png\" alt=\"\" title=\"Crear-Programas\"><\/figure>\n\n\n\n<h3 class=\"gb-headline gb-headline-7950cdc0 gb-headline-text\">Crear programas<\/h3>\n\n\n\n<p class=\"gb-headline gb-headline-00cd6cb8 gb-headline-text prgph-primary\">Utilice los v\u00eddeos para crear programas personalizados para sus clientes basados en su nivel, condici\u00f3n f\u00edsica y objetivos.&nbsp;<\/p>\n\n<\/div><\/div>\n<\/div>\n<\/div>\n\n<div class=\"gb-container gb-container-4840de58\">\n\n<p class=\"gb-headline gb-headline-6cfc9569\"><span class=\"gb-icon\"><svg xmlns=\"http:\/\/www.w3.org\/2000\/svg\" class=\"icon flat-color\" data-name=\"Flat Color\" id=\"check-mark-circle-2\" viewbox=\"0 0 24 24\" fill=\"#000000\"><g stroke-width=\"0\" id=\"SVGRepo_bgCarrier\"><\/g><g stroke-linejoin=\"round\" stroke-linecap=\"round\" id=\"SVGRepo_tracerCarrier\"><\/g><g id=\"SVGRepo_iconCarrier\"><path style=\"fill: #50D57B;\" d=\"M13.41,15.41a2,2,0,0,1-2.83,0l-4-4a2,2,0,0,1,0-2.83,2,2,0,0,1,2.82,0L12,11.17l6.63-6.63a10,10,0,1,0,3.15,9.53,9.87,9.87,0,0,0-.73-6.29Z\" id=\"primary\"><\/path><path style=\"fill: #ffffff;\" d=\"M12,15a1,1,0,0,1-.71-.29l-4-4A1,1,0,1,1,8.71,9.29L12,12.59l8.29-8.3a1,1,0,1,1,1.42,1.42l-9,9A1,1,0,0,1,12,15Z\" id=\"secondary\"><\/path><\/g><\/svg><\/span><span class=\"gb-headline-text\">Acceso 24\/7: Obtenga acceso a instructores de Pilates de segunda generaci\u00f3n de clase mundial sin necesidad de viajar a ning\u00fan lugar.<\/span><\/p>\n\n\n\n<p class=\"gb-headline gb-headline-1afd9c9c\"><span class=\"gb-icon\"><svg xmlns=\"http:\/\/www.w3.org\/2000\/svg\" class=\"icon flat-color\" data-name=\"Flat Color\" id=\"check-mark-circle-2\" viewbox=\"0 0 24 24\" fill=\"#000000\"><g stroke-width=\"0\" id=\"SVGRepo_bgCarrier\"><\/g><g stroke-linejoin=\"round\" stroke-linecap=\"round\" id=\"SVGRepo_tracerCarrier\"><\/g><g id=\"SVGRepo_iconCarrier\"><path style=\"fill: #50D57B;\" d=\"M13.41,15.41a2,2,0,0,1-2.83,0l-4-4a2,2,0,0,1,0-2.83,2,2,0,0,1,2.82,0L12,11.17l6.63-6.63a10,10,0,1,0,3.15,9.53,9.87,9.87,0,0,0-.73-6.29Z\" id=\"primary\"><\/path><path style=\"fill: #ffffff;\" d=\"M12,15a1,1,0,0,1-.71-.29l-4-4A1,1,0,1,1,8.71,9.29L12,12.59l8.29-8.3a1,1,0,1,1,1.42,1.42l-9,9A1,1,0,0,1,12,15Z\" id=\"secondary\"><\/path><\/g><\/svg><\/span><span class=\"gb-headline-text\">Usted tiene el control: Cancele o pause su suscripci\u00f3n en l\u00ednea en cualquier momento.&nbsp;<\/span><\/p>\n\n\n\n<p class=\"gb-headline gb-headline-5abda73a\"><span class=\"gb-icon\"><svg xmlns=\"http:\/\/www.w3.org\/2000\/svg\" class=\"icon flat-color\" data-name=\"Flat Color\" id=\"check-mark-circle-2\" viewbox=\"0 0 24 24\" fill=\"#000000\"><g stroke-width=\"0\" id=\"SVGRepo_bgCarrier\"><\/g><g stroke-linejoin=\"round\" stroke-linecap=\"round\" id=\"SVGRepo_tracerCarrier\"><\/g><g id=\"SVGRepo_iconCarrier\"><path style=\"fill: #50D57B;\" d=\"M13.41,15.41a2,2,0,0,1-2.83,0l-4-4a2,2,0,0,1,0-2.83,2,2,0,0,1,2.82,0L12,11.17l6.63-6.63a10,10,0,1,0,3.15,9.53,9.87,9.87,0,0,0-.73-6.29Z\" id=\"primary\"><\/path><path style=\"fill: #ffffff;\" d=\"M12,15a1,1,0,0,1-.71-.29l-4-4A1,1,0,1,1,8.71,9.29L12,12.59l8.29-8.3a1,1,0,1,1,1.42,1.42l-9,9A1,1,0,0,1,12,15Z\" id=\"secondary\"><\/path><\/g><\/svg><\/span><span class=\"gb-headline-text\">Asequible: \u00a1Docenas de entrenamientos y tutoriales de Pilates cl\u00e1sico por tan solo 20 $\/mes!&nbsp;<\/span><\/p>\n\n<\/div>\n<\/div><div class=\"gb-container gb-container-5811f8d5 section-full-width-outer\">\n<div class=\"gb-container gb-container-ac6c304c\">\n<div class=\"gb-container gb-container-63ae1de0\">\n\n<h2 class=\"gb-headline gb-headline-e90dfada gb-headline-text heading2-style\">\u00bfEs usted un aprendiz en Authentic Pilates Learning Center?<\/h2>\n\n\n\n<p class=\"gb-headline gb-headline-2b12d822 gb-headline-text\">Por favor <a href=\"https:\/\/authenticpilatesonline.com\/contact\/\">cont\u00e1ctenos<\/a> para recibir un enlace de invitaci\u00f3n e instrucciones para su acceso gratuito de un a\u00f1o a Authentic Pilates Online mientras completa su formaci\u00f3n con nosotros. <\/p>\n\n<\/div>\n<\/div>\n<\/div>","protected":false},"excerpt":{"rendered":"<p>Pilates Cl\u00e1sico en cualquier momento y lugar \u00a1Comience con una prueba gratuita de 14 d\u00edas! Sin riesgos, cancele en l\u00ednea en cualquier momento C\u00f3mo funciona &#8230; <a title=\"Pilates Cl\u00e1sico en cualquier momento y lugar\" class=\"read-more\" href=\"https:\/\/authenticpilatesonline.com\/es\/pilates-clasico-en-cualquier-momento-y-lugar\/\" aria-label=\"Leer m\u00e1s sobre Pilates Cl\u00e1sico en cualquier momento y lugar\">Leer m\u00e1s<\/a><\/p>\n","protected":false},"author":388,"featured_media":0,"parent":0,"menu_order":0,"comment_status":"closed","ping_status":"closed","template":"","meta":{"__cvm_playback_settings":[],"__cvm_video_id":"","footnotes":""},"page_layout":[],"class_list":{"0":"post-38323","1":"page","2":"type-page","3":"status-publish","5":"infinite-scroll-item"},"yoast_head":"<!-- This site is optimized with the Yoast SEO plugin v27.4 - https:\/\/yoast.com\/product\/yoast-seo-wordpress\/ -->\n<title>Pilates Cl\u00e1sico en video | \u00danase ahora<\/title>\n<meta name=\"description\" content=\"V\u00eddeos de Pilates cl\u00e1sico. 14 d\u00edas gratis. \u00danase hoy.\" \/>\n<meta name=\"robots\" content=\"index, follow, max-snippet:-1, max-image-preview:large, max-video-preview:-1\" \/>\n<link rel=\"canonical\" href=\"https:\/\/authenticpilatesonline.com\/es\/pilates-clasico-en-cualquier-momento-y-lugar\/\" \/>\n<meta property=\"og:locale\" content=\"es_ES\" \/>\n<meta property=\"og:type\" content=\"article\" \/>\n<meta property=\"og:title\" content=\"Pilates Cl\u00e1sico en video | \u00danase ahora\" \/>\n<meta property=\"og:description\" content=\"V\u00eddeos de Pilates cl\u00e1sico. 14 d\u00edas gratis. \u00danase hoy.\" \/>\n<meta property=\"og:url\" content=\"https:\/\/authenticpilatesonline.com\/es\/pilates-clasico-en-cualquier-momento-y-lugar\/\" \/>\n<meta property=\"og:site_name\" content=\"Authentic Pilates Center\" \/>\n<meta property=\"article:modified_time\" content=\"2025-06-16T16:17:53+00:00\" \/>\n<meta property=\"og:image\" content=\"https:\/\/authenticpilatesonline.com\/wp-content\/uploads\/2025\/03\/Workout.png\" \/>\n<meta name=\"twitter:card\" content=\"summary_large_image\" \/>\n<meta name=\"twitter:label1\" content=\"Tiempo de lectura\" \/>\n\t<meta name=\"twitter:data1\" content=\"1 minuto\" \/>\n<script type=\"application\/ld+json\" class=\"yoast-schema-graph\">{\"@context\":\"https:\\\/\\\/schema.org\",\"@graph\":[{\"@type\":\"WebPage\",\"@id\":\"https:\\\/\\\/authenticpilatesonline.com\\\/es\\\/pilates-clasico-en-cualquier-momento-y-lugar\\\/\",\"url\":\"https:\\\/\\\/authenticpilatesonline.com\\\/es\\\/pilates-clasico-en-cualquier-momento-y-lugar\\\/\",\"name\":\"Pilates Cl\u00e1sico en video | \u00danase ahora\",\"isPartOf\":{\"@id\":\"https:\\\/\\\/authenticpilatesonline.com\\\/es\\\/#website\"},\"primaryImageOfPage\":{\"@id\":\"https:\\\/\\\/authenticpilatesonline.com\\\/es\\\/pilates-clasico-en-cualquier-momento-y-lugar\\\/#primaryimage\"},\"image\":{\"@id\":\"https:\\\/\\\/authenticpilatesonline.com\\\/es\\\/pilates-clasico-en-cualquier-momento-y-lugar\\\/#primaryimage\"},\"thumbnailUrl\":\"https:\\\/\\\/authenticpilatesonline.com\\\/wp-content\\\/uploads\\\/2025\\\/03\\\/Workout.png\",\"datePublished\":\"2019-07-12T15:26:00+00:00\",\"dateModified\":\"2025-06-16T16:17:53+00:00\",\"description\":\"V\u00eddeos de Pilates cl\u00e1sico. 14 d\u00edas gratis. \u00danase hoy.\",\"breadcrumb\":{\"@id\":\"https:\\\/\\\/authenticpilatesonline.com\\\/es\\\/pilates-clasico-en-cualquier-momento-y-lugar\\\/#breadcrumb\"},\"inLanguage\":\"es\",\"potentialAction\":[{\"@type\":\"ReadAction\",\"target\":[\"https:\\\/\\\/authenticpilatesonline.com\\\/es\\\/pilates-clasico-en-cualquier-momento-y-lugar\\\/\"]}]},{\"@type\":\"ImageObject\",\"inLanguage\":\"es\",\"@id\":\"https:\\\/\\\/authenticpilatesonline.com\\\/es\\\/pilates-clasico-en-cualquier-momento-y-lugar\\\/#primaryimage\",\"url\":\"https:\\\/\\\/authenticpilatesonline.com\\\/wp-content\\\/uploads\\\/2025\\\/03\\\/Workout.png\",\"contentUrl\":\"https:\\\/\\\/authenticpilatesonline.com\\\/wp-content\\\/uploads\\\/2025\\\/03\\\/Workout.png\"},{\"@type\":\"BreadcrumbList\",\"@id\":\"https:\\\/\\\/authenticpilatesonline.com\\\/es\\\/pilates-clasico-en-cualquier-momento-y-lugar\\\/#breadcrumb\",\"itemListElement\":[{\"@type\":\"ListItem\",\"position\":1,\"name\":\"Home\",\"item\":\"https:\\\/\\\/authenticpilatesonline.com\\\/es\\\/nueva-pagina-de-inicio\\\/\"},{\"@type\":\"ListItem\",\"position\":2,\"name\":\"Pilates Cl\u00e1sico en cualquier momento y lugar\"}]},{\"@type\":\"WebSite\",\"@id\":\"https:\\\/\\\/authenticpilatesonline.com\\\/es\\\/#website\",\"url\":\"https:\\\/\\\/authenticpilatesonline.com\\\/es\\\/\",\"name\":\"Authentic Pilates Center\",\"description\":\"YOUR ACCESS TO CLASSICAL PILATES VIDEOS&lt;br&gt; ANYTIME, ANYWHERE\",\"publisher\":{\"@id\":\"https:\\\/\\\/authenticpilatesonline.com\\\/es\\\/#organization\"},\"potentialAction\":[{\"@type\":\"SearchAction\",\"target\":{\"@type\":\"EntryPoint\",\"urlTemplate\":\"https:\\\/\\\/authenticpilatesonline.com\\\/es\\\/?s={search_term_string}\"},\"query-input\":{\"@type\":\"PropertyValueSpecification\",\"valueRequired\":true,\"valueName\":\"search_term_string\"}}],\"inLanguage\":\"es\"},{\"@type\":\"Organization\",\"@id\":\"https:\\\/\\\/authenticpilatesonline.com\\\/es\\\/#organization\",\"name\":\"Authentic Pilates Center\",\"url\":\"https:\\\/\\\/authenticpilatesonline.com\\\/es\\\/\",\"logo\":{\"@type\":\"ImageObject\",\"inLanguage\":\"es\",\"@id\":\"https:\\\/\\\/authenticpilatesonline.com\\\/es\\\/#\\\/schema\\\/logo\\\/image\\\/\",\"url\":\"https:\\\/\\\/authenticpilatesonline.com\\\/wp-content\\\/uploads\\\/2019\\\/12\\\/authentic-pilates-online-logo.png\",\"contentUrl\":\"https:\\\/\\\/authenticpilatesonline.com\\\/wp-content\\\/uploads\\\/2019\\\/12\\\/authentic-pilates-online-logo.png\",\"width\":576,\"height\":150,\"caption\":\"Authentic Pilates Center\"},\"image\":{\"@id\":\"https:\\\/\\\/authenticpilatesonline.com\\\/es\\\/#\\\/schema\\\/logo\\\/image\\\/\"}}]}<\/script>\n<!-- \/ Yoast SEO plugin. -->","yoast_head_json":{"title":"Pilates Cl\u00e1sico en video | \u00danase ahora","description":"V\u00eddeos de Pilates cl\u00e1sico. 14 d\u00edas gratis. \u00danase hoy.","robots":{"index":"index","follow":"follow","max-snippet":"max-snippet:-1","max-image-preview":"max-image-preview:large","max-video-preview":"max-video-preview:-1"},"canonical":"https:\/\/authenticpilatesonline.com\/es\/pilates-clasico-en-cualquier-momento-y-lugar\/","og_locale":"es_ES","og_type":"article","og_title":"Pilates Cl\u00e1sico en video | \u00danase ahora","og_description":"V\u00eddeos de Pilates cl\u00e1sico. 14 d\u00edas gratis. \u00danase hoy.","og_url":"https:\/\/authenticpilatesonline.com\/es\/pilates-clasico-en-cualquier-momento-y-lugar\/","og_site_name":"Authentic Pilates Center","article_modified_time":"2025-06-16T16:17:53+00:00","og_image":[{"url":"https:\/\/authenticpilatesonline.com\/wp-content\/uploads\/2025\/03\/Workout.png","type":"","width":"","height":""}],"twitter_card":"summary_large_image","twitter_misc":{"Tiempo de lectura":"1 minuto"},"schema":{"@context":"https:\/\/schema.org","@graph":[{"@type":"WebPage","@id":"https:\/\/authenticpilatesonline.com\/es\/pilates-clasico-en-cualquier-momento-y-lugar\/","url":"https:\/\/authenticpilatesonline.com\/es\/pilates-clasico-en-cualquier-momento-y-lugar\/","name":"Pilates Cl\u00e1sico en video | \u00danase ahora","isPartOf":{"@id":"https:\/\/authenticpilatesonline.com\/es\/#website"},"primaryImageOfPage":{"@id":"https:\/\/authenticpilatesonline.com\/es\/pilates-clasico-en-cualquier-momento-y-lugar\/#primaryimage"},"image":{"@id":"https:\/\/authenticpilatesonline.com\/es\/pilates-clasico-en-cualquier-momento-y-lugar\/#primaryimage"},"thumbnailUrl":"https:\/\/authenticpilatesonline.com\/wp-content\/uploads\/2025\/03\/Workout.png","datePublished":"2019-07-12T15:26:00+00:00","dateModified":"2025-06-16T16:17:53+00:00","description":"V\u00eddeos de Pilates cl\u00e1sico. 14 d\u00edas gratis. \u00danase hoy.","breadcrumb":{"@id":"https:\/\/authenticpilatesonline.com\/es\/pilates-clasico-en-cualquier-momento-y-lugar\/#breadcrumb"},"inLanguage":"es","potentialAction":[{"@type":"ReadAction","target":["https:\/\/authenticpilatesonline.com\/es\/pilates-clasico-en-cualquier-momento-y-lugar\/"]}]},{"@type":"ImageObject","inLanguage":"es","@id":"https:\/\/authenticpilatesonline.com\/es\/pilates-clasico-en-cualquier-momento-y-lugar\/#primaryimage","url":"https:\/\/authenticpilatesonline.com\/wp-content\/uploads\/2025\/03\/Workout.png","contentUrl":"https:\/\/authenticpilatesonline.com\/wp-content\/uploads\/2025\/03\/Workout.png"},{"@type":"BreadcrumbList","@id":"https:\/\/authenticpilatesonline.com\/es\/pilates-clasico-en-cualquier-momento-y-lugar\/#breadcrumb","itemListElement":[{"@type":"ListItem","position":1,"name":"Home","item":"https:\/\/authenticpilatesonline.com\/es\/nueva-pagina-de-inicio\/"},{"@type":"ListItem","position":2,"name":"Pilates Cl\u00e1sico en cualquier momento y lugar"}]},{"@type":"WebSite","@id":"https:\/\/authenticpilatesonline.com\/es\/#website","url":"https:\/\/authenticpilatesonline.com\/es\/","name":"Authentic Pilates Center","description":"YOUR ACCESS TO CLASSICAL PILATES VIDEOS&lt;br&gt; ANYTIME, ANYWHERE","publisher":{"@id":"https:\/\/authenticpilatesonline.com\/es\/#organization"},"potentialAction":[{"@type":"SearchAction","target":{"@type":"EntryPoint","urlTemplate":"https:\/\/authenticpilatesonline.com\/es\/?s={search_term_string}"},"query-input":{"@type":"PropertyValueSpecification","valueRequired":true,"valueName":"search_term_string"}}],"inLanguage":"es"},{"@type":"Organization","@id":"https:\/\/authenticpilatesonline.com\/es\/#organization","name":"Authentic Pilates Center","url":"https:\/\/authenticpilatesonline.com\/es\/","logo":{"@type":"ImageObject","inLanguage":"es","@id":"https:\/\/authenticpilatesonline.com\/es\/#\/schema\/logo\/image\/","url":"https:\/\/authenticpilatesonline.com\/wp-content\/uploads\/2019\/12\/authentic-pilates-online-logo.png","contentUrl":"https:\/\/authenticpilatesonline.com\/wp-content\/uploads\/2019\/12\/authentic-pilates-online-logo.png","width":576,"height":150,"caption":"Authentic Pilates Center"},"image":{"@id":"https:\/\/authenticpilatesonline.com\/es\/#\/schema\/logo\/image\/"}}]}},"_links":{"self":[{"href":"https:\/\/authenticpilatesonline.com\/es\/wp-json\/wp\/v2\/pages\/38323","targetHints":{"allow":["GET"]}}],"collection":[{"href":"https:\/\/authenticpilatesonline.com\/es\/wp-json\/wp\/v2\/pages"}],"about":[{"href":"https:\/\/authenticpilatesonline.com\/es\/wp-json\/wp\/v2\/types\/page"}],"author":[{"embeddable":true,"href":"https:\/\/authenticpilatesonline.com\/es\/wp-json\/wp\/v2\/users\/388"}],"replies":[{"embeddable":true,"href":"https:\/\/authenticpilatesonline.com\/es\/wp-json\/wp\/v2\/comments?post=38323"}],"version-history":[{"count":3,"href":"https:\/\/authenticpilatesonline.com\/es\/wp-json\/wp\/v2\/pages\/38323\/revisions"}],"predecessor-version":[{"id":39768,"href":"https:\/\/authenticpilatesonline.com\/es\/wp-json\/wp\/v2\/pages\/38323\/revisions\/39768"}],"wp:attachment":[{"href":"https:\/\/authenticpilatesonline.com\/es\/wp-json\/wp\/v2\/media?parent=38323"}],"wp:term":[{"taxonomy":"page_layout","embeddable":true,"href":"https:\/\/authenticpilatesonline.com\/es\/wp-json\/wp\/v2\/page_layout?post=38323"}],"curies":[{"name":"wp","href":"https:\/\/api.w.org\/{rel}","templated":true}]}}