{"id":38381,"date":"2025-03-13T00:54:54","date_gmt":"2025-03-13T00:54:54","guid":{"rendered":"https:\/\/authenticpilatesonline.com\/juliana-krieger\/"},"modified":"2025-04-13T00:43:46","modified_gmt":"2025-04-13T00:43:46","slug":"juliana-krieger","status":"publish","type":"page","link":"https:\/\/authenticpilatesonline.com\/es\/acerca-de-nosotros\/juliana-krieger\/","title":{"rendered":"Juliana Krieger"},"content":{"rendered":"\n<div class=\"gb-element-eb19173d\">\n<div class=\"gb-element-436c0af2\">\n<figure class=\"wp-block-image size-full\"><img loading=\"lazy\" decoding=\"async\" width=\"400\" height=\"500\" src=\"https:\/\/authenticpilatesonline.com\/wp-content\/uploads\/2025\/03\/Juliana-Krieger.webp\" alt=\"Juliana Krieger\" class=\"wp-image-33837\" srcset=\"https:\/\/authenticpilatesonline.com\/wp-content\/uploads\/2025\/03\/Juliana-Krieger.webp 400w, https:\/\/authenticpilatesonline.com\/wp-content\/uploads\/2025\/03\/Juliana-Krieger-240x300.webp 240w\" sizes=\"auto, (max-width: 400px) 100vw, 400px\" \/><\/figure>\n<\/div>\n\n\n\n<div>\n<p>Profesora con una Maestr\u00eda en Educaci\u00f3n F\u00edsica de la Universidad Estatal de Campinas \u2013 UNICAMP, con 25 a\u00f1os de experiencia en el \u00e1rea del movimiento y ponente en diversas conferencias de Fitness en Brasil, impartiendo clases de gimnasia, estiramiento, Pilates de suelo y baile con pelota. Se especializ\u00f3 en lesiones y dolor con el objetivo de ayudar a las personas a mejorar su salud a trav\u00e9s del movimiento. <\/p>\n\n\n\n<p>Durante 15 a\u00f1os, se ha dedicado al M\u00e9todo Pilates y se gradu\u00f3 del Authentic Pilates Learning Center con \u00c9rica Almodovar. Ha desarrollado una aguda perspicacia para guiar a las personas en sus principales necesidades, construyendo un cuerpo saludable y feliz. Es la primera brasile\u00f1a en unirse al equipo de profesores, aportando alegr\u00eda y satisfacci\u00f3n para transformar las vidas de aquellos que aman el Pilates.  <\/p>\n<\/div>\n<\/div>\n","protected":false},"excerpt":{"rendered":"<p>Profesora con una Maestr\u00eda en Educaci\u00f3n F\u00edsica de la Universidad Estatal de Campinas \u2013 UNICAMP, con 25 a\u00f1os de experiencia en el \u00e1rea del movimiento &#8230; <a title=\"Juliana Krieger\" class=\"read-more\" href=\"https:\/\/authenticpilatesonline.com\/es\/acerca-de-nosotros\/juliana-krieger\/\" aria-label=\"Leer m\u00e1s sobre Juliana Krieger\">Leer m\u00e1s<\/a><\/p>\n","protected":false},"author":3,"featured_media":0,"parent":38417,"menu_order":0,"comment_status":"closed","ping_status":"closed","template":"","meta":{"__cvm_playback_settings":[],"__cvm_video_id":"","footnotes":""},"page_layout":[],"class_list":{"0":"post-38381","1":"page","2":"type-page","3":"status-publish","5":"infinite-scroll-item"},"yoast_head":"<!-- This site is optimized with the Yoast SEO plugin v27.5 - https:\/\/yoast.com\/product\/yoast-seo-wordpress\/ -->\n<title>Juliana Krieger - Authentic Pilates Center<\/title>\n<meta name=\"robots\" content=\"index, follow, max-snippet:-1, max-image-preview:large, max-video-preview:-1\" \/>\n<link rel=\"canonical\" href=\"https:\/\/authenticpilatesonline.com\/es\/acerca-de-nosotros\/juliana-krieger\/\" \/>\n<meta property=\"og:locale\" content=\"es_ES\" \/>\n<meta property=\"og:type\" content=\"article\" \/>\n<meta property=\"og:title\" content=\"Juliana Krieger - Authentic Pilates Center\" \/>\n<meta property=\"og:description\" content=\"Profesora con una Maestr\u00eda en Educaci\u00f3n F\u00edsica de la Universidad Estatal de Campinas \u2013 UNICAMP, con 25 a\u00f1os de experiencia en el \u00e1rea del movimiento ... Leer m\u00e1s\" \/>\n<meta property=\"og:url\" content=\"https:\/\/authenticpilatesonline.com\/es\/acerca-de-nosotros\/juliana-krieger\/\" \/>\n<meta property=\"og:site_name\" content=\"Authentic Pilates Center\" \/>\n<meta property=\"article:modified_time\" content=\"2025-04-13T00:43:46+00:00\" \/>\n<meta property=\"og:image\" content=\"https:\/\/authenticpilatesonline.com\/wp-content\/uploads\/2025\/03\/Juliana-Krieger.webp\" \/>\n\t<meta property=\"og:image:width\" content=\"400\" \/>\n\t<meta property=\"og:image:height\" content=\"500\" \/>\n\t<meta property=\"og:image:type\" content=\"image\/webp\" \/>\n<meta name=\"twitter:card\" content=\"summary_large_image\" \/>\n<meta name=\"twitter:label1\" content=\"Tiempo de lectura\" \/>\n\t<meta name=\"twitter:data1\" content=\"1 minuto\" \/>\n<script type=\"application\/ld+json\" class=\"yoast-schema-graph\">{\"@context\":\"https:\\\/\\\/schema.org\",\"@graph\":[{\"@type\":\"WebPage\",\"@id\":\"https:\\\/\\\/authenticpilatesonline.com\\\/es\\\/acerca-de-nosotros\\\/juliana-krieger\\\/\",\"url\":\"https:\\\/\\\/authenticpilatesonline.com\\\/es\\\/acerca-de-nosotros\\\/juliana-krieger\\\/\",\"name\":\"Juliana Krieger - Authentic Pilates Center\",\"isPartOf\":{\"@id\":\"https:\\\/\\\/authenticpilatesonline.com\\\/es\\\/#website\"},\"primaryImageOfPage\":{\"@id\":\"https:\\\/\\\/authenticpilatesonline.com\\\/es\\\/acerca-de-nosotros\\\/juliana-krieger\\\/#primaryimage\"},\"image\":{\"@id\":\"https:\\\/\\\/authenticpilatesonline.com\\\/es\\\/acerca-de-nosotros\\\/juliana-krieger\\\/#primaryimage\"},\"thumbnailUrl\":\"https:\\\/\\\/authenticpilatesonline.com\\\/wp-content\\\/uploads\\\/2025\\\/03\\\/Juliana-Krieger.webp\",\"datePublished\":\"2025-03-13T00:54:54+00:00\",\"dateModified\":\"2025-04-13T00:43:46+00:00\",\"breadcrumb\":{\"@id\":\"https:\\\/\\\/authenticpilatesonline.com\\\/es\\\/acerca-de-nosotros\\\/juliana-krieger\\\/#breadcrumb\"},\"inLanguage\":\"es\",\"potentialAction\":[{\"@type\":\"ReadAction\",\"target\":[\"https:\\\/\\\/authenticpilatesonline.com\\\/es\\\/acerca-de-nosotros\\\/juliana-krieger\\\/\"]}]},{\"@type\":\"ImageObject\",\"inLanguage\":\"es\",\"@id\":\"https:\\\/\\\/authenticpilatesonline.com\\\/es\\\/acerca-de-nosotros\\\/juliana-krieger\\\/#primaryimage\",\"url\":\"https:\\\/\\\/authenticpilatesonline.com\\\/wp-content\\\/uploads\\\/2025\\\/03\\\/Juliana-Krieger.webp\",\"contentUrl\":\"https:\\\/\\\/authenticpilatesonline.com\\\/wp-content\\\/uploads\\\/2025\\\/03\\\/Juliana-Krieger.webp\"},{\"@type\":\"BreadcrumbList\",\"@id\":\"https:\\\/\\\/authenticpilatesonline.com\\\/es\\\/acerca-de-nosotros\\\/juliana-krieger\\\/#breadcrumb\",\"itemListElement\":[{\"@type\":\"ListItem\",\"position\":1,\"name\":\"Home\",\"item\":\"https:\\\/\\\/authenticpilatesonline.com\\\/es\\\/nueva-pagina-de-inicio\\\/\"},{\"@type\":\"ListItem\",\"position\":2,\"name\":\"Acerca de nosotros\",\"item\":\"https:\\\/\\\/authenticpilatesonline.com\\\/es\\\/acerca-de-nosotros\\\/\"},{\"@type\":\"ListItem\",\"position\":3,\"name\":\"Juliana Krieger\"}]},{\"@type\":\"WebSite\",\"@id\":\"https:\\\/\\\/authenticpilatesonline.com\\\/es\\\/#website\",\"url\":\"https:\\\/\\\/authenticpilatesonline.com\\\/es\\\/\",\"name\":\"Authentic Pilates Center\",\"description\":\"YOUR ACCESS TO CLASSICAL PILATES VIDEOS&lt;br&gt; ANYTIME, ANYWHERE\",\"publisher\":{\"@id\":\"https:\\\/\\\/authenticpilatesonline.com\\\/es\\\/#organization\"},\"potentialAction\":[{\"@type\":\"SearchAction\",\"target\":{\"@type\":\"EntryPoint\",\"urlTemplate\":\"https:\\\/\\\/authenticpilatesonline.com\\\/es\\\/?s={search_term_string}\"},\"query-input\":{\"@type\":\"PropertyValueSpecification\",\"valueRequired\":true,\"valueName\":\"search_term_string\"}}],\"inLanguage\":\"es\"},{\"@type\":\"Organization\",\"@id\":\"https:\\\/\\\/authenticpilatesonline.com\\\/es\\\/#organization\",\"name\":\"Authentic Pilates Center\",\"url\":\"https:\\\/\\\/authenticpilatesonline.com\\\/es\\\/\",\"logo\":{\"@type\":\"ImageObject\",\"inLanguage\":\"es\",\"@id\":\"https:\\\/\\\/authenticpilatesonline.com\\\/es\\\/#\\\/schema\\\/logo\\\/image\\\/\",\"url\":\"https:\\\/\\\/authenticpilatesonline.com\\\/wp-content\\\/uploads\\\/2019\\\/12\\\/authentic-pilates-online-logo.png\",\"contentUrl\":\"https:\\\/\\\/authenticpilatesonline.com\\\/wp-content\\\/uploads\\\/2019\\\/12\\\/authentic-pilates-online-logo.png\",\"width\":576,\"height\":150,\"caption\":\"Authentic Pilates Center\"},\"image\":{\"@id\":\"https:\\\/\\\/authenticpilatesonline.com\\\/es\\\/#\\\/schema\\\/logo\\\/image\\\/\"}}]}<\/script>\n<!-- \/ Yoast SEO plugin. -->","yoast_head_json":{"title":"Juliana Krieger - Authentic Pilates Center","robots":{"index":"index","follow":"follow","max-snippet":"max-snippet:-1","max-image-preview":"max-image-preview:large","max-video-preview":"max-video-preview:-1"},"canonical":"https:\/\/authenticpilatesonline.com\/es\/acerca-de-nosotros\/juliana-krieger\/","og_locale":"es_ES","og_type":"article","og_title":"Juliana Krieger - Authentic Pilates Center","og_description":"Profesora con una Maestr\u00eda en Educaci\u00f3n F\u00edsica de la Universidad Estatal de Campinas \u2013 UNICAMP, con 25 a\u00f1os de experiencia en el \u00e1rea del movimiento ... Leer m\u00e1s","og_url":"https:\/\/authenticpilatesonline.com\/es\/acerca-de-nosotros\/juliana-krieger\/","og_site_name":"Authentic Pilates Center","article_modified_time":"2025-04-13T00:43:46+00:00","og_image":[{"width":400,"height":500,"url":"https:\/\/authenticpilatesonline.com\/wp-content\/uploads\/2025\/03\/Juliana-Krieger.webp","type":"image\/webp"}],"twitter_card":"summary_large_image","twitter_misc":{"Tiempo de lectura":"1 minuto"},"schema":{"@context":"https:\/\/schema.org","@graph":[{"@type":"WebPage","@id":"https:\/\/authenticpilatesonline.com\/es\/acerca-de-nosotros\/juliana-krieger\/","url":"https:\/\/authenticpilatesonline.com\/es\/acerca-de-nosotros\/juliana-krieger\/","name":"Juliana Krieger - Authentic Pilates Center","isPartOf":{"@id":"https:\/\/authenticpilatesonline.com\/es\/#website"},"primaryImageOfPage":{"@id":"https:\/\/authenticpilatesonline.com\/es\/acerca-de-nosotros\/juliana-krieger\/#primaryimage"},"image":{"@id":"https:\/\/authenticpilatesonline.com\/es\/acerca-de-nosotros\/juliana-krieger\/#primaryimage"},"thumbnailUrl":"https:\/\/authenticpilatesonline.com\/wp-content\/uploads\/2025\/03\/Juliana-Krieger.webp","datePublished":"2025-03-13T00:54:54+00:00","dateModified":"2025-04-13T00:43:46+00:00","breadcrumb":{"@id":"https:\/\/authenticpilatesonline.com\/es\/acerca-de-nosotros\/juliana-krieger\/#breadcrumb"},"inLanguage":"es","potentialAction":[{"@type":"ReadAction","target":["https:\/\/authenticpilatesonline.com\/es\/acerca-de-nosotros\/juliana-krieger\/"]}]},{"@type":"ImageObject","inLanguage":"es","@id":"https:\/\/authenticpilatesonline.com\/es\/acerca-de-nosotros\/juliana-krieger\/#primaryimage","url":"https:\/\/authenticpilatesonline.com\/wp-content\/uploads\/2025\/03\/Juliana-Krieger.webp","contentUrl":"https:\/\/authenticpilatesonline.com\/wp-content\/uploads\/2025\/03\/Juliana-Krieger.webp"},{"@type":"BreadcrumbList","@id":"https:\/\/authenticpilatesonline.com\/es\/acerca-de-nosotros\/juliana-krieger\/#breadcrumb","itemListElement":[{"@type":"ListItem","position":1,"name":"Home","item":"https:\/\/authenticpilatesonline.com\/es\/nueva-pagina-de-inicio\/"},{"@type":"ListItem","position":2,"name":"Acerca de nosotros","item":"https:\/\/authenticpilatesonline.com\/es\/acerca-de-nosotros\/"},{"@type":"ListItem","position":3,"name":"Juliana Krieger"}]},{"@type":"WebSite","@id":"https:\/\/authenticpilatesonline.com\/es\/#website","url":"https:\/\/authenticpilatesonline.com\/es\/","name":"Authentic Pilates Center","description":"YOUR ACCESS TO CLASSICAL PILATES VIDEOS&lt;br&gt; ANYTIME, ANYWHERE","publisher":{"@id":"https:\/\/authenticpilatesonline.com\/es\/#organization"},"potentialAction":[{"@type":"SearchAction","target":{"@type":"EntryPoint","urlTemplate":"https:\/\/authenticpilatesonline.com\/es\/?s={search_term_string}"},"query-input":{"@type":"PropertyValueSpecification","valueRequired":true,"valueName":"search_term_string"}}],"inLanguage":"es"},{"@type":"Organization","@id":"https:\/\/authenticpilatesonline.com\/es\/#organization","name":"Authentic Pilates Center","url":"https:\/\/authenticpilatesonline.com\/es\/","logo":{"@type":"ImageObject","inLanguage":"es","@id":"https:\/\/authenticpilatesonline.com\/es\/#\/schema\/logo\/image\/","url":"https:\/\/authenticpilatesonline.com\/wp-content\/uploads\/2019\/12\/authentic-pilates-online-logo.png","contentUrl":"https:\/\/authenticpilatesonline.com\/wp-content\/uploads\/2019\/12\/authentic-pilates-online-logo.png","width":576,"height":150,"caption":"Authentic Pilates Center"},"image":{"@id":"https:\/\/authenticpilatesonline.com\/es\/#\/schema\/logo\/image\/"}}]}},"_links":{"self":[{"href":"https:\/\/authenticpilatesonline.com\/es\/wp-json\/wp\/v2\/pages\/38381","targetHints":{"allow":["GET"]}}],"collection":[{"href":"https:\/\/authenticpilatesonline.com\/es\/wp-json\/wp\/v2\/pages"}],"about":[{"href":"https:\/\/authenticpilatesonline.com\/es\/wp-json\/wp\/v2\/types\/page"}],"author":[{"embeddable":true,"href":"https:\/\/authenticpilatesonline.com\/es\/wp-json\/wp\/v2\/users\/3"}],"replies":[{"embeddable":true,"href":"https:\/\/authenticpilatesonline.com\/es\/wp-json\/wp\/v2\/comments?post=38381"}],"version-history":[{"count":1,"href":"https:\/\/authenticpilatesonline.com\/es\/wp-json\/wp\/v2\/pages\/38381\/revisions"}],"predecessor-version":[{"id":38383,"href":"https:\/\/authenticpilatesonline.com\/es\/wp-json\/wp\/v2\/pages\/38381\/revisions\/38383"}],"up":[{"embeddable":true,"href":"https:\/\/authenticpilatesonline.com\/es\/wp-json\/wp\/v2\/pages\/38417"}],"wp:attachment":[{"href":"https:\/\/authenticpilatesonline.com\/es\/wp-json\/wp\/v2\/media?parent=38381"}],"wp:term":[{"taxonomy":"page_layout","embeddable":true,"href":"https:\/\/authenticpilatesonline.com\/es\/wp-json\/wp\/v2\/page_layout?post=38381"}],"curies":[{"name":"wp","href":"https:\/\/api.w.org\/{rel}","templated":true}]}}