{"id":38395,"date":"2020-01-02T20:48:21","date_gmt":"2020-01-02T20:48:21","guid":{"rendered":"https:\/\/authenticpilatesonline.com\/gwenn-wierzbicki\/"},"modified":"2025-04-13T00:43:45","modified_gmt":"2025-04-13T00:43:45","slug":"gwenn-wierzbicki","status":"publish","type":"page","link":"https:\/\/authenticpilatesonline.com\/es\/acerca-de-nosotros\/gwenn-wierzbicki\/","title":{"rendered":"Gwenn Wierzbicki"},"content":{"rendered":"\n<div class=\"gb-element-eb19173d\">\n<div class=\"gb-element-436c0af2\">\n<figure class=\"wp-block-image size-full\"><img loading=\"lazy\" decoding=\"async\" width=\"400\" height=\"500\" src=\"https:\/\/authenticpilatesonline.com\/wp-content\/uploads\/2025\/03\/Gwenn-Wierzbicki-1.webp\" alt=\"\" class=\"wp-image-33479\" srcset=\"https:\/\/authenticpilatesonline.com\/wp-content\/uploads\/2025\/03\/Gwenn-Wierzbicki-1.webp 400w, https:\/\/authenticpilatesonline.com\/wp-content\/uploads\/2025\/03\/Gwenn-Wierzbicki-1-240x300.webp 240w\" sizes=\"auto, (max-width: 400px) 100vw, 400px\" \/><\/figure>\n<\/div>\n\n\n\n<div>\n<p>Gwenn ha sido una profesional del acondicionamiento f\u00edsico durante m\u00e1s de 25 a\u00f1os. Ella est\u00e1 \ncertificada en el m\u00e9todo cl\u00e1sico de Pilates Aut\u00e9ntico bajo la tutor\u00eda magistral \nde Romana Kryzanowska, disc\u00edpula de Joseph Pilates. Gwenn tambi\u00e9n ha estudiado \ncon Bob Liekens y est\u00e1 certificada por Power Pilates.<\/p>\n\n\n\n<p>Anteriormente, Gwenn fue miembro del Equipo de Rendimiento de Danza AVIA y\n ha impartido clases magistrales de acondicionamiento f\u00edsico en toda el \u00e1rea triestatal. Ella \nposee m\u00faltiples certificaciones en la industria de la danza y el acondicionamiento f\u00edsico y \nfue certificada en Garuda por su creador, James D&#8217;Silva. Tambi\u00e9n estudi\u00f3 \ndanza en la Escuela de Ballet de Nueva Jersey, la Escuela Ailey y el Centro\n de Danza de Broadway.<\/p>\n<\/div>\n<\/div>\n","protected":false},"excerpt":{"rendered":"<p>Gwenn ha sido una profesional del acondicionamiento f\u00edsico durante m\u00e1s de 25 a\u00f1os. Ella est\u00e1 certificada en el m\u00e9todo cl\u00e1sico de Pilates Aut\u00e9ntico bajo la &#8230; <a title=\"Gwenn Wierzbicki\" class=\"read-more\" href=\"https:\/\/authenticpilatesonline.com\/es\/acerca-de-nosotros\/gwenn-wierzbicki\/\" aria-label=\"Leer m\u00e1s sobre Gwenn Wierzbicki\">Leer m\u00e1s<\/a><\/p>\n","protected":false},"author":3,"featured_media":34266,"parent":38417,"menu_order":0,"comment_status":"closed","ping_status":"closed","template":"","meta":{"__cvm_playback_settings":[],"__cvm_video_id":"","footnotes":""},"page_layout":[],"class_list":{"0":"post-38395","1":"page","2":"type-page","3":"status-publish","4":"has-post-thumbnail","6":"infinite-scroll-item"},"yoast_head":"<!-- This site is optimized with the Yoast SEO plugin v27.4 - https:\/\/yoast.com\/product\/yoast-seo-wordpress\/ -->\n<title>Gwenn Wierzbicki - Authentic Pilates Center<\/title>\n<meta name=\"robots\" content=\"index, follow, max-snippet:-1, max-image-preview:large, max-video-preview:-1\" \/>\n<link rel=\"canonical\" href=\"https:\/\/authenticpilatesonline.com\/es\/acerca-de-nosotros\/gwenn-wierzbicki\/\" \/>\n<meta property=\"og:locale\" content=\"es_ES\" \/>\n<meta property=\"og:type\" content=\"article\" \/>\n<meta property=\"og:title\" content=\"Gwenn Wierzbicki - Authentic Pilates Center\" \/>\n<meta property=\"og:description\" content=\"Gwenn ha sido una profesional del acondicionamiento f\u00edsico durante m\u00e1s de 25 a\u00f1os. Ella est\u00e1 certificada en el m\u00e9todo cl\u00e1sico de Pilates Aut\u00e9ntico bajo la ... Leer m\u00e1s\" \/>\n<meta property=\"og:url\" content=\"https:\/\/authenticpilatesonline.com\/es\/acerca-de-nosotros\/gwenn-wierzbicki\/\" \/>\n<meta property=\"og:site_name\" content=\"Authentic Pilates Center\" \/>\n<meta property=\"article:modified_time\" content=\"2025-04-13T00:43:45+00:00\" \/>\n<meta property=\"og:image\" content=\"https:\/\/authenticpilatesonline.com\/wp-content\/uploads\/2020\/01\/gwenn-wierzbicki-pilates-instructor.jpg\" \/>\n\t<meta property=\"og:image:width\" content=\"2200\" \/>\n\t<meta property=\"og:image:height\" content=\"1200\" \/>\n\t<meta property=\"og:image:type\" content=\"image\/jpeg\" \/>\n<meta name=\"twitter:card\" content=\"summary_large_image\" \/>\n<meta name=\"twitter:label1\" content=\"Tiempo de lectura\" \/>\n\t<meta name=\"twitter:data1\" content=\"1 minuto\" \/>\n<script type=\"application\/ld+json\" class=\"yoast-schema-graph\">{\"@context\":\"https:\\\/\\\/schema.org\",\"@graph\":[{\"@type\":\"WebPage\",\"@id\":\"https:\\\/\\\/authenticpilatesonline.com\\\/es\\\/acerca-de-nosotros\\\/gwenn-wierzbicki\\\/\",\"url\":\"https:\\\/\\\/authenticpilatesonline.com\\\/es\\\/acerca-de-nosotros\\\/gwenn-wierzbicki\\\/\",\"name\":\"Gwenn Wierzbicki - Authentic Pilates Center\",\"isPartOf\":{\"@id\":\"https:\\\/\\\/authenticpilatesonline.com\\\/es\\\/#website\"},\"primaryImageOfPage\":{\"@id\":\"https:\\\/\\\/authenticpilatesonline.com\\\/es\\\/acerca-de-nosotros\\\/gwenn-wierzbicki\\\/#primaryimage\"},\"image\":{\"@id\":\"https:\\\/\\\/authenticpilatesonline.com\\\/es\\\/acerca-de-nosotros\\\/gwenn-wierzbicki\\\/#primaryimage\"},\"thumbnailUrl\":\"https:\\\/\\\/authenticpilatesonline.com\\\/wp-content\\\/uploads\\\/2020\\\/01\\\/gwenn-wierzbicki-pilates-instructor.jpg\",\"datePublished\":\"2020-01-02T20:48:21+00:00\",\"dateModified\":\"2025-04-13T00:43:45+00:00\",\"breadcrumb\":{\"@id\":\"https:\\\/\\\/authenticpilatesonline.com\\\/es\\\/acerca-de-nosotros\\\/gwenn-wierzbicki\\\/#breadcrumb\"},\"inLanguage\":\"es\",\"potentialAction\":[{\"@type\":\"ReadAction\",\"target\":[\"https:\\\/\\\/authenticpilatesonline.com\\\/es\\\/acerca-de-nosotros\\\/gwenn-wierzbicki\\\/\"]}]},{\"@type\":\"ImageObject\",\"inLanguage\":\"es\",\"@id\":\"https:\\\/\\\/authenticpilatesonline.com\\\/es\\\/acerca-de-nosotros\\\/gwenn-wierzbicki\\\/#primaryimage\",\"url\":\"https:\\\/\\\/authenticpilatesonline.com\\\/wp-content\\\/uploads\\\/2020\\\/01\\\/gwenn-wierzbicki-pilates-instructor.jpg\",\"contentUrl\":\"https:\\\/\\\/authenticpilatesonline.com\\\/wp-content\\\/uploads\\\/2020\\\/01\\\/gwenn-wierzbicki-pilates-instructor.jpg\",\"width\":2200,\"height\":1200},{\"@type\":\"BreadcrumbList\",\"@id\":\"https:\\\/\\\/authenticpilatesonline.com\\\/es\\\/acerca-de-nosotros\\\/gwenn-wierzbicki\\\/#breadcrumb\",\"itemListElement\":[{\"@type\":\"ListItem\",\"position\":1,\"name\":\"Home\",\"item\":\"https:\\\/\\\/authenticpilatesonline.com\\\/es\\\/nueva-pagina-de-inicio\\\/\"},{\"@type\":\"ListItem\",\"position\":2,\"name\":\"Acerca de nosotros\",\"item\":\"https:\\\/\\\/authenticpilatesonline.com\\\/es\\\/acerca-de-nosotros\\\/\"},{\"@type\":\"ListItem\",\"position\":3,\"name\":\"Gwenn Wierzbicki\"}]},{\"@type\":\"WebSite\",\"@id\":\"https:\\\/\\\/authenticpilatesonline.com\\\/es\\\/#website\",\"url\":\"https:\\\/\\\/authenticpilatesonline.com\\\/es\\\/\",\"name\":\"Authentic Pilates Center\",\"description\":\"YOUR ACCESS TO CLASSICAL PILATES VIDEOS&lt;br&gt; ANYTIME, ANYWHERE\",\"publisher\":{\"@id\":\"https:\\\/\\\/authenticpilatesonline.com\\\/es\\\/#organization\"},\"potentialAction\":[{\"@type\":\"SearchAction\",\"target\":{\"@type\":\"EntryPoint\",\"urlTemplate\":\"https:\\\/\\\/authenticpilatesonline.com\\\/es\\\/?s={search_term_string}\"},\"query-input\":{\"@type\":\"PropertyValueSpecification\",\"valueRequired\":true,\"valueName\":\"search_term_string\"}}],\"inLanguage\":\"es\"},{\"@type\":\"Organization\",\"@id\":\"https:\\\/\\\/authenticpilatesonline.com\\\/es\\\/#organization\",\"name\":\"Authentic Pilates Center\",\"url\":\"https:\\\/\\\/authenticpilatesonline.com\\\/es\\\/\",\"logo\":{\"@type\":\"ImageObject\",\"inLanguage\":\"es\",\"@id\":\"https:\\\/\\\/authenticpilatesonline.com\\\/es\\\/#\\\/schema\\\/logo\\\/image\\\/\",\"url\":\"https:\\\/\\\/authenticpilatesonline.com\\\/wp-content\\\/uploads\\\/2019\\\/12\\\/authentic-pilates-online-logo.png\",\"contentUrl\":\"https:\\\/\\\/authenticpilatesonline.com\\\/wp-content\\\/uploads\\\/2019\\\/12\\\/authentic-pilates-online-logo.png\",\"width\":576,\"height\":150,\"caption\":\"Authentic Pilates Center\"},\"image\":{\"@id\":\"https:\\\/\\\/authenticpilatesonline.com\\\/es\\\/#\\\/schema\\\/logo\\\/image\\\/\"}}]}<\/script>\n<!-- \/ Yoast SEO plugin. -->","yoast_head_json":{"title":"Gwenn Wierzbicki - Authentic Pilates Center","robots":{"index":"index","follow":"follow","max-snippet":"max-snippet:-1","max-image-preview":"max-image-preview:large","max-video-preview":"max-video-preview:-1"},"canonical":"https:\/\/authenticpilatesonline.com\/es\/acerca-de-nosotros\/gwenn-wierzbicki\/","og_locale":"es_ES","og_type":"article","og_title":"Gwenn Wierzbicki - Authentic Pilates Center","og_description":"Gwenn ha sido una profesional del acondicionamiento f\u00edsico durante m\u00e1s de 25 a\u00f1os. Ella est\u00e1 certificada en el m\u00e9todo cl\u00e1sico de Pilates Aut\u00e9ntico bajo la ... Leer m\u00e1s","og_url":"https:\/\/authenticpilatesonline.com\/es\/acerca-de-nosotros\/gwenn-wierzbicki\/","og_site_name":"Authentic Pilates Center","article_modified_time":"2025-04-13T00:43:45+00:00","og_image":[{"width":2200,"height":1200,"url":"https:\/\/authenticpilatesonline.com\/wp-content\/uploads\/2020\/01\/gwenn-wierzbicki-pilates-instructor.jpg","type":"image\/jpeg"}],"twitter_card":"summary_large_image","twitter_misc":{"Tiempo de lectura":"1 minuto"},"schema":{"@context":"https:\/\/schema.org","@graph":[{"@type":"WebPage","@id":"https:\/\/authenticpilatesonline.com\/es\/acerca-de-nosotros\/gwenn-wierzbicki\/","url":"https:\/\/authenticpilatesonline.com\/es\/acerca-de-nosotros\/gwenn-wierzbicki\/","name":"Gwenn Wierzbicki - Authentic Pilates Center","isPartOf":{"@id":"https:\/\/authenticpilatesonline.com\/es\/#website"},"primaryImageOfPage":{"@id":"https:\/\/authenticpilatesonline.com\/es\/acerca-de-nosotros\/gwenn-wierzbicki\/#primaryimage"},"image":{"@id":"https:\/\/authenticpilatesonline.com\/es\/acerca-de-nosotros\/gwenn-wierzbicki\/#primaryimage"},"thumbnailUrl":"https:\/\/authenticpilatesonline.com\/wp-content\/uploads\/2020\/01\/gwenn-wierzbicki-pilates-instructor.jpg","datePublished":"2020-01-02T20:48:21+00:00","dateModified":"2025-04-13T00:43:45+00:00","breadcrumb":{"@id":"https:\/\/authenticpilatesonline.com\/es\/acerca-de-nosotros\/gwenn-wierzbicki\/#breadcrumb"},"inLanguage":"es","potentialAction":[{"@type":"ReadAction","target":["https:\/\/authenticpilatesonline.com\/es\/acerca-de-nosotros\/gwenn-wierzbicki\/"]}]},{"@type":"ImageObject","inLanguage":"es","@id":"https:\/\/authenticpilatesonline.com\/es\/acerca-de-nosotros\/gwenn-wierzbicki\/#primaryimage","url":"https:\/\/authenticpilatesonline.com\/wp-content\/uploads\/2020\/01\/gwenn-wierzbicki-pilates-instructor.jpg","contentUrl":"https:\/\/authenticpilatesonline.com\/wp-content\/uploads\/2020\/01\/gwenn-wierzbicki-pilates-instructor.jpg","width":2200,"height":1200},{"@type":"BreadcrumbList","@id":"https:\/\/authenticpilatesonline.com\/es\/acerca-de-nosotros\/gwenn-wierzbicki\/#breadcrumb","itemListElement":[{"@type":"ListItem","position":1,"name":"Home","item":"https:\/\/authenticpilatesonline.com\/es\/nueva-pagina-de-inicio\/"},{"@type":"ListItem","position":2,"name":"Acerca de nosotros","item":"https:\/\/authenticpilatesonline.com\/es\/acerca-de-nosotros\/"},{"@type":"ListItem","position":3,"name":"Gwenn Wierzbicki"}]},{"@type":"WebSite","@id":"https:\/\/authenticpilatesonline.com\/es\/#website","url":"https:\/\/authenticpilatesonline.com\/es\/","name":"Authentic Pilates Center","description":"YOUR ACCESS TO CLASSICAL PILATES VIDEOS&lt;br&gt; ANYTIME, ANYWHERE","publisher":{"@id":"https:\/\/authenticpilatesonline.com\/es\/#organization"},"potentialAction":[{"@type":"SearchAction","target":{"@type":"EntryPoint","urlTemplate":"https:\/\/authenticpilatesonline.com\/es\/?s={search_term_string}"},"query-input":{"@type":"PropertyValueSpecification","valueRequired":true,"valueName":"search_term_string"}}],"inLanguage":"es"},{"@type":"Organization","@id":"https:\/\/authenticpilatesonline.com\/es\/#organization","name":"Authentic Pilates Center","url":"https:\/\/authenticpilatesonline.com\/es\/","logo":{"@type":"ImageObject","inLanguage":"es","@id":"https:\/\/authenticpilatesonline.com\/es\/#\/schema\/logo\/image\/","url":"https:\/\/authenticpilatesonline.com\/wp-content\/uploads\/2019\/12\/authentic-pilates-online-logo.png","contentUrl":"https:\/\/authenticpilatesonline.com\/wp-content\/uploads\/2019\/12\/authentic-pilates-online-logo.png","width":576,"height":150,"caption":"Authentic Pilates Center"},"image":{"@id":"https:\/\/authenticpilatesonline.com\/es\/#\/schema\/logo\/image\/"}}]}},"_links":{"self":[{"href":"https:\/\/authenticpilatesonline.com\/es\/wp-json\/wp\/v2\/pages\/38395","targetHints":{"allow":["GET"]}}],"collection":[{"href":"https:\/\/authenticpilatesonline.com\/es\/wp-json\/wp\/v2\/pages"}],"about":[{"href":"https:\/\/authenticpilatesonline.com\/es\/wp-json\/wp\/v2\/types\/page"}],"author":[{"embeddable":true,"href":"https:\/\/authenticpilatesonline.com\/es\/wp-json\/wp\/v2\/users\/3"}],"replies":[{"embeddable":true,"href":"https:\/\/authenticpilatesonline.com\/es\/wp-json\/wp\/v2\/comments?post=38395"}],"version-history":[{"count":1,"href":"https:\/\/authenticpilatesonline.com\/es\/wp-json\/wp\/v2\/pages\/38395\/revisions"}],"predecessor-version":[{"id":38396,"href":"https:\/\/authenticpilatesonline.com\/es\/wp-json\/wp\/v2\/pages\/38395\/revisions\/38396"}],"up":[{"embeddable":true,"href":"https:\/\/authenticpilatesonline.com\/es\/wp-json\/wp\/v2\/pages\/38417"}],"wp:featuredmedia":[{"embeddable":true,"href":"https:\/\/authenticpilatesonline.com\/es\/wp-json\/wp\/v2\/media\/34266"}],"wp:attachment":[{"href":"https:\/\/authenticpilatesonline.com\/es\/wp-json\/wp\/v2\/media?parent=38395"}],"wp:term":[{"taxonomy":"page_layout","embeddable":true,"href":"https:\/\/authenticpilatesonline.com\/es\/wp-json\/wp\/v2\/page_layout?post=38395"}],"curies":[{"name":"wp","href":"https:\/\/api.w.org\/{rel}","templated":true}]}}