{"id":38408,"date":"2020-09-23T14:37:46","date_gmt":"2020-09-23T14:37:46","guid":{"rendered":"https:\/\/authenticpilatesonline.com\/pam-dejohn\/"},"modified":"2025-04-13T00:43:46","modified_gmt":"2025-04-13T00:43:46","slug":"pam-dejohn","status":"publish","type":"page","link":"https:\/\/authenticpilatesonline.com\/es\/acerca-de-nosotros\/pam-dejohn\/","title":{"rendered":"Pam Dejohn"},"content":{"rendered":"\n<div class=\"gb-element-eb19173d\">\n<div class=\"gb-element-436c0af2\">\n<figure class=\"wp-block-image size-full\"><img loading=\"lazy\" decoding=\"async\" width=\"400\" height=\"500\" src=\"https:\/\/authenticpilatesonline.com\/wp-content\/uploads\/2025\/03\/Pam-Dejohn.webp\" alt=\"\" class=\"wp-image-33475\" srcset=\"https:\/\/authenticpilatesonline.com\/wp-content\/uploads\/2025\/03\/Pam-Dejohn.webp 400w, https:\/\/authenticpilatesonline.com\/wp-content\/uploads\/2025\/03\/Pam-Dejohn-240x300.webp 240w\" sizes=\"auto, (max-width: 400px) 100vw, 400px\" \/><\/figure>\n<\/div>\n\n\n\n<div>\n<p>Pam ha estado en la industria del acondicionamiento f\u00edsico durante m\u00e1s de 25 a\u00f1os y obtuvo su certificaci\u00f3n en el M\u00e9todo Pilates Aut\u00e9ntico directamente bajo la tutela de la Maestra Romana Kryzanowska, la primera protegida de Joseph Pilates. Pam aprendi\u00f3 c\u00f3mo cuidar los cuerpos de una manera especializada durante este proceso, que incluy\u00f3 a otros maestros como Sari Mejia Santo, Roxanne Richards, Alycea Ungaro, Cynthia Lochard y Juanita Lopez.<\/p>\n\n\n\n<p>Pam tambi\u00e9n aporta una amplia formaci\u00f3n m\u00e9dica a su trabajo de Pilates, habiendo impartido numerosos talleres y seminarios junto al Jefe de Patolog\u00eda Quir\u00fargica del Hospital Ortop\u00e9dico de Los \u00c1ngeles. Ella atribuye a esta experiencia su profunda comprensi\u00f3n de la anatom\u00eda humana y la ciencia del movimiento, habilidades que aplica al trabajo correctivo utilizando el M\u00e9todo Pilates Aut\u00e9ntico. Esto, junto con su formaci\u00f3n en danza y acondicionamiento f\u00edsico, ha convertido a Pam en una de las instructoras m\u00e1s admiradas y solicitadas de la zona.<\/p>\n<\/div>\n<\/div>\n","protected":false},"excerpt":{"rendered":"<p>Pam ha estado en la industria del acondicionamiento f\u00edsico durante m\u00e1s de 25 a\u00f1os y obtuvo su certificaci\u00f3n en el M\u00e9todo Pilates Aut\u00e9ntico directamente bajo &#8230; <a title=\"Pam Dejohn\" class=\"read-more\" href=\"https:\/\/authenticpilatesonline.com\/es\/acerca-de-nosotros\/pam-dejohn\/\" aria-label=\"Leer m\u00e1s sobre Pam Dejohn\">Leer m\u00e1s<\/a><\/p>\n","protected":false},"author":3,"featured_media":34270,"parent":38417,"menu_order":0,"comment_status":"closed","ping_status":"closed","template":"","meta":{"__cvm_playback_settings":[],"__cvm_video_id":"","footnotes":""},"page_layout":[],"class_list":{"0":"post-38408","1":"page","2":"type-page","3":"status-publish","4":"has-post-thumbnail","6":"infinite-scroll-item"},"yoast_head":"<!-- This site is optimized with the Yoast SEO plugin v27.3 - https:\/\/yoast.com\/product\/yoast-seo-wordpress\/ -->\n<title>Pam Dejohn - Authentic Pilates Center<\/title>\n<meta name=\"robots\" content=\"index, follow, max-snippet:-1, max-image-preview:large, max-video-preview:-1\" \/>\n<link rel=\"canonical\" href=\"https:\/\/authenticpilatesonline.com\/es\/acerca-de-nosotros\/pam-dejohn\/\" \/>\n<meta property=\"og:locale\" content=\"es_ES\" \/>\n<meta property=\"og:type\" content=\"article\" \/>\n<meta property=\"og:title\" content=\"Pam Dejohn - Authentic Pilates Center\" \/>\n<meta property=\"og:description\" content=\"Pam ha estado en la industria del acondicionamiento f\u00edsico durante m\u00e1s de 25 a\u00f1os y obtuvo su certificaci\u00f3n en el M\u00e9todo Pilates Aut\u00e9ntico directamente bajo ... Leer m\u00e1s\" \/>\n<meta property=\"og:url\" content=\"https:\/\/authenticpilatesonline.com\/es\/acerca-de-nosotros\/pam-dejohn\/\" \/>\n<meta property=\"og:site_name\" content=\"Authentic Pilates Center\" \/>\n<meta property=\"article:modified_time\" content=\"2025-04-13T00:43:46+00:00\" \/>\n<meta property=\"og:image\" content=\"https:\/\/authenticpilatesonline.com\/wp-content\/uploads\/2020\/01\/pam-dejohn-pilates-instructor-nj.jpg\" \/>\n\t<meta property=\"og:image:width\" content=\"2200\" \/>\n\t<meta property=\"og:image:height\" content=\"1200\" \/>\n\t<meta property=\"og:image:type\" content=\"image\/jpeg\" \/>\n<meta name=\"twitter:card\" content=\"summary_large_image\" \/>\n<meta name=\"twitter:label1\" content=\"Tiempo de lectura\" \/>\n\t<meta name=\"twitter:data1\" content=\"1 minuto\" \/>\n<script type=\"application\/ld+json\" class=\"yoast-schema-graph\">{\"@context\":\"https:\\\/\\\/schema.org\",\"@graph\":[{\"@type\":\"WebPage\",\"@id\":\"https:\\\/\\\/authenticpilatesonline.com\\\/es\\\/acerca-de-nosotros\\\/pam-dejohn\\\/\",\"url\":\"https:\\\/\\\/authenticpilatesonline.com\\\/es\\\/acerca-de-nosotros\\\/pam-dejohn\\\/\",\"name\":\"Pam Dejohn - Authentic Pilates Center\",\"isPartOf\":{\"@id\":\"https:\\\/\\\/authenticpilatesonline.com\\\/es\\\/#website\"},\"primaryImageOfPage\":{\"@id\":\"https:\\\/\\\/authenticpilatesonline.com\\\/es\\\/acerca-de-nosotros\\\/pam-dejohn\\\/#primaryimage\"},\"image\":{\"@id\":\"https:\\\/\\\/authenticpilatesonline.com\\\/es\\\/acerca-de-nosotros\\\/pam-dejohn\\\/#primaryimage\"},\"thumbnailUrl\":\"https:\\\/\\\/authenticpilatesonline.com\\\/wp-content\\\/uploads\\\/2020\\\/01\\\/pam-dejohn-pilates-instructor-nj.jpg\",\"datePublished\":\"2020-09-23T14:37:46+00:00\",\"dateModified\":\"2025-04-13T00:43:46+00:00\",\"breadcrumb\":{\"@id\":\"https:\\\/\\\/authenticpilatesonline.com\\\/es\\\/acerca-de-nosotros\\\/pam-dejohn\\\/#breadcrumb\"},\"inLanguage\":\"es\",\"potentialAction\":[{\"@type\":\"ReadAction\",\"target\":[\"https:\\\/\\\/authenticpilatesonline.com\\\/es\\\/acerca-de-nosotros\\\/pam-dejohn\\\/\"]}]},{\"@type\":\"ImageObject\",\"inLanguage\":\"es\",\"@id\":\"https:\\\/\\\/authenticpilatesonline.com\\\/es\\\/acerca-de-nosotros\\\/pam-dejohn\\\/#primaryimage\",\"url\":\"https:\\\/\\\/authenticpilatesonline.com\\\/wp-content\\\/uploads\\\/2020\\\/01\\\/pam-dejohn-pilates-instructor-nj.jpg\",\"contentUrl\":\"https:\\\/\\\/authenticpilatesonline.com\\\/wp-content\\\/uploads\\\/2020\\\/01\\\/pam-dejohn-pilates-instructor-nj.jpg\",\"width\":2200,\"height\":1200},{\"@type\":\"BreadcrumbList\",\"@id\":\"https:\\\/\\\/authenticpilatesonline.com\\\/es\\\/acerca-de-nosotros\\\/pam-dejohn\\\/#breadcrumb\",\"itemListElement\":[{\"@type\":\"ListItem\",\"position\":1,\"name\":\"Home\",\"item\":\"https:\\\/\\\/authenticpilatesonline.com\\\/es\\\/nueva-pagina-de-inicio\\\/\"},{\"@type\":\"ListItem\",\"position\":2,\"name\":\"Acerca de nosotros\",\"item\":\"https:\\\/\\\/authenticpilatesonline.com\\\/es\\\/acerca-de-nosotros\\\/\"},{\"@type\":\"ListItem\",\"position\":3,\"name\":\"Pam Dejohn\"}]},{\"@type\":\"WebSite\",\"@id\":\"https:\\\/\\\/authenticpilatesonline.com\\\/es\\\/#website\",\"url\":\"https:\\\/\\\/authenticpilatesonline.com\\\/es\\\/\",\"name\":\"Authentic Pilates Center\",\"description\":\"YOUR ACCESS TO CLASSICAL PILATES VIDEOS&lt;br&gt; ANYTIME, ANYWHERE\",\"publisher\":{\"@id\":\"https:\\\/\\\/authenticpilatesonline.com\\\/es\\\/#organization\"},\"potentialAction\":[{\"@type\":\"SearchAction\",\"target\":{\"@type\":\"EntryPoint\",\"urlTemplate\":\"https:\\\/\\\/authenticpilatesonline.com\\\/es\\\/?s={search_term_string}\"},\"query-input\":{\"@type\":\"PropertyValueSpecification\",\"valueRequired\":true,\"valueName\":\"search_term_string\"}}],\"inLanguage\":\"es\"},{\"@type\":\"Organization\",\"@id\":\"https:\\\/\\\/authenticpilatesonline.com\\\/es\\\/#organization\",\"name\":\"Authentic Pilates Center\",\"url\":\"https:\\\/\\\/authenticpilatesonline.com\\\/es\\\/\",\"logo\":{\"@type\":\"ImageObject\",\"inLanguage\":\"es\",\"@id\":\"https:\\\/\\\/authenticpilatesonline.com\\\/es\\\/#\\\/schema\\\/logo\\\/image\\\/\",\"url\":\"https:\\\/\\\/authenticpilatesonline.com\\\/wp-content\\\/uploads\\\/2019\\\/12\\\/authentic-pilates-online-logo.png\",\"contentUrl\":\"https:\\\/\\\/authenticpilatesonline.com\\\/wp-content\\\/uploads\\\/2019\\\/12\\\/authentic-pilates-online-logo.png\",\"width\":576,\"height\":150,\"caption\":\"Authentic Pilates Center\"},\"image\":{\"@id\":\"https:\\\/\\\/authenticpilatesonline.com\\\/es\\\/#\\\/schema\\\/logo\\\/image\\\/\"}}]}<\/script>\n<!-- \/ Yoast SEO plugin. -->","yoast_head_json":{"title":"Pam Dejohn - Authentic Pilates Center","robots":{"index":"index","follow":"follow","max-snippet":"max-snippet:-1","max-image-preview":"max-image-preview:large","max-video-preview":"max-video-preview:-1"},"canonical":"https:\/\/authenticpilatesonline.com\/es\/acerca-de-nosotros\/pam-dejohn\/","og_locale":"es_ES","og_type":"article","og_title":"Pam Dejohn - Authentic Pilates Center","og_description":"Pam ha estado en la industria del acondicionamiento f\u00edsico durante m\u00e1s de 25 a\u00f1os y obtuvo su certificaci\u00f3n en el M\u00e9todo Pilates Aut\u00e9ntico directamente bajo ... Leer m\u00e1s","og_url":"https:\/\/authenticpilatesonline.com\/es\/acerca-de-nosotros\/pam-dejohn\/","og_site_name":"Authentic Pilates Center","article_modified_time":"2025-04-13T00:43:46+00:00","og_image":[{"width":2200,"height":1200,"url":"https:\/\/authenticpilatesonline.com\/wp-content\/uploads\/2020\/01\/pam-dejohn-pilates-instructor-nj.jpg","type":"image\/jpeg"}],"twitter_card":"summary_large_image","twitter_misc":{"Tiempo de lectura":"1 minuto"},"schema":{"@context":"https:\/\/schema.org","@graph":[{"@type":"WebPage","@id":"https:\/\/authenticpilatesonline.com\/es\/acerca-de-nosotros\/pam-dejohn\/","url":"https:\/\/authenticpilatesonline.com\/es\/acerca-de-nosotros\/pam-dejohn\/","name":"Pam Dejohn - Authentic Pilates Center","isPartOf":{"@id":"https:\/\/authenticpilatesonline.com\/es\/#website"},"primaryImageOfPage":{"@id":"https:\/\/authenticpilatesonline.com\/es\/acerca-de-nosotros\/pam-dejohn\/#primaryimage"},"image":{"@id":"https:\/\/authenticpilatesonline.com\/es\/acerca-de-nosotros\/pam-dejohn\/#primaryimage"},"thumbnailUrl":"https:\/\/authenticpilatesonline.com\/wp-content\/uploads\/2020\/01\/pam-dejohn-pilates-instructor-nj.jpg","datePublished":"2020-09-23T14:37:46+00:00","dateModified":"2025-04-13T00:43:46+00:00","breadcrumb":{"@id":"https:\/\/authenticpilatesonline.com\/es\/acerca-de-nosotros\/pam-dejohn\/#breadcrumb"},"inLanguage":"es","potentialAction":[{"@type":"ReadAction","target":["https:\/\/authenticpilatesonline.com\/es\/acerca-de-nosotros\/pam-dejohn\/"]}]},{"@type":"ImageObject","inLanguage":"es","@id":"https:\/\/authenticpilatesonline.com\/es\/acerca-de-nosotros\/pam-dejohn\/#primaryimage","url":"https:\/\/authenticpilatesonline.com\/wp-content\/uploads\/2020\/01\/pam-dejohn-pilates-instructor-nj.jpg","contentUrl":"https:\/\/authenticpilatesonline.com\/wp-content\/uploads\/2020\/01\/pam-dejohn-pilates-instructor-nj.jpg","width":2200,"height":1200},{"@type":"BreadcrumbList","@id":"https:\/\/authenticpilatesonline.com\/es\/acerca-de-nosotros\/pam-dejohn\/#breadcrumb","itemListElement":[{"@type":"ListItem","position":1,"name":"Home","item":"https:\/\/authenticpilatesonline.com\/es\/nueva-pagina-de-inicio\/"},{"@type":"ListItem","position":2,"name":"Acerca de nosotros","item":"https:\/\/authenticpilatesonline.com\/es\/acerca-de-nosotros\/"},{"@type":"ListItem","position":3,"name":"Pam Dejohn"}]},{"@type":"WebSite","@id":"https:\/\/authenticpilatesonline.com\/es\/#website","url":"https:\/\/authenticpilatesonline.com\/es\/","name":"Authentic Pilates Center","description":"YOUR ACCESS TO CLASSICAL PILATES VIDEOS&lt;br&gt; ANYTIME, ANYWHERE","publisher":{"@id":"https:\/\/authenticpilatesonline.com\/es\/#organization"},"potentialAction":[{"@type":"SearchAction","target":{"@type":"EntryPoint","urlTemplate":"https:\/\/authenticpilatesonline.com\/es\/?s={search_term_string}"},"query-input":{"@type":"PropertyValueSpecification","valueRequired":true,"valueName":"search_term_string"}}],"inLanguage":"es"},{"@type":"Organization","@id":"https:\/\/authenticpilatesonline.com\/es\/#organization","name":"Authentic Pilates Center","url":"https:\/\/authenticpilatesonline.com\/es\/","logo":{"@type":"ImageObject","inLanguage":"es","@id":"https:\/\/authenticpilatesonline.com\/es\/#\/schema\/logo\/image\/","url":"https:\/\/authenticpilatesonline.com\/wp-content\/uploads\/2019\/12\/authentic-pilates-online-logo.png","contentUrl":"https:\/\/authenticpilatesonline.com\/wp-content\/uploads\/2019\/12\/authentic-pilates-online-logo.png","width":576,"height":150,"caption":"Authentic Pilates Center"},"image":{"@id":"https:\/\/authenticpilatesonline.com\/es\/#\/schema\/logo\/image\/"}}]}},"_links":{"self":[{"href":"https:\/\/authenticpilatesonline.com\/es\/wp-json\/wp\/v2\/pages\/38408","targetHints":{"allow":["GET"]}}],"collection":[{"href":"https:\/\/authenticpilatesonline.com\/es\/wp-json\/wp\/v2\/pages"}],"about":[{"href":"https:\/\/authenticpilatesonline.com\/es\/wp-json\/wp\/v2\/types\/page"}],"author":[{"embeddable":true,"href":"https:\/\/authenticpilatesonline.com\/es\/wp-json\/wp\/v2\/users\/3"}],"replies":[{"embeddable":true,"href":"https:\/\/authenticpilatesonline.com\/es\/wp-json\/wp\/v2\/comments?post=38408"}],"version-history":[{"count":1,"href":"https:\/\/authenticpilatesonline.com\/es\/wp-json\/wp\/v2\/pages\/38408\/revisions"}],"predecessor-version":[{"id":38412,"href":"https:\/\/authenticpilatesonline.com\/es\/wp-json\/wp\/v2\/pages\/38408\/revisions\/38412"}],"up":[{"embeddable":true,"href":"https:\/\/authenticpilatesonline.com\/es\/wp-json\/wp\/v2\/pages\/38417"}],"wp:featuredmedia":[{"embeddable":true,"href":"https:\/\/authenticpilatesonline.com\/es\/wp-json\/wp\/v2\/media\/34270"}],"wp:attachment":[{"href":"https:\/\/authenticpilatesonline.com\/es\/wp-json\/wp\/v2\/media?parent=38408"}],"wp:term":[{"taxonomy":"page_layout","embeddable":true,"href":"https:\/\/authenticpilatesonline.com\/es\/wp-json\/wp\/v2\/page_layout?post=38408"}],"curies":[{"name":"wp","href":"https:\/\/api.w.org\/{rel}","templated":true}]}}