{"id":38419,"date":"2018-07-27T17:34:09","date_gmt":"2018-07-27T17:34:09","guid":{"rendered":"https:\/\/authenticpilatesonline.com\/inicio\/"},"modified":"2025-04-13T00:43:52","modified_gmt":"2025-04-13T00:43:52","slug":"inicio","status":"publish","type":"page","link":"https:\/\/authenticpilatesonline.com\/es\/inicio\/","title":{"rendered":"Inicio"},"content":{"rendered":"\n<h2 class=\"wp-block-heading has-text-align-center py-5\">\u00bfEst\u00e1 Usted Preparado para EXPERIMENTAR y ENSE\u00d1AR Pilates Cl\u00e1sico?<\/h2>\n\n<div class=\"wp-block-columns is-style-default is-layout-flex wp-container-core-columns-is-layout-9d6595d7 wp-block-columns-is-layout-flex\">\n<div class=\"wp-block-column is-layout-flow wp-block-column-is-layout-flow\">\n<ul class=\"wp-block-list is-style-large-alt\">\n<li>Aprenda Pilates cl\u00e1sico sin salir de casa.<\/li>\n\n\n\n<li>Reavive su pasi\u00f3n por el Pilates.<\/li>\n\n\n\n<li>Acceda a entrenamientos de Pilates que puede realizar en cualquier lugar. <\/li>\n<\/ul>\n<\/div>\n\n\n\n<div class=\"wp-block-column is-layout-flow wp-block-column-is-layout-flow\">\n<ul class=\"wp-block-list is-style-large-alt\">\n<li>Aprenda a ense\u00f1ar Pilates cl\u00e1sico a estudiantes de todos los niveles.<\/li>\n\n\n\n<li>Obtenga acceso a recursos de formaci\u00f3n de profesores de Pilates cl\u00e1sico de renombre.<\/li>\n<\/ul>\n<\/div>\n<\/div>\n\n<div class=\"wp-block-buttons is-horizontal is-content-justification-center is-layout-flex wp-container-core-buttons-is-layout-499968f5 wp-block-buttons-is-layout-flex\">\n<div class=\"wp-block-button aligncenter\"><a class=\"wp-block-button__link has-yellow-background-color has-background wp-element-button\" href=\"https:\/\/authenticpilatesonline.com\/es\/pilates-clasico-en-cualquier-momento-y-lugar\/\">Comience su Prueba GRATUITA de 14 D\u00edas <\/a><\/div>\n<\/div>\n\n<div class=\"wp-block-media-text alignfull is-stacked-on-mobile is-image-fill-element my-5 has-background has-gray-100-background-color\"><figure class=\"wp-block-media-text__media\"><img loading=\"lazy\" decoding=\"async\" width=\"1024\" height=\"682\" src=\"https:\/\/authenticpilatesonline.com\/wp-content\/uploads\/2019\/12\/classical-pilates-online-classes-1024x682.jpg\" alt=\"clases de pilates cl\u00e1sico en l\u00ednea\" class=\"wp-image-900 size-full\" style=\"object-position:54% 40%\" srcset=\"https:\/\/authenticpilatesonline.com\/wp-content\/uploads\/2019\/12\/classical-pilates-online-classes-1024x682.jpg 1024w, https:\/\/authenticpilatesonline.com\/wp-content\/uploads\/2019\/12\/classical-pilates-online-classes-600x400.jpg 600w, https:\/\/authenticpilatesonline.com\/wp-content\/uploads\/2019\/12\/classical-pilates-online-classes-300x200.jpg 300w, https:\/\/authenticpilatesonline.com\/wp-content\/uploads\/2019\/12\/classical-pilates-online-classes-768x511.jpg 768w, https:\/\/authenticpilatesonline.com\/wp-content\/uploads\/2019\/12\/classical-pilates-online-classes.jpg 1200w\" sizes=\"auto, (max-width: 1024px) 100vw, 1024px\" \/><\/figure><div class=\"wp-block-media-text__content\">\n<h3 class=\"wp-block-heading is-style-default\">Pilates Cl\u00e1sico para Todos los Cuerpos<\/h3>\n\n\n\n<p>Authentic Pilates Learning Center se dedica a compartir el m\u00e9todo de Pilates cl\u00e1sico con profesores y estudiantes de todos los or\u00edgenes. Hemos creado este portal en l\u00ednea para que usted pueda descubrir y aprender a ense\u00f1ar el m\u00e9todo tal como lo concibi\u00f3 Joseph Pilates. A trav\u00e9s de entrenamientos en v\u00eddeo y tutoriales, tendr\u00e1 acceso a los formadores de profesores de Pilates de 2\u00aa generaci\u00f3n en Authentic Pilates Learning Center, quienes se formaron con Romana Kryzanowska. <br\/><\/p>\n\n\n\n<div class=\"wp-block-buttons is-horizontal is-content-justification-center is-layout-flex wp-container-core-buttons-is-layout-499968f5 wp-block-buttons-is-layout-flex\">\n<div class=\"wp-block-button aligncenter\"><a class=\"wp-block-button__link has-red-200-background-color has-background wp-element-button\" href=\"https:\/\/authenticpilatesonline.com\/es\/pilates-clasico-en-cualquier-momento-y-lugar\/\">Pruebe 14 d\u00edas gratis<\/a><\/div>\n<\/div>\n<\/div><\/div>\n\n<div class=\"wp-block-columns py-5 is-layout-flex wp-container-core-columns-is-layout-9d6595d7 wp-block-columns-is-layout-flex\">\n<div class=\"wp-block-column is-layout-flow wp-block-column-is-layout-flow\">\n<ul class=\"wp-block-list is-style-large is-style-large-alt\">\n<li>Aprenda a ense\u00f1ar el repertorio de Pilates cl\u00e1sico al cuerpo que tiene frente a usted.<\/li>\n\n\n\n<li>Aprenda t\u00e9cnicas de colocaci\u00f3n de manos y asistencia.<\/li>\n\n\n\n<li>Descubra modificaciones para estudiantes de todos los niveles.<\/li>\n<\/ul>\n<\/div>\n\n\n\n<div class=\"wp-block-column is-layout-flow wp-block-column-is-layout-flow\">\n<ul class=\"wp-block-list is-style-large-alt\">\n<li>Utilice una variedad de indicaciones para instrucciones concisas y claras.<\/li>\n\n\n\n<li>Aprenda c\u00f3mo hacer progresar a sus estudiantes a trav\u00e9s del sistema de Pilates cl\u00e1sico para que se sientan seguros y empoderados.<\/li>\n<\/ul>\n<\/div>\n<\/div>\n\n<h2 class=\"wp-block-heading has-text-align-center pb-4\">\u00danase a Nosotros y Obtenga Acceso Ilimitado<\/h2>\n\n<div class=\"wp-block-columns alignfull is-style-breakpoint-md pb-5 is-layout-flex wp-container-core-columns-is-layout-9d6595d7 wp-block-columns-is-layout-flex\">\n<div class=\"wp-block-column is-layout-flow wp-block-column-is-layout-flow\"><\/div>\n\n\n\n<div class=\"wp-block-column is-layout-flow wp-block-column-is-layout-flow\"><\/div>\n\n\n\n<div class=\"wp-block-column is-layout-flow wp-block-column-is-layout-flow\"><\/div>\n<\/div>\n\n<div class=\"wp-block-group alignfull py-5 has-red-200-background-color has-background\"><div class=\"wp-block-group__inner-container is-layout-flow wp-block-group-is-layout-flow\">\n<h2 class=\"wp-block-heading has-text-align-center pb-3 has-white-color has-text-color\">Descubra C\u00f3mo el Pilates Cl\u00e1sico Mejorar\u00e1 Su Cuerpo y Su Ense\u00f1anza<\/h2>\n\n\n\n<div class=\"wp-block-buttons is-horizontal is-content-justification-center is-layout-flex wp-container-core-buttons-is-layout-499968f5 wp-block-buttons-is-layout-flex\">\n<div class=\"wp-block-button is-style-outline aligncenter is-style-outline--1\"><a class=\"wp-block-button__link has-primary-color has-white-background-color has-text-color has-background wp-element-button\" href=\"https:\/\/authenticpilatesonline.com\/es\/pilates-clasico-en-cualquier-momento-y-lugar\/\">Comience su Prueba GRATUITA de 14 D\u00edas <\/a><\/div>\n<\/div>\n<\/div><\/div>\n\n<div class=\"wp-block-cover alignfull is-light is-style-move-text-left\"><span aria-hidden=\"true\" class=\"wp-block-cover__background has-background-dim-0 has-background-dim\"><\/span><img loading=\"lazy\" decoding=\"async\" width=\"2200\" height=\"1000\" class=\"wp-block-cover__image-background wp-image-2490\" alt=\"\" src=\"https:\/\/authenticpilatesonline.com\/wp-content\/uploads\/2020\/09\/pilates-teachers-smiling.jpg\" style=\"object-position:32% 37%\" data-object-fit=\"cover\" data-object-position=\"32% 37%\" srcset=\"https:\/\/authenticpilatesonline.com\/wp-content\/uploads\/2020\/09\/pilates-teachers-smiling.jpg 2200w, https:\/\/authenticpilatesonline.com\/wp-content\/uploads\/2020\/09\/pilates-teachers-smiling-300x136.jpg 300w, https:\/\/authenticpilatesonline.com\/wp-content\/uploads\/2020\/09\/pilates-teachers-smiling-1024x465.jpg 1024w, https:\/\/authenticpilatesonline.com\/wp-content\/uploads\/2020\/09\/pilates-teachers-smiling-768x349.jpg 768w, https:\/\/authenticpilatesonline.com\/wp-content\/uploads\/2020\/09\/pilates-teachers-smiling-1536x698.jpg 1536w, https:\/\/authenticpilatesonline.com\/wp-content\/uploads\/2020\/09\/pilates-teachers-smiling-2048x931.jpg 2048w, https:\/\/authenticpilatesonline.com\/wp-content\/uploads\/2020\/09\/pilates-teachers-smiling-600x273.jpg 600w\" sizes=\"auto, (max-width: 2200px) 100vw, 2200px\" \/><div class=\"wp-block-cover__inner-container is-layout-flow wp-block-cover-is-layout-flow\">\n<h2 class=\"wp-block-heading is-style-alt has-white-color has-text-color\"><strong>Pilates Cl\u00e1sico, en Cualquier Lugar, en Cualquier Momento<\/strong><\/h2>\n\n\n\n<ul class=\"wp-block-list is-style-large-alt has-charcoal-color has-text-color has-link-color wp-elements-37dd7f1c7c4edcb1d8b969b32f924320\">\n<li>Acceso 24\/7 a nuestra extensa biblioteca de educaci\u00f3n y ejercicios en v\u00eddeo.<\/li>\n\n\n\n<li class=\"has-charcoal-color has-text-color has-link-color wp-elements-00029409f72e4364e13fbf156d8a8315\">Entrenamientos de Pilates dise\u00f1ados para un estilo de vida en movimiento.<\/li>\n\n\n\n<li>Formaci\u00f3n instructiva para ense\u00f1ar Pilates cl\u00e1sico a estudiantes de todos los niveles de habilidad.<\/li>\n<\/ul>\n\n\n\n<div class=\"wp-block-buttons is-horizontal is-content-justification-center is-layout-flex wp-container-core-buttons-is-layout-499968f5 wp-block-buttons-is-layout-flex\">\n<div class=\"wp-block-button is-style-fill mb-5 aligncenter\"><a class=\"wp-block-button__link has-red-200-background-color has-background wp-element-button\" href=\"https:\/\/authenticpilatesonline.com\/es\/pilates-clasico-en-cualquier-momento-y-lugar\/\">Comience su Prueba GRATUITA de 14 D\u00edas <\/a><\/div>\n<\/div>\n<\/div><\/div>\n","protected":false},"excerpt":{"rendered":"<p>\u00bfEst\u00e1 Usted Preparado para EXPERIMENTAR y ENSE\u00d1AR Pilates Cl\u00e1sico? \u00danase a Nosotros y Obtenga Acceso Ilimitado Descubra C\u00f3mo el Pilates Cl\u00e1sico Mejorar\u00e1 Su Cuerpo y &#8230; <a title=\"Inicio\" class=\"read-more\" href=\"https:\/\/authenticpilatesonline.com\/es\/inicio\/\" aria-label=\"Leer m\u00e1s sobre Inicio\">Leer m\u00e1s<\/a><\/p>\n","protected":false},"author":1,"featured_media":0,"parent":0,"menu_order":0,"comment_status":"closed","ping_status":"closed","template":"","meta":{"__cvm_playback_settings":[],"__cvm_video_id":"","footnotes":""},"page_layout":[],"class_list":{"0":"post-38419","1":"page","2":"type-page","3":"status-publish","5":"infinite-scroll-item"},"yoast_head":"<!-- This site is optimized with the Yoast SEO plugin v27.3 - https:\/\/yoast.com\/product\/yoast-seo-wordpress\/ -->\n<title>V\u00eddeos de Pilates Cl\u00e1sico | Pilates Aut\u00e9ntico Online<\/title>\n<meta name=\"description\" content=\"Entrenamientos en v\u00eddeo de Pilates para todas las edades disponibles en l\u00ednea. Authentic Pilates Online ofrece formaci\u00f3n cl\u00e1sica para ejercitarse y entrenar en cualquier momento.\" \/>\n<meta name=\"robots\" content=\"index, follow, max-snippet:-1, max-image-preview:large, max-video-preview:-1\" \/>\n<link rel=\"canonical\" href=\"https:\/\/authenticpilatesonline.com\/es\/inicio\/\" \/>\n<meta property=\"og:locale\" content=\"es_ES\" \/>\n<meta property=\"og:type\" content=\"article\" \/>\n<meta property=\"og:title\" content=\"Entrenamientos en V\u00eddeo de Pilates Cl\u00e1sico: Authentic Pilates Online\" \/>\n<meta property=\"og:description\" content=\"Entrenamientos en v\u00eddeo de Pilates para todas las edades disponibles en l\u00ednea. Authentic Pilates Online ofrece formaci\u00f3n cl\u00e1sica para ejercitarse y entrenar en cualquier momento.\" \/>\n<meta property=\"og:url\" content=\"https:\/\/authenticpilatesonline.com\/es\/inicio\/\" \/>\n<meta property=\"og:site_name\" content=\"Authentic Pilates Center\" \/>\n<meta property=\"article:modified_time\" content=\"2025-04-13T00:43:52+00:00\" \/>\n<meta property=\"og:image\" content=\"https:\/\/authenticpilatesonline.com\/wp-content\/uploads\/2019\/11\/apo-header-5.jpg\" \/>\n<meta name=\"twitter:card\" content=\"summary_large_image\" \/>\n<meta name=\"twitter:label1\" content=\"Tiempo de lectura\" \/>\n\t<meta name=\"twitter:data1\" content=\"2 minutos\" \/>\n<script type=\"application\/ld+json\" class=\"yoast-schema-graph\">{\"@context\":\"https:\\\/\\\/schema.org\",\"@graph\":[{\"@type\":\"WebPage\",\"@id\":\"https:\\\/\\\/authenticpilatesonline.com\\\/es\\\/inicio\\\/\",\"url\":\"https:\\\/\\\/authenticpilatesonline.com\\\/es\\\/inicio\\\/\",\"name\":\"V\u00eddeos de Pilates Cl\u00e1sico | Pilates Aut\u00e9ntico Online\",\"isPartOf\":{\"@id\":\"https:\\\/\\\/authenticpilatesonline.com\\\/es\\\/#website\"},\"primaryImageOfPage\":{\"@id\":\"https:\\\/\\\/authenticpilatesonline.com\\\/es\\\/inicio\\\/#primaryimage\"},\"image\":{\"@id\":\"https:\\\/\\\/authenticpilatesonline.com\\\/es\\\/inicio\\\/#primaryimage\"},\"thumbnailUrl\":\"https:\\\/\\\/authenticpilatesonline.com\\\/wp-content\\\/uploads\\\/2019\\\/12\\\/classical-pilates-online-classes-1024x682.jpg\",\"datePublished\":\"2018-07-27T17:34:09+00:00\",\"dateModified\":\"2025-04-13T00:43:52+00:00\",\"description\":\"Entrenamientos en v\u00eddeo de Pilates para todas las edades disponibles en l\u00ednea. Authentic Pilates Online ofrece formaci\u00f3n cl\u00e1sica para ejercitarse y entrenar en cualquier momento.\",\"breadcrumb\":{\"@id\":\"https:\\\/\\\/authenticpilatesonline.com\\\/es\\\/inicio\\\/#breadcrumb\"},\"inLanguage\":\"es\",\"potentialAction\":[{\"@type\":\"ReadAction\",\"target\":[\"https:\\\/\\\/authenticpilatesonline.com\\\/es\\\/inicio\\\/\"]}]},{\"@type\":\"ImageObject\",\"inLanguage\":\"es\",\"@id\":\"https:\\\/\\\/authenticpilatesonline.com\\\/es\\\/inicio\\\/#primaryimage\",\"url\":\"https:\\\/\\\/authenticpilatesonline.com\\\/wp-content\\\/uploads\\\/2019\\\/12\\\/classical-pilates-online-classes-1024x682.jpg\",\"contentUrl\":\"https:\\\/\\\/authenticpilatesonline.com\\\/wp-content\\\/uploads\\\/2019\\\/12\\\/classical-pilates-online-classes-1024x682.jpg\"},{\"@type\":\"BreadcrumbList\",\"@id\":\"https:\\\/\\\/authenticpilatesonline.com\\\/es\\\/inicio\\\/#breadcrumb\",\"itemListElement\":[{\"@type\":\"ListItem\",\"position\":1,\"name\":\"Home\",\"item\":\"https:\\\/\\\/authenticpilatesonline.com\\\/es\\\/nueva-pagina-de-inicio\\\/\"},{\"@type\":\"ListItem\",\"position\":2,\"name\":\"Inicio\"}]},{\"@type\":\"WebSite\",\"@id\":\"https:\\\/\\\/authenticpilatesonline.com\\\/es\\\/#website\",\"url\":\"https:\\\/\\\/authenticpilatesonline.com\\\/es\\\/\",\"name\":\"Authentic Pilates Center\",\"description\":\"YOUR ACCESS TO CLASSICAL PILATES VIDEOS&lt;br&gt; ANYTIME, ANYWHERE\",\"publisher\":{\"@id\":\"https:\\\/\\\/authenticpilatesonline.com\\\/es\\\/#organization\"},\"potentialAction\":[{\"@type\":\"SearchAction\",\"target\":{\"@type\":\"EntryPoint\",\"urlTemplate\":\"https:\\\/\\\/authenticpilatesonline.com\\\/es\\\/?s={search_term_string}\"},\"query-input\":{\"@type\":\"PropertyValueSpecification\",\"valueRequired\":true,\"valueName\":\"search_term_string\"}}],\"inLanguage\":\"es\"},{\"@type\":\"Organization\",\"@id\":\"https:\\\/\\\/authenticpilatesonline.com\\\/es\\\/#organization\",\"name\":\"Authentic Pilates Center\",\"url\":\"https:\\\/\\\/authenticpilatesonline.com\\\/es\\\/\",\"logo\":{\"@type\":\"ImageObject\",\"inLanguage\":\"es\",\"@id\":\"https:\\\/\\\/authenticpilatesonline.com\\\/es\\\/#\\\/schema\\\/logo\\\/image\\\/\",\"url\":\"https:\\\/\\\/authenticpilatesonline.com\\\/wp-content\\\/uploads\\\/2019\\\/12\\\/authentic-pilates-online-logo.png\",\"contentUrl\":\"https:\\\/\\\/authenticpilatesonline.com\\\/wp-content\\\/uploads\\\/2019\\\/12\\\/authentic-pilates-online-logo.png\",\"width\":576,\"height\":150,\"caption\":\"Authentic Pilates Center\"},\"image\":{\"@id\":\"https:\\\/\\\/authenticpilatesonline.com\\\/es\\\/#\\\/schema\\\/logo\\\/image\\\/\"}}]}<\/script>\n<!-- \/ Yoast SEO plugin. -->","yoast_head_json":{"title":"V\u00eddeos de Pilates Cl\u00e1sico | Pilates Aut\u00e9ntico Online","description":"Entrenamientos en v\u00eddeo de Pilates para todas las edades disponibles en l\u00ednea. Authentic Pilates Online ofrece formaci\u00f3n cl\u00e1sica para ejercitarse y entrenar en cualquier momento.","robots":{"index":"index","follow":"follow","max-snippet":"max-snippet:-1","max-image-preview":"max-image-preview:large","max-video-preview":"max-video-preview:-1"},"canonical":"https:\/\/authenticpilatesonline.com\/es\/inicio\/","og_locale":"es_ES","og_type":"article","og_title":"Entrenamientos en V\u00eddeo de Pilates Cl\u00e1sico: Authentic Pilates Online","og_description":"Entrenamientos en v\u00eddeo de Pilates para todas las edades disponibles en l\u00ednea. Authentic Pilates Online ofrece formaci\u00f3n cl\u00e1sica para ejercitarse y entrenar en cualquier momento.","og_url":"https:\/\/authenticpilatesonline.com\/es\/inicio\/","og_site_name":"Authentic Pilates Center","article_modified_time":"2025-04-13T00:43:52+00:00","og_image":[{"url":"https:\/\/authenticpilatesonline.com\/wp-content\/uploads\/2019\/11\/apo-header-5.jpg","type":"","width":"","height":""}],"twitter_card":"summary_large_image","twitter_misc":{"Tiempo de lectura":"2 minutos"},"schema":{"@context":"https:\/\/schema.org","@graph":[{"@type":"WebPage","@id":"https:\/\/authenticpilatesonline.com\/es\/inicio\/","url":"https:\/\/authenticpilatesonline.com\/es\/inicio\/","name":"V\u00eddeos de Pilates Cl\u00e1sico | Pilates Aut\u00e9ntico Online","isPartOf":{"@id":"https:\/\/authenticpilatesonline.com\/es\/#website"},"primaryImageOfPage":{"@id":"https:\/\/authenticpilatesonline.com\/es\/inicio\/#primaryimage"},"image":{"@id":"https:\/\/authenticpilatesonline.com\/es\/inicio\/#primaryimage"},"thumbnailUrl":"https:\/\/authenticpilatesonline.com\/wp-content\/uploads\/2019\/12\/classical-pilates-online-classes-1024x682.jpg","datePublished":"2018-07-27T17:34:09+00:00","dateModified":"2025-04-13T00:43:52+00:00","description":"Entrenamientos en v\u00eddeo de Pilates para todas las edades disponibles en l\u00ednea. Authentic Pilates Online ofrece formaci\u00f3n cl\u00e1sica para ejercitarse y entrenar en cualquier momento.","breadcrumb":{"@id":"https:\/\/authenticpilatesonline.com\/es\/inicio\/#breadcrumb"},"inLanguage":"es","potentialAction":[{"@type":"ReadAction","target":["https:\/\/authenticpilatesonline.com\/es\/inicio\/"]}]},{"@type":"ImageObject","inLanguage":"es","@id":"https:\/\/authenticpilatesonline.com\/es\/inicio\/#primaryimage","url":"https:\/\/authenticpilatesonline.com\/wp-content\/uploads\/2019\/12\/classical-pilates-online-classes-1024x682.jpg","contentUrl":"https:\/\/authenticpilatesonline.com\/wp-content\/uploads\/2019\/12\/classical-pilates-online-classes-1024x682.jpg"},{"@type":"BreadcrumbList","@id":"https:\/\/authenticpilatesonline.com\/es\/inicio\/#breadcrumb","itemListElement":[{"@type":"ListItem","position":1,"name":"Home","item":"https:\/\/authenticpilatesonline.com\/es\/nueva-pagina-de-inicio\/"},{"@type":"ListItem","position":2,"name":"Inicio"}]},{"@type":"WebSite","@id":"https:\/\/authenticpilatesonline.com\/es\/#website","url":"https:\/\/authenticpilatesonline.com\/es\/","name":"Authentic Pilates Center","description":"YOUR ACCESS TO CLASSICAL PILATES VIDEOS&lt;br&gt; ANYTIME, ANYWHERE","publisher":{"@id":"https:\/\/authenticpilatesonline.com\/es\/#organization"},"potentialAction":[{"@type":"SearchAction","target":{"@type":"EntryPoint","urlTemplate":"https:\/\/authenticpilatesonline.com\/es\/?s={search_term_string}"},"query-input":{"@type":"PropertyValueSpecification","valueRequired":true,"valueName":"search_term_string"}}],"inLanguage":"es"},{"@type":"Organization","@id":"https:\/\/authenticpilatesonline.com\/es\/#organization","name":"Authentic Pilates Center","url":"https:\/\/authenticpilatesonline.com\/es\/","logo":{"@type":"ImageObject","inLanguage":"es","@id":"https:\/\/authenticpilatesonline.com\/es\/#\/schema\/logo\/image\/","url":"https:\/\/authenticpilatesonline.com\/wp-content\/uploads\/2019\/12\/authentic-pilates-online-logo.png","contentUrl":"https:\/\/authenticpilatesonline.com\/wp-content\/uploads\/2019\/12\/authentic-pilates-online-logo.png","width":576,"height":150,"caption":"Authentic Pilates Center"},"image":{"@id":"https:\/\/authenticpilatesonline.com\/es\/#\/schema\/logo\/image\/"}}]}},"_links":{"self":[{"href":"https:\/\/authenticpilatesonline.com\/es\/wp-json\/wp\/v2\/pages\/38419","targetHints":{"allow":["GET"]}}],"collection":[{"href":"https:\/\/authenticpilatesonline.com\/es\/wp-json\/wp\/v2\/pages"}],"about":[{"href":"https:\/\/authenticpilatesonline.com\/es\/wp-json\/wp\/v2\/types\/page"}],"author":[{"embeddable":true,"href":"https:\/\/authenticpilatesonline.com\/es\/wp-json\/wp\/v2\/users\/1"}],"replies":[{"embeddable":true,"href":"https:\/\/authenticpilatesonline.com\/es\/wp-json\/wp\/v2\/comments?post=38419"}],"version-history":[{"count":2,"href":"https:\/\/authenticpilatesonline.com\/es\/wp-json\/wp\/v2\/pages\/38419\/revisions"}],"predecessor-version":[{"id":38422,"href":"https:\/\/authenticpilatesonline.com\/es\/wp-json\/wp\/v2\/pages\/38419\/revisions\/38422"}],"wp:attachment":[{"href":"https:\/\/authenticpilatesonline.com\/es\/wp-json\/wp\/v2\/media?parent=38419"}],"wp:term":[{"taxonomy":"page_layout","embeddable":true,"href":"https:\/\/authenticpilatesonline.com\/es\/wp-json\/wp\/v2\/page_layout?post=38419"}],"curies":[{"name":"wp","href":"https:\/\/api.w.org\/{rel}","templated":true}]}}