{"id":38558,"date":"2025-03-13T00:53:42","date_gmt":"2025-03-13T00:53:42","guid":{"rendered":"https:\/\/authenticpilatesonline.com\/acerca-de-nosotros\/silvia-corcelet\/"},"modified":"2025-04-13T00:48:00","modified_gmt":"2025-04-13T00:48:00","slug":"silvia-corcelet","status":"publish","type":"page","link":"https:\/\/authenticpilatesonline.com\/es\/acerca-de-nosotros\/silvia-corcelet\/","title":{"rendered":"Silvia Corcelet"},"content":{"rendered":"\n<div class=\"gb-element-eb19173d\">\n<div class=\"gb-element-436c0af2\">\n<figure class=\"wp-block-image size-full\"><img loading=\"lazy\" decoding=\"async\" width=\"400\" height=\"500\" src=\"https:\/\/authenticpilatesonline.com\/wp-content\/uploads\/2025\/03\/silvia.webp\" alt=\"Silvia Corcelet\" class=\"wp-image-33838\" srcset=\"https:\/\/authenticpilatesonline.com\/wp-content\/uploads\/2025\/03\/silvia.webp 400w, https:\/\/authenticpilatesonline.com\/wp-content\/uploads\/2025\/03\/silvia-240x300.webp 240w\" sizes=\"auto, (max-width: 400px) 100vw, 400px\" \/><\/figure>\n<\/div>\n\n\n\n<div>\n<p>Silvia ha sido estudiante de Pilates durante m\u00e1s de 20 a\u00f1os. Tras una lesi\u00f3n de rodilla, su m\u00e9dico le recomend\u00f3 practicar este m\u00e9todo, y desde entonces no ha dejado de entrenarse. Despu\u00e9s de muchos a\u00f1os de clases e investigaci\u00f3n autodidacta, decidi\u00f3 dar un paso m\u00e1s all\u00e1. Realiz\u00f3 varios cursos en Uruguay, pero sinti\u00f3 la necesidad de profundizar sus conocimientos, por lo que continu\u00f3 su formaci\u00f3n en Argentina y Brasil.   <\/p>\n\n\n\n<p>En 2020 comenz\u00f3 su formaci\u00f3n con \u00c9rica Almodovar, y en 2021 se certific\u00f3 como Instructora de Tercera Generaci\u00f3n en el Authentic Pilates Learning Center. En la actualidad, Silvia contin\u00faa entren\u00e1ndose semanalmente con \u00c9rica Almodovar, manteniendo as\u00ed sus conocimientos y habilidades al m\u00e1s alto nivel. <\/p>\n\n\n\n<p>Silvia tiene su estudio en Uruguay, donde imparte clases para alumnos regulares y ofrece cursos de formaci\u00f3n. Adem\u00e1s, imparte clases en l\u00ednea para estudiantes de otros pa\u00edses. Su estudio de Pilates es el primer estudio de Pilates Cl\u00e1sico en Uruguay.  <\/p>\n<\/div>\n<\/div>\n","protected":false},"excerpt":{"rendered":"<p>Silvia ha sido estudiante de Pilates durante m\u00e1s de 20 a\u00f1os. Tras una lesi\u00f3n de rodilla, su m\u00e9dico le recomend\u00f3 practicar este m\u00e9todo, y desde &#8230; <a title=\"Silvia Corcelet\" class=\"read-more\" href=\"https:\/\/authenticpilatesonline.com\/es\/acerca-de-nosotros\/silvia-corcelet\/\" aria-label=\"Leer m\u00e1s sobre Silvia Corcelet\">Leer m\u00e1s<\/a><\/p>\n","protected":false},"author":3,"featured_media":0,"parent":38417,"menu_order":0,"comment_status":"closed","ping_status":"closed","template":"","meta":{"__cvm_playback_settings":[],"__cvm_video_id":"","footnotes":""},"page_layout":[],"class_list":{"0":"post-38558","1":"page","2":"type-page","3":"status-publish","5":"infinite-scroll-item"},"yoast_head":"<!-- This site is optimized with the Yoast SEO plugin v27.3 - https:\/\/yoast.com\/product\/yoast-seo-wordpress\/ -->\n<title>Silvia Corcelet - Authentic Pilates Center<\/title>\n<meta name=\"robots\" content=\"index, follow, max-snippet:-1, max-image-preview:large, max-video-preview:-1\" \/>\n<link rel=\"canonical\" href=\"https:\/\/authenticpilatesonline.com\/es\/acerca-de-nosotros\/silvia-corcelet\/\" \/>\n<meta property=\"og:locale\" content=\"es_ES\" \/>\n<meta property=\"og:type\" content=\"article\" \/>\n<meta property=\"og:title\" content=\"Silvia Corcelet - Authentic Pilates Center\" \/>\n<meta property=\"og:description\" content=\"Silvia ha sido estudiante de Pilates durante m\u00e1s de 20 a\u00f1os. Tras una lesi\u00f3n de rodilla, su m\u00e9dico le recomend\u00f3 practicar este m\u00e9todo, y desde ... Leer m\u00e1s\" \/>\n<meta property=\"og:url\" content=\"https:\/\/authenticpilatesonline.com\/es\/acerca-de-nosotros\/silvia-corcelet\/\" \/>\n<meta property=\"og:site_name\" content=\"Authentic Pilates Center\" \/>\n<meta property=\"article:modified_time\" content=\"2025-04-13T00:48:00+00:00\" \/>\n<meta property=\"og:image\" content=\"https:\/\/authenticpilatesonline.com\/wp-content\/uploads\/2025\/03\/silvia.webp\" \/>\n\t<meta property=\"og:image:width\" content=\"400\" \/>\n\t<meta property=\"og:image:height\" content=\"500\" \/>\n\t<meta property=\"og:image:type\" content=\"image\/webp\" \/>\n<meta name=\"twitter:card\" content=\"summary_large_image\" \/>\n<meta name=\"twitter:label1\" content=\"Tiempo de lectura\" \/>\n\t<meta name=\"twitter:data1\" content=\"1 minuto\" \/>\n<script type=\"application\/ld+json\" class=\"yoast-schema-graph\">{\"@context\":\"https:\\\/\\\/schema.org\",\"@graph\":[{\"@type\":\"WebPage\",\"@id\":\"https:\\\/\\\/authenticpilatesonline.com\\\/es\\\/acerca-de-nosotros\\\/silvia-corcelet\\\/\",\"url\":\"https:\\\/\\\/authenticpilatesonline.com\\\/es\\\/acerca-de-nosotros\\\/silvia-corcelet\\\/\",\"name\":\"Silvia Corcelet - Authentic Pilates Center\",\"isPartOf\":{\"@id\":\"https:\\\/\\\/authenticpilatesonline.com\\\/es\\\/#website\"},\"primaryImageOfPage\":{\"@id\":\"https:\\\/\\\/authenticpilatesonline.com\\\/es\\\/acerca-de-nosotros\\\/silvia-corcelet\\\/#primaryimage\"},\"image\":{\"@id\":\"https:\\\/\\\/authenticpilatesonline.com\\\/es\\\/acerca-de-nosotros\\\/silvia-corcelet\\\/#primaryimage\"},\"thumbnailUrl\":\"https:\\\/\\\/authenticpilatesonline.com\\\/wp-content\\\/uploads\\\/2025\\\/03\\\/silvia.webp\",\"datePublished\":\"2025-03-13T00:53:42+00:00\",\"dateModified\":\"2025-04-13T00:48:00+00:00\",\"breadcrumb\":{\"@id\":\"https:\\\/\\\/authenticpilatesonline.com\\\/es\\\/acerca-de-nosotros\\\/silvia-corcelet\\\/#breadcrumb\"},\"inLanguage\":\"es\",\"potentialAction\":[{\"@type\":\"ReadAction\",\"target\":[\"https:\\\/\\\/authenticpilatesonline.com\\\/es\\\/acerca-de-nosotros\\\/silvia-corcelet\\\/\"]}]},{\"@type\":\"ImageObject\",\"inLanguage\":\"es\",\"@id\":\"https:\\\/\\\/authenticpilatesonline.com\\\/es\\\/acerca-de-nosotros\\\/silvia-corcelet\\\/#primaryimage\",\"url\":\"https:\\\/\\\/authenticpilatesonline.com\\\/wp-content\\\/uploads\\\/2025\\\/03\\\/silvia.webp\",\"contentUrl\":\"https:\\\/\\\/authenticpilatesonline.com\\\/wp-content\\\/uploads\\\/2025\\\/03\\\/silvia.webp\"},{\"@type\":\"BreadcrumbList\",\"@id\":\"https:\\\/\\\/authenticpilatesonline.com\\\/es\\\/acerca-de-nosotros\\\/silvia-corcelet\\\/#breadcrumb\",\"itemListElement\":[{\"@type\":\"ListItem\",\"position\":1,\"name\":\"Home\",\"item\":\"https:\\\/\\\/authenticpilatesonline.com\\\/es\\\/nueva-pagina-de-inicio\\\/\"},{\"@type\":\"ListItem\",\"position\":2,\"name\":\"Acerca de nosotros\",\"item\":\"https:\\\/\\\/authenticpilatesonline.com\\\/es\\\/acerca-de-nosotros\\\/\"},{\"@type\":\"ListItem\",\"position\":3,\"name\":\"Silvia Corcelet\"}]},{\"@type\":\"WebSite\",\"@id\":\"https:\\\/\\\/authenticpilatesonline.com\\\/es\\\/#website\",\"url\":\"https:\\\/\\\/authenticpilatesonline.com\\\/es\\\/\",\"name\":\"Authentic Pilates Center\",\"description\":\"YOUR ACCESS TO CLASSICAL PILATES VIDEOS&lt;br&gt; ANYTIME, ANYWHERE\",\"publisher\":{\"@id\":\"https:\\\/\\\/authenticpilatesonline.com\\\/es\\\/#organization\"},\"potentialAction\":[{\"@type\":\"SearchAction\",\"target\":{\"@type\":\"EntryPoint\",\"urlTemplate\":\"https:\\\/\\\/authenticpilatesonline.com\\\/es\\\/?s={search_term_string}\"},\"query-input\":{\"@type\":\"PropertyValueSpecification\",\"valueRequired\":true,\"valueName\":\"search_term_string\"}}],\"inLanguage\":\"es\"},{\"@type\":\"Organization\",\"@id\":\"https:\\\/\\\/authenticpilatesonline.com\\\/es\\\/#organization\",\"name\":\"Authentic Pilates Center\",\"url\":\"https:\\\/\\\/authenticpilatesonline.com\\\/es\\\/\",\"logo\":{\"@type\":\"ImageObject\",\"inLanguage\":\"es\",\"@id\":\"https:\\\/\\\/authenticpilatesonline.com\\\/es\\\/#\\\/schema\\\/logo\\\/image\\\/\",\"url\":\"https:\\\/\\\/authenticpilatesonline.com\\\/wp-content\\\/uploads\\\/2019\\\/12\\\/authentic-pilates-online-logo.png\",\"contentUrl\":\"https:\\\/\\\/authenticpilatesonline.com\\\/wp-content\\\/uploads\\\/2019\\\/12\\\/authentic-pilates-online-logo.png\",\"width\":576,\"height\":150,\"caption\":\"Authentic Pilates Center\"},\"image\":{\"@id\":\"https:\\\/\\\/authenticpilatesonline.com\\\/es\\\/#\\\/schema\\\/logo\\\/image\\\/\"}}]}<\/script>\n<!-- \/ Yoast SEO plugin. -->","yoast_head_json":{"title":"Silvia Corcelet - Authentic Pilates Center","robots":{"index":"index","follow":"follow","max-snippet":"max-snippet:-1","max-image-preview":"max-image-preview:large","max-video-preview":"max-video-preview:-1"},"canonical":"https:\/\/authenticpilatesonline.com\/es\/acerca-de-nosotros\/silvia-corcelet\/","og_locale":"es_ES","og_type":"article","og_title":"Silvia Corcelet - Authentic Pilates Center","og_description":"Silvia ha sido estudiante de Pilates durante m\u00e1s de 20 a\u00f1os. Tras una lesi\u00f3n de rodilla, su m\u00e9dico le recomend\u00f3 practicar este m\u00e9todo, y desde ... Leer m\u00e1s","og_url":"https:\/\/authenticpilatesonline.com\/es\/acerca-de-nosotros\/silvia-corcelet\/","og_site_name":"Authentic Pilates Center","article_modified_time":"2025-04-13T00:48:00+00:00","og_image":[{"width":400,"height":500,"url":"https:\/\/authenticpilatesonline.com\/wp-content\/uploads\/2025\/03\/silvia.webp","type":"image\/webp"}],"twitter_card":"summary_large_image","twitter_misc":{"Tiempo de lectura":"1 minuto"},"schema":{"@context":"https:\/\/schema.org","@graph":[{"@type":"WebPage","@id":"https:\/\/authenticpilatesonline.com\/es\/acerca-de-nosotros\/silvia-corcelet\/","url":"https:\/\/authenticpilatesonline.com\/es\/acerca-de-nosotros\/silvia-corcelet\/","name":"Silvia Corcelet - Authentic Pilates Center","isPartOf":{"@id":"https:\/\/authenticpilatesonline.com\/es\/#website"},"primaryImageOfPage":{"@id":"https:\/\/authenticpilatesonline.com\/es\/acerca-de-nosotros\/silvia-corcelet\/#primaryimage"},"image":{"@id":"https:\/\/authenticpilatesonline.com\/es\/acerca-de-nosotros\/silvia-corcelet\/#primaryimage"},"thumbnailUrl":"https:\/\/authenticpilatesonline.com\/wp-content\/uploads\/2025\/03\/silvia.webp","datePublished":"2025-03-13T00:53:42+00:00","dateModified":"2025-04-13T00:48:00+00:00","breadcrumb":{"@id":"https:\/\/authenticpilatesonline.com\/es\/acerca-de-nosotros\/silvia-corcelet\/#breadcrumb"},"inLanguage":"es","potentialAction":[{"@type":"ReadAction","target":["https:\/\/authenticpilatesonline.com\/es\/acerca-de-nosotros\/silvia-corcelet\/"]}]},{"@type":"ImageObject","inLanguage":"es","@id":"https:\/\/authenticpilatesonline.com\/es\/acerca-de-nosotros\/silvia-corcelet\/#primaryimage","url":"https:\/\/authenticpilatesonline.com\/wp-content\/uploads\/2025\/03\/silvia.webp","contentUrl":"https:\/\/authenticpilatesonline.com\/wp-content\/uploads\/2025\/03\/silvia.webp"},{"@type":"BreadcrumbList","@id":"https:\/\/authenticpilatesonline.com\/es\/acerca-de-nosotros\/silvia-corcelet\/#breadcrumb","itemListElement":[{"@type":"ListItem","position":1,"name":"Home","item":"https:\/\/authenticpilatesonline.com\/es\/nueva-pagina-de-inicio\/"},{"@type":"ListItem","position":2,"name":"Acerca de nosotros","item":"https:\/\/authenticpilatesonline.com\/es\/acerca-de-nosotros\/"},{"@type":"ListItem","position":3,"name":"Silvia Corcelet"}]},{"@type":"WebSite","@id":"https:\/\/authenticpilatesonline.com\/es\/#website","url":"https:\/\/authenticpilatesonline.com\/es\/","name":"Authentic Pilates Center","description":"YOUR ACCESS TO CLASSICAL PILATES VIDEOS&lt;br&gt; ANYTIME, ANYWHERE","publisher":{"@id":"https:\/\/authenticpilatesonline.com\/es\/#organization"},"potentialAction":[{"@type":"SearchAction","target":{"@type":"EntryPoint","urlTemplate":"https:\/\/authenticpilatesonline.com\/es\/?s={search_term_string}"},"query-input":{"@type":"PropertyValueSpecification","valueRequired":true,"valueName":"search_term_string"}}],"inLanguage":"es"},{"@type":"Organization","@id":"https:\/\/authenticpilatesonline.com\/es\/#organization","name":"Authentic Pilates Center","url":"https:\/\/authenticpilatesonline.com\/es\/","logo":{"@type":"ImageObject","inLanguage":"es","@id":"https:\/\/authenticpilatesonline.com\/es\/#\/schema\/logo\/image\/","url":"https:\/\/authenticpilatesonline.com\/wp-content\/uploads\/2019\/12\/authentic-pilates-online-logo.png","contentUrl":"https:\/\/authenticpilatesonline.com\/wp-content\/uploads\/2019\/12\/authentic-pilates-online-logo.png","width":576,"height":150,"caption":"Authentic Pilates Center"},"image":{"@id":"https:\/\/authenticpilatesonline.com\/es\/#\/schema\/logo\/image\/"}}]}},"_links":{"self":[{"href":"https:\/\/authenticpilatesonline.com\/es\/wp-json\/wp\/v2\/pages\/38558","targetHints":{"allow":["GET"]}}],"collection":[{"href":"https:\/\/authenticpilatesonline.com\/es\/wp-json\/wp\/v2\/pages"}],"about":[{"href":"https:\/\/authenticpilatesonline.com\/es\/wp-json\/wp\/v2\/types\/page"}],"author":[{"embeddable":true,"href":"https:\/\/authenticpilatesonline.com\/es\/wp-json\/wp\/v2\/users\/3"}],"replies":[{"embeddable":true,"href":"https:\/\/authenticpilatesonline.com\/es\/wp-json\/wp\/v2\/comments?post=38558"}],"version-history":[{"count":1,"href":"https:\/\/authenticpilatesonline.com\/es\/wp-json\/wp\/v2\/pages\/38558\/revisions"}],"predecessor-version":[{"id":38560,"href":"https:\/\/authenticpilatesonline.com\/es\/wp-json\/wp\/v2\/pages\/38558\/revisions\/38560"}],"up":[{"embeddable":true,"href":"https:\/\/authenticpilatesonline.com\/es\/wp-json\/wp\/v2\/pages\/38417"}],"wp:attachment":[{"href":"https:\/\/authenticpilatesonline.com\/es\/wp-json\/wp\/v2\/media?parent=38558"}],"wp:term":[{"taxonomy":"page_layout","embeddable":true,"href":"https:\/\/authenticpilatesonline.com\/es\/wp-json\/wp\/v2\/page_layout?post=38558"}],"curies":[{"name":"wp","href":"https:\/\/api.w.org\/{rel}","templated":true}]}}