{"id":38301,"date":"2018-07-27T17:43:00","date_gmt":"2018-07-27T17:43:00","guid":{"rendered":"https:\/\/authenticpilatesonline.com\/central-de-ajuda\/"},"modified":"2025-04-13T00:40:46","modified_gmt":"2025-04-13T00:40:46","slug":"central-de-ajuda","status":"publish","type":"page","link":"https:\/\/authenticpilatesonline.com\/pt-br\/central-de-ajuda\/","title":{"rendered":"Central de Ajuda"},"content":{"rendered":"\n<h3 class=\"wp-block-heading\"><strong>Como posso cancelar minha assinatura?<\/strong><\/h3>\n\n<p>Aqui est\u00e3o os passos para cancelar sua assinatura:<\/p>\n\n<ol class=\"wp-block-list\"><li> Efetue o login. Clique em &#8216;Minha Conta&#8217; no canto superior direito.<\/li><li>Selecione &#8220;Associa\u00e7\u00f5es&#8221; no menu da conta \u00e0 esquerda.<\/li><li> Clique no bot\u00e3o &#8216;Cancelar&#8217;.<\/li><li>Um e-mail de confirma\u00e7\u00e3o ser\u00e1 automaticamente enviado para o endere\u00e7o de e-mail registrado. Por favor, verifique-o para confirmar que voc\u00ea cancelou.<\/li><\/ol>\n\n<p>Volte quando desejar! Simplesmente utilize o mesmo nome de usu\u00e1rio e senha para efetuar login. Retorne \u00e0 sua p\u00e1gina de conta e clique em &#8216;<strong>Renovar Assinatura<\/strong>&#8216;.<\/p>\n\n<h3 class=\"wp-block-heading\"><strong>Como utilizar um c\u00f3digo de cupom?<\/strong><\/h3>\n\n<p>Voc\u00ea pode inserir o c\u00f3digo do cupom durante o processo de finaliza\u00e7\u00e3o da compra. <\/p>\n\n<h3 class=\"wp-block-heading\"><strong>Sou um aprendiz no Authentic Pilates Learning Center. Como obtenho meu acesso gratuito?<\/strong><\/h3>\n\n<p>Por favor, <a href=\"https:\/\/authenticpilatesonline.com\/contact\/\">entre em contato conosco<\/a> para obter seu acesso gratuito de um ano ao Authentic Pilates Online enquanto voc\u00ea estiver concluindo seu treinamento conosco. Enviaremos todas as instru\u00e7\u00f5es por e-mail. <\/p>\n\n<h3 class=\"wp-block-heading\"><strong>O Authentic Pilates Online est\u00e1 dispon\u00edvel em todos os pa\u00edses?<\/strong><\/h3>\n\n<p>Infelizmente, diversos pa\u00edses bloqueiam a plataforma de hospedagem de v\u00eddeos que utilizamos. Esses pa\u00edses incluem China, Coreia do Norte e Indon\u00e9sia. Voc\u00ea ainda pode visualizar os v\u00eddeos se estiver utilizando uma VPN (rede privada virtual).<br\/><\/p>\n","protected":false},"excerpt":{"rendered":"<p>Como posso cancelar minha assinatura? Aqui est\u00e3o os passos para cancelar sua assinatura: Efetue o login. Clique em &#8216;Minha Conta&#8217; no canto superior direito. Selecione &#8230; <a title=\"Central de Ajuda\" class=\"read-more\" href=\"https:\/\/authenticpilatesonline.com\/pt-br\/central-de-ajuda\/\" aria-label=\"Read more about Central de Ajuda\">Leia mais<\/a><\/p>\n","protected":false},"author":1,"featured_media":0,"parent":0,"menu_order":0,"comment_status":"closed","ping_status":"closed","template":"","meta":{"__cvm_playback_settings":[],"__cvm_video_id":"","footnotes":""},"page_layout":[],"class_list":{"0":"post-38301","1":"page","2":"type-page","3":"status-publish","5":"infinite-scroll-item"},"yoast_head":"<!-- This site is optimized with the Yoast SEO plugin v27.4 - https:\/\/yoast.com\/product\/yoast-seo-wordpress\/ -->\n<title>Central de Ajuda - Authentic Pilates Center<\/title>\n<meta name=\"robots\" content=\"index, follow, max-snippet:-1, max-image-preview:large, max-video-preview:-1\" \/>\n<link rel=\"canonical\" href=\"https:\/\/authenticpilatesonline.com\/pt-br\/central-de-ajuda\/\" \/>\n<meta property=\"og:locale\" content=\"pt_BR\" \/>\n<meta property=\"og:type\" content=\"article\" \/>\n<meta property=\"og:title\" content=\"Central de Ajuda - Authentic Pilates Center\" \/>\n<meta property=\"og:description\" content=\"Como posso cancelar minha assinatura? Aqui est\u00e3o os passos para cancelar sua assinatura: Efetue o login. Clique em &#8216;Minha Conta&#8217; no canto superior direito. Selecione ... Leia mais\" \/>\n<meta property=\"og:url\" content=\"https:\/\/authenticpilatesonline.com\/pt-br\/central-de-ajuda\/\" \/>\n<meta property=\"og:site_name\" content=\"Authentic Pilates Center\" \/>\n<meta property=\"article:modified_time\" content=\"2025-04-13T00:40:46+00:00\" \/>\n<meta name=\"twitter:card\" content=\"summary_large_image\" \/>\n<meta name=\"twitter:label1\" content=\"Est. tempo de leitura\" \/>\n\t<meta name=\"twitter:data1\" content=\"1 minuto\" \/>\n<script type=\"application\/ld+json\" class=\"yoast-schema-graph\">{\"@context\":\"https:\\\/\\\/schema.org\",\"@graph\":[{\"@type\":\"WebPage\",\"@id\":\"https:\\\/\\\/authenticpilatesonline.com\\\/pt-br\\\/central-de-ajuda\\\/\",\"url\":\"https:\\\/\\\/authenticpilatesonline.com\\\/pt-br\\\/central-de-ajuda\\\/\",\"name\":\"Central de Ajuda - Authentic Pilates Center\",\"isPartOf\":{\"@id\":\"https:\\\/\\\/authenticpilatesonline.com\\\/pt-br\\\/#website\"},\"datePublished\":\"2018-07-27T17:43:00+00:00\",\"dateModified\":\"2025-04-13T00:40:46+00:00\",\"breadcrumb\":{\"@id\":\"https:\\\/\\\/authenticpilatesonline.com\\\/pt-br\\\/central-de-ajuda\\\/#breadcrumb\"},\"inLanguage\":\"pt-BR\",\"potentialAction\":[{\"@type\":\"ReadAction\",\"target\":[\"https:\\\/\\\/authenticpilatesonline.com\\\/pt-br\\\/central-de-ajuda\\\/\"]}]},{\"@type\":\"BreadcrumbList\",\"@id\":\"https:\\\/\\\/authenticpilatesonline.com\\\/pt-br\\\/central-de-ajuda\\\/#breadcrumb\",\"itemListElement\":[{\"@type\":\"ListItem\",\"position\":1,\"name\":\"Home\",\"item\":\"https:\\\/\\\/authenticpilatesonline.com\\\/pt-br\\\/nova-pagina-inicial\\\/\"},{\"@type\":\"ListItem\",\"position\":2,\"name\":\"Central de Ajuda\"}]},{\"@type\":\"WebSite\",\"@id\":\"https:\\\/\\\/authenticpilatesonline.com\\\/pt-br\\\/#website\",\"url\":\"https:\\\/\\\/authenticpilatesonline.com\\\/pt-br\\\/\",\"name\":\"Authentic Pilates Center\",\"description\":\"YOUR ACCESS TO CLASSICAL PILATES VIDEOS&lt;br&gt; ANYTIME, ANYWHERE\",\"publisher\":{\"@id\":\"https:\\\/\\\/authenticpilatesonline.com\\\/pt-br\\\/#organization\"},\"potentialAction\":[{\"@type\":\"SearchAction\",\"target\":{\"@type\":\"EntryPoint\",\"urlTemplate\":\"https:\\\/\\\/authenticpilatesonline.com\\\/pt-br\\\/?s={search_term_string}\"},\"query-input\":{\"@type\":\"PropertyValueSpecification\",\"valueRequired\":true,\"valueName\":\"search_term_string\"}}],\"inLanguage\":\"pt-BR\"},{\"@type\":\"Organization\",\"@id\":\"https:\\\/\\\/authenticpilatesonline.com\\\/pt-br\\\/#organization\",\"name\":\"Authentic Pilates Center\",\"url\":\"https:\\\/\\\/authenticpilatesonline.com\\\/pt-br\\\/\",\"logo\":{\"@type\":\"ImageObject\",\"inLanguage\":\"pt-BR\",\"@id\":\"https:\\\/\\\/authenticpilatesonline.com\\\/pt-br\\\/#\\\/schema\\\/logo\\\/image\\\/\",\"url\":\"https:\\\/\\\/authenticpilatesonline.com\\\/wp-content\\\/uploads\\\/2019\\\/12\\\/authentic-pilates-online-logo.png\",\"contentUrl\":\"https:\\\/\\\/authenticpilatesonline.com\\\/wp-content\\\/uploads\\\/2019\\\/12\\\/authentic-pilates-online-logo.png\",\"width\":576,\"height\":150,\"caption\":\"Authentic Pilates Center\"},\"image\":{\"@id\":\"https:\\\/\\\/authenticpilatesonline.com\\\/pt-br\\\/#\\\/schema\\\/logo\\\/image\\\/\"}}]}<\/script>\n<!-- \/ Yoast SEO plugin. -->","yoast_head_json":{"title":"Central de Ajuda - Authentic Pilates Center","robots":{"index":"index","follow":"follow","max-snippet":"max-snippet:-1","max-image-preview":"max-image-preview:large","max-video-preview":"max-video-preview:-1"},"canonical":"https:\/\/authenticpilatesonline.com\/pt-br\/central-de-ajuda\/","og_locale":"pt_BR","og_type":"article","og_title":"Central de Ajuda - Authentic Pilates Center","og_description":"Como posso cancelar minha assinatura? Aqui est\u00e3o os passos para cancelar sua assinatura: Efetue o login. Clique em &#8216;Minha Conta&#8217; no canto superior direito. Selecione ... Leia mais","og_url":"https:\/\/authenticpilatesonline.com\/pt-br\/central-de-ajuda\/","og_site_name":"Authentic Pilates Center","article_modified_time":"2025-04-13T00:40:46+00:00","twitter_card":"summary_large_image","twitter_misc":{"Est. tempo de leitura":"1 minuto"},"schema":{"@context":"https:\/\/schema.org","@graph":[{"@type":"WebPage","@id":"https:\/\/authenticpilatesonline.com\/pt-br\/central-de-ajuda\/","url":"https:\/\/authenticpilatesonline.com\/pt-br\/central-de-ajuda\/","name":"Central de Ajuda - Authentic Pilates Center","isPartOf":{"@id":"https:\/\/authenticpilatesonline.com\/pt-br\/#website"},"datePublished":"2018-07-27T17:43:00+00:00","dateModified":"2025-04-13T00:40:46+00:00","breadcrumb":{"@id":"https:\/\/authenticpilatesonline.com\/pt-br\/central-de-ajuda\/#breadcrumb"},"inLanguage":"pt-BR","potentialAction":[{"@type":"ReadAction","target":["https:\/\/authenticpilatesonline.com\/pt-br\/central-de-ajuda\/"]}]},{"@type":"BreadcrumbList","@id":"https:\/\/authenticpilatesonline.com\/pt-br\/central-de-ajuda\/#breadcrumb","itemListElement":[{"@type":"ListItem","position":1,"name":"Home","item":"https:\/\/authenticpilatesonline.com\/pt-br\/nova-pagina-inicial\/"},{"@type":"ListItem","position":2,"name":"Central de Ajuda"}]},{"@type":"WebSite","@id":"https:\/\/authenticpilatesonline.com\/pt-br\/#website","url":"https:\/\/authenticpilatesonline.com\/pt-br\/","name":"Authentic Pilates Center","description":"YOUR ACCESS TO CLASSICAL PILATES VIDEOS&lt;br&gt; ANYTIME, ANYWHERE","publisher":{"@id":"https:\/\/authenticpilatesonline.com\/pt-br\/#organization"},"potentialAction":[{"@type":"SearchAction","target":{"@type":"EntryPoint","urlTemplate":"https:\/\/authenticpilatesonline.com\/pt-br\/?s={search_term_string}"},"query-input":{"@type":"PropertyValueSpecification","valueRequired":true,"valueName":"search_term_string"}}],"inLanguage":"pt-BR"},{"@type":"Organization","@id":"https:\/\/authenticpilatesonline.com\/pt-br\/#organization","name":"Authentic Pilates Center","url":"https:\/\/authenticpilatesonline.com\/pt-br\/","logo":{"@type":"ImageObject","inLanguage":"pt-BR","@id":"https:\/\/authenticpilatesonline.com\/pt-br\/#\/schema\/logo\/image\/","url":"https:\/\/authenticpilatesonline.com\/wp-content\/uploads\/2019\/12\/authentic-pilates-online-logo.png","contentUrl":"https:\/\/authenticpilatesonline.com\/wp-content\/uploads\/2019\/12\/authentic-pilates-online-logo.png","width":576,"height":150,"caption":"Authentic Pilates Center"},"image":{"@id":"https:\/\/authenticpilatesonline.com\/pt-br\/#\/schema\/logo\/image\/"}}]}},"_links":{"self":[{"href":"https:\/\/authenticpilatesonline.com\/pt-br\/wp-json\/wp\/v2\/pages\/38301","targetHints":{"allow":["GET"]}}],"collection":[{"href":"https:\/\/authenticpilatesonline.com\/pt-br\/wp-json\/wp\/v2\/pages"}],"about":[{"href":"https:\/\/authenticpilatesonline.com\/pt-br\/wp-json\/wp\/v2\/types\/page"}],"author":[{"embeddable":true,"href":"https:\/\/authenticpilatesonline.com\/pt-br\/wp-json\/wp\/v2\/users\/1"}],"replies":[{"embeddable":true,"href":"https:\/\/authenticpilatesonline.com\/pt-br\/wp-json\/wp\/v2\/comments?post=38301"}],"version-history":[{"count":1,"href":"https:\/\/authenticpilatesonline.com\/pt-br\/wp-json\/wp\/v2\/pages\/38301\/revisions"}],"predecessor-version":[{"id":38304,"href":"https:\/\/authenticpilatesonline.com\/pt-br\/wp-json\/wp\/v2\/pages\/38301\/revisions\/38304"}],"wp:attachment":[{"href":"https:\/\/authenticpilatesonline.com\/pt-br\/wp-json\/wp\/v2\/media?parent=38301"}],"wp:term":[{"taxonomy":"page_layout","embeddable":true,"href":"https:\/\/authenticpilatesonline.com\/pt-br\/wp-json\/wp\/v2\/page_layout?post=38301"}],"curies":[{"name":"wp","href":"https:\/\/api.w.org\/{rel}","templated":true}]}}