{"id":38308,"date":"2020-01-02T20:59:02","date_gmt":"2020-01-02T20:59:02","guid":{"rendered":"https:\/\/authenticpilatesonline.com\/erica-almodovar\/"},"modified":"2025-04-13T00:43:39","modified_gmt":"2025-04-13T00:43:39","slug":"erica-almodovar","status":"publish","type":"page","link":"https:\/\/authenticpilatesonline.com\/pt-br\/sobre-nos\/erica-almodovar\/","title":{"rendered":"Erica Almodovar"},"content":{"rendered":"\n<div>\n<div class=\"gb-element-eb19173d\">\n<div class=\"gb-element-436c0af2\">\n<figure class=\"wp-block-image size-full\"><img loading=\"lazy\" decoding=\"async\" width=\"400\" height=\"500\" src=\"https:\/\/authenticpilatesonline.com\/wp-content\/uploads\/2025\/03\/Erica-Almodovar.webp\" alt=\"Erica Almodovar\" class=\"wp-image-33474\" srcset=\"https:\/\/authenticpilatesonline.com\/wp-content\/uploads\/2025\/03\/Erica-Almodovar.webp 400w, https:\/\/authenticpilatesonline.com\/wp-content\/uploads\/2025\/03\/Erica-Almodovar-240x300.webp 240w\" sizes=\"auto, (max-width: 400px) 100vw, 400px\" \/><\/figure>\n<\/div>\n\n\n\n<div>\n<p>Origin\u00e1ria do Brasil, Erica iniciou sua experi\u00eancia com Pilates em 1999, \nestudando sob a supervis\u00e3o da Mestra Instrutora Romana Kryzanowska e \nSari Mejia Santo. Ela obteve sua certifica\u00e7\u00e3o em Pilates Aut\u00eantico \npelo The New York Pilates Studio. Em 2007, Erica estudou com Bob \nLiekens na Power Pilates em Nova York, concluindo o programa Pilates Bridge \n.  <\/p>\n\n\n\n<p>Antes de se juntar ao Authentic Pilates Learning Center, Erica inaugurou e \nadministrou tr\u00eas est\u00fadios de Pilates para o CAN DO Fitness Clubs, contratando, \norientando e supervisionando mais de 20 professores de Pilates com forma\u00e7\u00e3o \ncl\u00e1ssica. Ela possui mais de 25 anos de experi\u00eancia na ind\u00fastria da dan\u00e7a e \ndo fitness, estudou na The Ailey School em Nova York, na Yukiko \nBallet Dance School em Quioto, Jap\u00e3o, e lecionou e se apresentou com \ncompanhias de dan\u00e7a por todo o Brasil, Jap\u00e3o e Estados Unidos. Ela \npossui m\u00faltiplas certifica\u00e7\u00f5es em fitness, \u00e9 a criadora do programa \neBarre, e ministrou numerosos workshops e aulas magistrais por todo \no pa\u00eds.  <\/p>\n<\/div>\n<\/div>\n<\/div>\n\n<div class=\"wp-block-columns is-layout-flex wp-container-core-columns-is-layout-9d6595d7 wp-block-columns-is-layout-flex\">\n<div class=\"wp-block-column is-layout-flow wp-block-column-is-layout-flow\" style=\"flex-basis:33.33%\"><\/div>\n\n\n\n<div class=\"wp-block-column is-layout-flow wp-block-column-is-layout-flow\" style=\"flex-basis:66.66%\"><\/div>\n<\/div>\n","protected":false},"excerpt":{"rendered":"<p>Origin\u00e1ria do Brasil, Erica iniciou sua experi\u00eancia com Pilates em 1999, estudando sob a supervis\u00e3o da Mestra Instrutora Romana Kryzanowska e Sari Mejia Santo. Ela &#8230; <a title=\"Erica Almodovar\" class=\"read-more\" href=\"https:\/\/authenticpilatesonline.com\/pt-br\/sobre-nos\/erica-almodovar\/\" aria-label=\"Read more about Erica Almodovar\">Leia mais<\/a><\/p>\n","protected":false},"author":3,"featured_media":0,"parent":38409,"menu_order":0,"comment_status":"closed","ping_status":"closed","template":"","meta":{"__cvm_playback_settings":[],"__cvm_video_id":"","footnotes":""},"page_layout":[],"class_list":{"0":"post-38308","1":"page","2":"type-page","3":"status-publish","5":"infinite-scroll-item"},"yoast_head":"<!-- This site is optimized with the Yoast SEO plugin v27.3 - https:\/\/yoast.com\/product\/yoast-seo-wordpress\/ -->\n<title>Erica Almodovar - Authentic Pilates Center<\/title>\n<meta name=\"robots\" content=\"index, follow, max-snippet:-1, max-image-preview:large, max-video-preview:-1\" \/>\n<link rel=\"canonical\" href=\"https:\/\/authenticpilatesonline.com\/pt-br\/sobre-nos\/erica-almodovar\/\" \/>\n<meta property=\"og:locale\" content=\"pt_BR\" \/>\n<meta property=\"og:type\" content=\"article\" \/>\n<meta property=\"og:title\" content=\"Erica Almodovar - Authentic Pilates Center\" \/>\n<meta property=\"og:description\" content=\"Origin\u00e1ria do Brasil, Erica iniciou sua experi\u00eancia com Pilates em 1999, estudando sob a supervis\u00e3o da Mestra Instrutora Romana Kryzanowska e Sari Mejia Santo. Ela ... Leia mais\" \/>\n<meta property=\"og:url\" content=\"https:\/\/authenticpilatesonline.com\/pt-br\/sobre-nos\/erica-almodovar\/\" \/>\n<meta property=\"og:site_name\" content=\"Authentic Pilates Center\" \/>\n<meta property=\"article:modified_time\" content=\"2025-04-13T00:43:39+00:00\" \/>\n<meta property=\"og:image\" content=\"https:\/\/authenticpilatesonline.com\/wp-content\/uploads\/2025\/03\/Erica-Almodovar.webp\" \/>\n\t<meta property=\"og:image:width\" content=\"400\" \/>\n\t<meta property=\"og:image:height\" content=\"500\" \/>\n\t<meta property=\"og:image:type\" content=\"image\/webp\" \/>\n<meta name=\"twitter:card\" content=\"summary_large_image\" \/>\n<meta name=\"twitter:label1\" content=\"Est. tempo de leitura\" \/>\n\t<meta name=\"twitter:data1\" content=\"1 minuto\" \/>\n<script type=\"application\/ld+json\" class=\"yoast-schema-graph\">{\"@context\":\"https:\\\/\\\/schema.org\",\"@graph\":[{\"@type\":\"WebPage\",\"@id\":\"https:\\\/\\\/authenticpilatesonline.com\\\/pt-br\\\/sobre-nos\\\/erica-almodovar\\\/\",\"url\":\"https:\\\/\\\/authenticpilatesonline.com\\\/pt-br\\\/sobre-nos\\\/erica-almodovar\\\/\",\"name\":\"Erica Almodovar - Authentic Pilates Center\",\"isPartOf\":{\"@id\":\"https:\\\/\\\/authenticpilatesonline.com\\\/pt-br\\\/#website\"},\"primaryImageOfPage\":{\"@id\":\"https:\\\/\\\/authenticpilatesonline.com\\\/pt-br\\\/sobre-nos\\\/erica-almodovar\\\/#primaryimage\"},\"image\":{\"@id\":\"https:\\\/\\\/authenticpilatesonline.com\\\/pt-br\\\/sobre-nos\\\/erica-almodovar\\\/#primaryimage\"},\"thumbnailUrl\":\"https:\\\/\\\/authenticpilatesonline.com\\\/wp-content\\\/uploads\\\/2025\\\/03\\\/Erica-Almodovar.webp\",\"datePublished\":\"2020-01-02T20:59:02+00:00\",\"dateModified\":\"2025-04-13T00:43:39+00:00\",\"breadcrumb\":{\"@id\":\"https:\\\/\\\/authenticpilatesonline.com\\\/pt-br\\\/sobre-nos\\\/erica-almodovar\\\/#breadcrumb\"},\"inLanguage\":\"pt-BR\",\"potentialAction\":[{\"@type\":\"ReadAction\",\"target\":[\"https:\\\/\\\/authenticpilatesonline.com\\\/pt-br\\\/sobre-nos\\\/erica-almodovar\\\/\"]}]},{\"@type\":\"ImageObject\",\"inLanguage\":\"pt-BR\",\"@id\":\"https:\\\/\\\/authenticpilatesonline.com\\\/pt-br\\\/sobre-nos\\\/erica-almodovar\\\/#primaryimage\",\"url\":\"https:\\\/\\\/authenticpilatesonline.com\\\/wp-content\\\/uploads\\\/2025\\\/03\\\/Erica-Almodovar.webp\",\"contentUrl\":\"https:\\\/\\\/authenticpilatesonline.com\\\/wp-content\\\/uploads\\\/2025\\\/03\\\/Erica-Almodovar.webp\"},{\"@type\":\"BreadcrumbList\",\"@id\":\"https:\\\/\\\/authenticpilatesonline.com\\\/pt-br\\\/sobre-nos\\\/erica-almodovar\\\/#breadcrumb\",\"itemListElement\":[{\"@type\":\"ListItem\",\"position\":1,\"name\":\"Home\",\"item\":\"https:\\\/\\\/authenticpilatesonline.com\\\/pt-br\\\/nova-pagina-inicial\\\/\"},{\"@type\":\"ListItem\",\"position\":2,\"name\":\"Sobre N\u00f3s\",\"item\":\"https:\\\/\\\/authenticpilatesonline.com\\\/pt-br\\\/sobre-nos\\\/\"},{\"@type\":\"ListItem\",\"position\":3,\"name\":\"Erica Almodovar\"}]},{\"@type\":\"WebSite\",\"@id\":\"https:\\\/\\\/authenticpilatesonline.com\\\/pt-br\\\/#website\",\"url\":\"https:\\\/\\\/authenticpilatesonline.com\\\/pt-br\\\/\",\"name\":\"Authentic Pilates Center\",\"description\":\"YOUR ACCESS TO CLASSICAL PILATES VIDEOS&lt;br&gt; ANYTIME, ANYWHERE\",\"publisher\":{\"@id\":\"https:\\\/\\\/authenticpilatesonline.com\\\/pt-br\\\/#organization\"},\"potentialAction\":[{\"@type\":\"SearchAction\",\"target\":{\"@type\":\"EntryPoint\",\"urlTemplate\":\"https:\\\/\\\/authenticpilatesonline.com\\\/pt-br\\\/?s={search_term_string}\"},\"query-input\":{\"@type\":\"PropertyValueSpecification\",\"valueRequired\":true,\"valueName\":\"search_term_string\"}}],\"inLanguage\":\"pt-BR\"},{\"@type\":\"Organization\",\"@id\":\"https:\\\/\\\/authenticpilatesonline.com\\\/pt-br\\\/#organization\",\"name\":\"Authentic Pilates Center\",\"url\":\"https:\\\/\\\/authenticpilatesonline.com\\\/pt-br\\\/\",\"logo\":{\"@type\":\"ImageObject\",\"inLanguage\":\"pt-BR\",\"@id\":\"https:\\\/\\\/authenticpilatesonline.com\\\/pt-br\\\/#\\\/schema\\\/logo\\\/image\\\/\",\"url\":\"https:\\\/\\\/authenticpilatesonline.com\\\/wp-content\\\/uploads\\\/2019\\\/12\\\/authentic-pilates-online-logo.png\",\"contentUrl\":\"https:\\\/\\\/authenticpilatesonline.com\\\/wp-content\\\/uploads\\\/2019\\\/12\\\/authentic-pilates-online-logo.png\",\"width\":576,\"height\":150,\"caption\":\"Authentic Pilates Center\"},\"image\":{\"@id\":\"https:\\\/\\\/authenticpilatesonline.com\\\/pt-br\\\/#\\\/schema\\\/logo\\\/image\\\/\"}}]}<\/script>\n<!-- \/ Yoast SEO plugin. -->","yoast_head_json":{"title":"Erica Almodovar - Authentic Pilates Center","robots":{"index":"index","follow":"follow","max-snippet":"max-snippet:-1","max-image-preview":"max-image-preview:large","max-video-preview":"max-video-preview:-1"},"canonical":"https:\/\/authenticpilatesonline.com\/pt-br\/sobre-nos\/erica-almodovar\/","og_locale":"pt_BR","og_type":"article","og_title":"Erica Almodovar - Authentic Pilates Center","og_description":"Origin\u00e1ria do Brasil, Erica iniciou sua experi\u00eancia com Pilates em 1999, estudando sob a supervis\u00e3o da Mestra Instrutora Romana Kryzanowska e Sari Mejia Santo. Ela ... Leia mais","og_url":"https:\/\/authenticpilatesonline.com\/pt-br\/sobre-nos\/erica-almodovar\/","og_site_name":"Authentic Pilates Center","article_modified_time":"2025-04-13T00:43:39+00:00","og_image":[{"width":400,"height":500,"url":"https:\/\/authenticpilatesonline.com\/wp-content\/uploads\/2025\/03\/Erica-Almodovar.webp","type":"image\/webp"}],"twitter_card":"summary_large_image","twitter_misc":{"Est. tempo de leitura":"1 minuto"},"schema":{"@context":"https:\/\/schema.org","@graph":[{"@type":"WebPage","@id":"https:\/\/authenticpilatesonline.com\/pt-br\/sobre-nos\/erica-almodovar\/","url":"https:\/\/authenticpilatesonline.com\/pt-br\/sobre-nos\/erica-almodovar\/","name":"Erica Almodovar - Authentic Pilates Center","isPartOf":{"@id":"https:\/\/authenticpilatesonline.com\/pt-br\/#website"},"primaryImageOfPage":{"@id":"https:\/\/authenticpilatesonline.com\/pt-br\/sobre-nos\/erica-almodovar\/#primaryimage"},"image":{"@id":"https:\/\/authenticpilatesonline.com\/pt-br\/sobre-nos\/erica-almodovar\/#primaryimage"},"thumbnailUrl":"https:\/\/authenticpilatesonline.com\/wp-content\/uploads\/2025\/03\/Erica-Almodovar.webp","datePublished":"2020-01-02T20:59:02+00:00","dateModified":"2025-04-13T00:43:39+00:00","breadcrumb":{"@id":"https:\/\/authenticpilatesonline.com\/pt-br\/sobre-nos\/erica-almodovar\/#breadcrumb"},"inLanguage":"pt-BR","potentialAction":[{"@type":"ReadAction","target":["https:\/\/authenticpilatesonline.com\/pt-br\/sobre-nos\/erica-almodovar\/"]}]},{"@type":"ImageObject","inLanguage":"pt-BR","@id":"https:\/\/authenticpilatesonline.com\/pt-br\/sobre-nos\/erica-almodovar\/#primaryimage","url":"https:\/\/authenticpilatesonline.com\/wp-content\/uploads\/2025\/03\/Erica-Almodovar.webp","contentUrl":"https:\/\/authenticpilatesonline.com\/wp-content\/uploads\/2025\/03\/Erica-Almodovar.webp"},{"@type":"BreadcrumbList","@id":"https:\/\/authenticpilatesonline.com\/pt-br\/sobre-nos\/erica-almodovar\/#breadcrumb","itemListElement":[{"@type":"ListItem","position":1,"name":"Home","item":"https:\/\/authenticpilatesonline.com\/pt-br\/nova-pagina-inicial\/"},{"@type":"ListItem","position":2,"name":"Sobre N\u00f3s","item":"https:\/\/authenticpilatesonline.com\/pt-br\/sobre-nos\/"},{"@type":"ListItem","position":3,"name":"Erica Almodovar"}]},{"@type":"WebSite","@id":"https:\/\/authenticpilatesonline.com\/pt-br\/#website","url":"https:\/\/authenticpilatesonline.com\/pt-br\/","name":"Authentic Pilates Center","description":"YOUR ACCESS TO CLASSICAL PILATES VIDEOS&lt;br&gt; ANYTIME, ANYWHERE","publisher":{"@id":"https:\/\/authenticpilatesonline.com\/pt-br\/#organization"},"potentialAction":[{"@type":"SearchAction","target":{"@type":"EntryPoint","urlTemplate":"https:\/\/authenticpilatesonline.com\/pt-br\/?s={search_term_string}"},"query-input":{"@type":"PropertyValueSpecification","valueRequired":true,"valueName":"search_term_string"}}],"inLanguage":"pt-BR"},{"@type":"Organization","@id":"https:\/\/authenticpilatesonline.com\/pt-br\/#organization","name":"Authentic Pilates Center","url":"https:\/\/authenticpilatesonline.com\/pt-br\/","logo":{"@type":"ImageObject","inLanguage":"pt-BR","@id":"https:\/\/authenticpilatesonline.com\/pt-br\/#\/schema\/logo\/image\/","url":"https:\/\/authenticpilatesonline.com\/wp-content\/uploads\/2019\/12\/authentic-pilates-online-logo.png","contentUrl":"https:\/\/authenticpilatesonline.com\/wp-content\/uploads\/2019\/12\/authentic-pilates-online-logo.png","width":576,"height":150,"caption":"Authentic Pilates Center"},"image":{"@id":"https:\/\/authenticpilatesonline.com\/pt-br\/#\/schema\/logo\/image\/"}}]}},"_links":{"self":[{"href":"https:\/\/authenticpilatesonline.com\/pt-br\/wp-json\/wp\/v2\/pages\/38308","targetHints":{"allow":["GET"]}}],"collection":[{"href":"https:\/\/authenticpilatesonline.com\/pt-br\/wp-json\/wp\/v2\/pages"}],"about":[{"href":"https:\/\/authenticpilatesonline.com\/pt-br\/wp-json\/wp\/v2\/types\/page"}],"author":[{"embeddable":true,"href":"https:\/\/authenticpilatesonline.com\/pt-br\/wp-json\/wp\/v2\/users\/3"}],"replies":[{"embeddable":true,"href":"https:\/\/authenticpilatesonline.com\/pt-br\/wp-json\/wp\/v2\/comments?post=38308"}],"version-history":[{"count":1,"href":"https:\/\/authenticpilatesonline.com\/pt-br\/wp-json\/wp\/v2\/pages\/38308\/revisions"}],"predecessor-version":[{"id":38309,"href":"https:\/\/authenticpilatesonline.com\/pt-br\/wp-json\/wp\/v2\/pages\/38308\/revisions\/38309"}],"up":[{"embeddable":true,"href":"https:\/\/authenticpilatesonline.com\/pt-br\/wp-json\/wp\/v2\/pages\/38409"}],"wp:attachment":[{"href":"https:\/\/authenticpilatesonline.com\/pt-br\/wp-json\/wp\/v2\/media?parent=38308"}],"wp:term":[{"taxonomy":"page_layout","embeddable":true,"href":"https:\/\/authenticpilatesonline.com\/pt-br\/wp-json\/wp\/v2\/page_layout?post=38308"}],"curies":[{"name":"wp","href":"https:\/\/api.w.org\/{rel}","templated":true}]}}