{"id":38312,"date":"2019-07-12T15:26:00","date_gmt":"2019-07-12T15:26:00","guid":{"rendered":"https:\/\/authenticpilatesonline.com\/pilates-classico-a-qualquer-hora-em-qualquer-lugar\/"},"modified":"2025-06-16T16:16:27","modified_gmt":"2025-06-16T16:16:27","slug":"pilates-classico-a-qualquer-hora-em-qualquer-lugar","status":"publish","type":"page","link":"https:\/\/authenticpilatesonline.com\/pt-br\/pilates-classico-a-qualquer-hora-em-qualquer-lugar\/","title":{"rendered":"Pilates Cl\u00e1ssico a Qualquer Hora, em Qualquer Lugar"},"content":{"rendered":"<div class=\"gb-container gb-container-120839be section-full-width-outer\">\n<div class=\"gb-container gb-container-18d357e8\">\n\n<h1 class=\"gb-headline gb-headline-2136f87c gb-headline-text\">Pilates Cl\u00e1ssico a Qualquer Hora, em Qualquer Lugar<\/h1>\n\n\n\n<p class=\"gb-headline gb-headline-f4149a72 gb-headline-text\">Comece com um Per\u00edodo de Teste Gratuito de 14 Dias!<\/p>\n\n\n\n<p class=\"gb-headline gb-headline-765a5e34 gb-headline-text\">Sem Riscos, Cancele Online a Qualquer Momento<\/p>\n\n<\/div>\n\n<div class=\"gb-container gb-container-b6dbcd3d\">\n<div class=\"gb-grid-wrapper gb-grid-wrapper-72cbf921\">\n<div class=\"gb-grid-column gb-grid-column-6ca8408a\"><div class=\"gb-container gb-container-6ca8408a\">\n\n<h3 class=\"gb-headline gb-headline-80f30dac gb-headline-text\">Assinatura Mensal<\/h3>\n\n\n\n<hr class=\"wp-block-separator has-alpha-channel-opacity\"\/>\n\n\n\n<h3 class=\"gb-headline gb-headline-8b01149b gb-headline-text\">(USD)$ 24,99<\/h3>\n\n\n\n<p class=\"gb-headline gb-headline-39ea75d9 gb-headline-text prgph-primary\">Por M\u00eas<\/p>\n\n\n\n<p class=\"gb-headline gb-headline-69a70a25\"><span class=\"gb-icon\"><svg xmlns=\"http:\/\/www.w3.org\/2000\/svg\" class=\"icon flat-color\" data-name=\"Flat Color\" id=\"check-mark-circle-2\" viewBox=\"0 0 24 24\" fill=\"#000000\"><g stroke-width=\"0\" id=\"SVGRepo_bgCarrier\"><\/g><g stroke-linejoin=\"round\" stroke-linecap=\"round\" id=\"SVGRepo_tracerCarrier\"><\/g><g id=\"SVGRepo_iconCarrier\"><path style=\"fill: #50D57B;\" d=\"M13.41,15.41a2,2,0,0,1-2.83,0l-4-4a2,2,0,0,1,0-2.83,2,2,0,0,1,2.82,0L12,11.17l6.63-6.63a10,10,0,1,0,3.15,9.53,9.87,9.87,0,0,0-.73-6.29Z\" id=\"primary\"><\/path><path style=\"fill: #ffffff;\" d=\"M12,15a1,1,0,0,1-.71-.29l-4-4A1,1,0,1,1,8.71,9.29L12,12.59l8.29-8.3a1,1,0,1,1,1.42,1.42l-9,9A1,1,0,0,1,12,15Z\" id=\"secondary\"><\/path><\/g><\/svg><\/span><span class=\"gb-headline-text\">Acesso completo a exerc\u00edcios e tutoriais<\/span><\/p>\n\n\n\n<p class=\"gb-headline gb-headline-d224b743\"><span class=\"gb-icon\"><svg xmlns=\"http:\/\/www.w3.org\/2000\/svg\" class=\"icon flat-color\" data-name=\"Flat Color\" id=\"check-mark-circle-2\" viewBox=\"0 0 24 24\" fill=\"#000000\"><g stroke-width=\"0\" id=\"SVGRepo_bgCarrier\"><\/g><g stroke-linejoin=\"round\" stroke-linecap=\"round\" id=\"SVGRepo_tracerCarrier\"><\/g><g id=\"SVGRepo_iconCarrier\"><path style=\"fill: #50D57B;\" d=\"M13.41,15.41a2,2,0,0,1-2.83,0l-4-4a2,2,0,0,1,0-2.83,2,2,0,0,1,2.82,0L12,11.17l6.63-6.63a10,10,0,1,0,3.15,9.53,9.87,9.87,0,0,0-.73-6.29Z\" id=\"primary\"><\/path><path style=\"fill: #ffffff;\" d=\"M12,15a1,1,0,0,1-.71-.29l-4-4A1,1,0,1,1,8.71,9.29L12,12.59l8.29-8.3a1,1,0,1,1,1.42,1.42l-9,9A1,1,0,0,1,12,15Z\" id=\"secondary\"><\/path><\/g><\/svg><\/span><span class=\"gb-headline-text\">14 dias gratuitos, depois R$ 24,99\/m\u00eas<\/span><\/p>\n\n\n\n<a class=\"gb-button gb-button-d8dc56e2 gb-button-text btn-primary\" href=\"https:\/\/authenticpilatesonline.com\/pt-br\/finalizacao-de-compra\/?add-to-cart=1280\">Inicie Seu Per\u00edodo de Teste Gratuito de 14 Dias<\/a>\n\n<\/div><\/div>\n\n<div class=\"gb-grid-column gb-grid-column-67b535be\"><div class=\"gb-container gb-container-67b535be\">\n\n<h3 class=\"gb-headline gb-headline-9b3a1231 gb-headline-text\">Assinatura Anual<\/h3>\n\n\n\n<hr class=\"wp-block-separator has-text-color has-base-4-color has-alpha-channel-opacity has-base-4-background-color has-background\"\/>\n\n\n\n<h3 class=\"gb-headline gb-headline-21d99256 gb-headline-text\">(USD)$ 240,00<\/h3>\n\n\n\n<p class=\"gb-headline gb-headline-bfede07f gb-headline-text prgph-primary\">Por Ano (20% de desconto!)<\/p>\n\n\n\n<p class=\"gb-headline gb-headline-9eb4424d\"><span class=\"gb-icon\"><svg xmlns=\"http:\/\/www.w3.org\/2000\/svg\" class=\"icon flat-color\" data-name=\"Flat Color\" id=\"check-mark-circle-2\" viewBox=\"0 0 24 24\" fill=\"#000000\"><g stroke-width=\"0\" id=\"SVGRepo_bgCarrier\"><\/g><g stroke-linejoin=\"round\" stroke-linecap=\"round\" id=\"SVGRepo_tracerCarrier\"><\/g><g id=\"SVGRepo_iconCarrier\"><path style=\"fill: #50D57B;\" d=\"M13.41,15.41a2,2,0,0,1-2.83,0l-4-4a2,2,0,0,1,0-2.83,2,2,0,0,1,2.82,0L12,11.17l6.63-6.63a10,10,0,1,0,3.15,9.53,9.87,9.87,0,0,0-.73-6.29Z\" id=\"primary\"><\/path><path style=\"fill: #ffffff;\" d=\"M12,15a1,1,0,0,1-.71-.29l-4-4A1,1,0,1,1,8.71,9.29L12,12.59l8.29-8.3a1,1,0,1,1,1.42,1.42l-9,9A1,1,0,0,1,12,15Z\" id=\"secondary\"><\/path><\/g><\/svg><\/span><span class=\"gb-headline-text\">Melhor custo-benef\u00edcio<\/span><\/p>\n\n\n\n<p class=\"gb-headline gb-headline-2e55fe87\"><span class=\"gb-icon\"><svg xmlns=\"http:\/\/www.w3.org\/2000\/svg\" class=\"icon flat-color\" data-name=\"Flat Color\" id=\"check-mark-circle-2\" viewBox=\"0 0 24 24\" fill=\"#000000\"><g stroke-width=\"0\" id=\"SVGRepo_bgCarrier\"><\/g><g stroke-linejoin=\"round\" stroke-linecap=\"round\" id=\"SVGRepo_tracerCarrier\"><\/g><g id=\"SVGRepo_iconCarrier\"><path style=\"fill: #50D57B;\" d=\"M13.41,15.41a2,2,0,0,1-2.83,0l-4-4a2,2,0,0,1,0-2.83,2,2,0,0,1,2.82,0L12,11.17l6.63-6.63a10,10,0,1,0,3.15,9.53,9.87,9.87,0,0,0-.73-6.29Z\" id=\"primary\"><\/path><path style=\"fill: #ffffff;\" d=\"M12,15a1,1,0,0,1-.71-.29l-4-4A1,1,0,1,1,8.71,9.29L12,12.59l8.29-8.3a1,1,0,1,1,1.42,1.42l-9,9A1,1,0,0,1,12,15Z\" id=\"secondary\"><\/path><\/g><\/svg><\/span><span class=\"gb-headline-text\">14 dias gratuitos, depois R$ 240\/ano<\/span><\/p>\n\n\n\n<a class=\"gb-button gb-button-37bdfda7 gb-button-text btn-primary\" href=\"https:\/\/authenticpilatesonline.com\/pt-br\/finalizacao-de-compra\/?add-to-cart=1281\">Inicie Seu Per\u00edodo de Teste Gratuito de 14 Dias<\/a>\n\n<\/div><\/div>\n<\/div>\n<\/div>\n<\/div>\n\n<div class=\"gb-container gb-container-3edebde4 section-full-width-outer\">\n<div class=\"gb-container gb-container-9d8ed5ab\">\n\n<h2 class=\"gb-headline gb-headline-1fdfb477 gb-headline-text\">Como Funciona<\/h2>\n\n<\/div>\n\n<div class=\"gb-container gb-container-d09f39fd\">\n<div class=\"gb-grid-wrapper gb-grid-wrapper-e3ad8bc3\">\n<div class=\"gb-grid-column gb-grid-column-9dcdada2\"><div class=\"gb-container gb-container-9dcdada2\">\n\n<figure class=\"gb-block-image gb-block-image-44f8b4be\"><img loading=\"lazy\" decoding=\"async\" width=\"70\" height=\"70\" class=\"gb-image gb-image-44f8b4be\" src=\"https:\/\/authenticpilatesonline.com\/wp-content\/uploads\/2025\/03\/Workout.png\" alt=\"\" title=\"Exercitar-se\"\/><\/figure>\n\n\n\n<h3 class=\"gb-headline gb-headline-1dc171c7 gb-headline-text\">Exercitar-se<\/h3>\n\n\n\n<p class=\"gb-headline gb-headline-30d1d32a gb-headline-text prgph-primary\">Encontre um v\u00eddeo de exerc\u00edcios com base no tempo dispon\u00edvel ou no equipamento que voc\u00ea possui. Comece a se movimentar com Pilates! <\/p>\n\n<\/div><\/div>\n\n<div class=\"gb-grid-column gb-grid-column-875f1688\"><div class=\"gb-container gb-container-875f1688\">\n\n<figure class=\"gb-block-image gb-block-image-147c1791\"><img loading=\"lazy\" decoding=\"async\" width=\"70\" height=\"70\" class=\"gb-image gb-image-147c1791\" src=\"https:\/\/authenticpilatesonline.com\/wp-content\/uploads\/2025\/03\/Learn.png\" alt=\"\" title=\"Aprender\"\/><\/figure>\n\n\n\n<h3 class=\"gb-headline gb-headline-082b59a5 gb-headline-text\">Aprender<\/h3>\n\n\n\n<p class=\"gb-headline gb-headline-a1c1c39b gb-headline-text prgph-primary\">Explore nossa extensa biblioteca de tutoriais de ensino para encontrar maneiras de orientar, acompanhar e modificar qualquer exerc\u00edcio do Pilates cl\u00e1ssico.<\/p>\n\n<\/div><\/div>\n\n<div class=\"gb-grid-column gb-grid-column-c786c3f3\"><div class=\"gb-container gb-container-c786c3f3\">\n\n<figure class=\"gb-block-image gb-block-image-b440d669\"><img loading=\"lazy\" decoding=\"async\" width=\"70\" height=\"70\" class=\"gb-image gb-image-b440d669\" src=\"https:\/\/authenticpilatesonline.com\/wp-content\/uploads\/2025\/03\/Build-Programs.png\" alt=\"\" title=\"Elaborar Programas\"\/><\/figure>\n\n\n\n<h3 class=\"gb-headline gb-headline-7950cdc0 gb-headline-text\">Elaborar Programas<\/h3>\n\n\n\n<p class=\"gb-headline gb-headline-00cd6cb8 gb-headline-text prgph-primary\">Utilize os v\u00eddeos para criar programas personalizados para seus clientes com base no n\u00edvel, condi\u00e7\u00e3o f\u00edsica e objetivos deles.&nbsp;<\/p>\n\n<\/div><\/div>\n<\/div>\n<\/div>\n\n<div class=\"gb-container gb-container-4840de58\">\n\n<p class=\"gb-headline gb-headline-6cfc9569\"><span class=\"gb-icon\"><svg xmlns=\"http:\/\/www.w3.org\/2000\/svg\" class=\"icon flat-color\" data-name=\"Flat Color\" id=\"check-mark-circle-2\" viewBox=\"0 0 24 24\" fill=\"#000000\"><g stroke-width=\"0\" id=\"SVGRepo_bgCarrier\"><\/g><g stroke-linejoin=\"round\" stroke-linecap=\"round\" id=\"SVGRepo_tracerCarrier\"><\/g><g id=\"SVGRepo_iconCarrier\"><path style=\"fill: #50D57B;\" d=\"M13.41,15.41a2,2,0,0,1-2.83,0l-4-4a2,2,0,0,1,0-2.83,2,2,0,0,1,2.82,0L12,11.17l6.63-6.63a10,10,0,1,0,3.15,9.53,9.87,9.87,0,0,0-.73-6.29Z\" id=\"primary\"><\/path><path style=\"fill: #ffffff;\" d=\"M12,15a1,1,0,0,1-.71-.29l-4-4A1,1,0,1,1,8.71,9.29L12,12.59l8.29-8.3a1,1,0,1,1,1.42,1.42l-9,9A1,1,0,0,1,12,15Z\" id=\"secondary\"><\/path><\/g><\/svg><\/span><span class=\"gb-headline-text\">Acesso 24\/7: Obtenha acesso a instrutores de Pilates de classe mundial de segunda gera\u00e7\u00e3o sem necessidade de deslocamento.<\/span><\/p>\n\n\n\n<p class=\"gb-headline gb-headline-1afd9c9c\"><span class=\"gb-icon\"><svg xmlns=\"http:\/\/www.w3.org\/2000\/svg\" class=\"icon flat-color\" data-name=\"Flat Color\" id=\"check-mark-circle-2\" viewBox=\"0 0 24 24\" fill=\"#000000\"><g stroke-width=\"0\" id=\"SVGRepo_bgCarrier\"><\/g><g stroke-linejoin=\"round\" stroke-linecap=\"round\" id=\"SVGRepo_tracerCarrier\"><\/g><g id=\"SVGRepo_iconCarrier\"><path style=\"fill: #50D57B;\" d=\"M13.41,15.41a2,2,0,0,1-2.83,0l-4-4a2,2,0,0,1,0-2.83,2,2,0,0,1,2.82,0L12,11.17l6.63-6.63a10,10,0,1,0,3.15,9.53,9.87,9.87,0,0,0-.73-6.29Z\" id=\"primary\"><\/path><path style=\"fill: #ffffff;\" d=\"M12,15a1,1,0,0,1-.71-.29l-4-4A1,1,0,1,1,8.71,9.29L12,12.59l8.29-8.3a1,1,0,1,1,1.42,1.42l-9,9A1,1,0,0,1,12,15Z\" id=\"secondary\"><\/path><\/g><\/svg><\/span><span class=\"gb-headline-text\">Voc\u00ea est\u00e1 no Controle: Cancele ou pause sua assinatura online a qualquer momento.&nbsp;<\/span><\/p>\n\n\n\n<p class=\"gb-headline gb-headline-5abda73a\"><span class=\"gb-icon\"><svg xmlns=\"http:\/\/www.w3.org\/2000\/svg\" class=\"icon flat-color\" data-name=\"Flat Color\" id=\"check-mark-circle-2\" viewBox=\"0 0 24 24\" fill=\"#000000\"><g stroke-width=\"0\" id=\"SVGRepo_bgCarrier\"><\/g><g stroke-linejoin=\"round\" stroke-linecap=\"round\" id=\"SVGRepo_tracerCarrier\"><\/g><g id=\"SVGRepo_iconCarrier\"><path style=\"fill: #50D57B;\" d=\"M13.41,15.41a2,2,0,0,1-2.83,0l-4-4a2,2,0,0,1,0-2.83,2,2,0,0,1,2.82,0L12,11.17l6.63-6.63a10,10,0,1,0,3.15,9.53,9.87,9.87,0,0,0-.73-6.29Z\" id=\"primary\"><\/path><path style=\"fill: #ffffff;\" d=\"M12,15a1,1,0,0,1-.71-.29l-4-4A1,1,0,1,1,8.71,9.29L12,12.59l8.29-8.3a1,1,0,1,1,1.42,1.42l-9,9A1,1,0,0,1,12,15Z\" id=\"secondary\"><\/path><\/g><\/svg><\/span><span class=\"gb-headline-text\">Acess\u00edvel: Dezenas de exerc\u00edcios e tutoriais de Pilates cl\u00e1ssico por apenas (USD)$ 20\/m\u00eas!\u00a0<\/span><\/p>\n\n<\/div>\n<\/div>\n\n<div class=\"gb-container gb-container-5811f8d5 section-full-width-outer\">\n<div class=\"gb-container gb-container-ac6c304c\">\n<div class=\"gb-container gb-container-63ae1de0\">\n\n<h2 class=\"gb-headline gb-headline-e90dfada gb-headline-text heading2-style\">Voc\u00ea \u00e9 um aprendiz no Authentic Pilates Learning Center?<\/h2>\n\n\n\n<p class=\"gb-headline gb-headline-2b12d822 gb-headline-text\">Por favor, <a href=\"https:\/\/authenticpilatesonline.com\/contact\/\">entre em contato conosco<\/a> para receber um link de convite e instru\u00e7\u00f5es para seu acesso gratuito de um ano ao Authentic Pilates Online enquanto voc\u00ea estiver concluindo seu treinamento conosco.<\/p>\n\n<\/div>\n<\/div>\n<\/div>","protected":false},"excerpt":{"rendered":"<p>Pilates Cl\u00e1ssico a Qualquer Hora, em Qualquer Lugar Comece com um Per\u00edodo de Teste Gratuito de 14 Dias! Sem Riscos, Cancele Online a Qualquer Momento &#8230; <a title=\"Pilates Cl\u00e1ssico a Qualquer Hora, em Qualquer Lugar\" class=\"read-more\" href=\"https:\/\/authenticpilatesonline.com\/pt-br\/pilates-classico-a-qualquer-hora-em-qualquer-lugar\/\" aria-label=\"Read more about Pilates Cl\u00e1ssico a Qualquer Hora, em Qualquer Lugar\">Leia mais<\/a><\/p>\n","protected":false},"author":388,"featured_media":0,"parent":0,"menu_order":0,"comment_status":"closed","ping_status":"closed","template":"","meta":{"__cvm_playback_settings":[],"__cvm_video_id":"","footnotes":""},"page_layout":[],"class_list":{"0":"post-38312","1":"page","2":"type-page","3":"status-publish","5":"infinite-scroll-item"},"yoast_head":"<!-- This site is optimized with the Yoast SEO plugin v27.4 - https:\/\/yoast.com\/product\/yoast-seo-wordpress\/ -->\n<title>V\u00eddeos de Pilates Cl\u00e1ssico | Inscreva-se J\u00e1<\/title>\n<meta name=\"description\" content=\"Aulas de Pilates cl\u00e1ssico online. 14 dias gr\u00e1tis. Inscreva-se.\" \/>\n<meta name=\"robots\" content=\"index, follow, max-snippet:-1, max-image-preview:large, max-video-preview:-1\" \/>\n<link rel=\"canonical\" href=\"https:\/\/authenticpilatesonline.com\/pt-br\/pilates-classico-a-qualquer-hora-em-qualquer-lugar\/\" \/>\n<meta property=\"og:locale\" content=\"pt_BR\" \/>\n<meta property=\"og:type\" content=\"article\" \/>\n<meta property=\"og:title\" content=\"V\u00eddeos de Pilates Cl\u00e1ssico | Inscreva-se J\u00e1\" \/>\n<meta property=\"og:description\" content=\"Aulas de Pilates cl\u00e1ssico online. 14 dias gr\u00e1tis. Inscreva-se.\" \/>\n<meta property=\"og:url\" content=\"https:\/\/authenticpilatesonline.com\/pt-br\/pilates-classico-a-qualquer-hora-em-qualquer-lugar\/\" \/>\n<meta property=\"og:site_name\" content=\"Authentic Pilates Center\" \/>\n<meta property=\"article:modified_time\" content=\"2025-06-16T16:16:27+00:00\" \/>\n<meta property=\"og:image\" content=\"https:\/\/authenticpilatesonline.com\/wp-content\/uploads\/2025\/03\/Workout.png\" \/>\n<meta name=\"twitter:card\" content=\"summary_large_image\" \/>\n<meta name=\"twitter:label1\" content=\"Est. tempo de leitura\" \/>\n\t<meta name=\"twitter:data1\" content=\"2 minutos\" \/>\n<script type=\"application\/ld+json\" class=\"yoast-schema-graph\">{\"@context\":\"https:\\\/\\\/schema.org\",\"@graph\":[{\"@type\":\"WebPage\",\"@id\":\"https:\\\/\\\/authenticpilatesonline.com\\\/pt-br\\\/pilates-classico-a-qualquer-hora-em-qualquer-lugar\\\/\",\"url\":\"https:\\\/\\\/authenticpilatesonline.com\\\/pt-br\\\/pilates-classico-a-qualquer-hora-em-qualquer-lugar\\\/\",\"name\":\"V\u00eddeos de Pilates Cl\u00e1ssico | Inscreva-se J\u00e1\",\"isPartOf\":{\"@id\":\"https:\\\/\\\/authenticpilatesonline.com\\\/pt-br\\\/#website\"},\"primaryImageOfPage\":{\"@id\":\"https:\\\/\\\/authenticpilatesonline.com\\\/pt-br\\\/pilates-classico-a-qualquer-hora-em-qualquer-lugar\\\/#primaryimage\"},\"image\":{\"@id\":\"https:\\\/\\\/authenticpilatesonline.com\\\/pt-br\\\/pilates-classico-a-qualquer-hora-em-qualquer-lugar\\\/#primaryimage\"},\"thumbnailUrl\":\"https:\\\/\\\/authenticpilatesonline.com\\\/wp-content\\\/uploads\\\/2025\\\/03\\\/Workout.png\",\"datePublished\":\"2019-07-12T15:26:00+00:00\",\"dateModified\":\"2025-06-16T16:16:27+00:00\",\"description\":\"Aulas de Pilates cl\u00e1ssico online. 14 dias gr\u00e1tis. Inscreva-se.\",\"breadcrumb\":{\"@id\":\"https:\\\/\\\/authenticpilatesonline.com\\\/pt-br\\\/pilates-classico-a-qualquer-hora-em-qualquer-lugar\\\/#breadcrumb\"},\"inLanguage\":\"pt-BR\",\"potentialAction\":[{\"@type\":\"ReadAction\",\"target\":[\"https:\\\/\\\/authenticpilatesonline.com\\\/pt-br\\\/pilates-classico-a-qualquer-hora-em-qualquer-lugar\\\/\"]}]},{\"@type\":\"ImageObject\",\"inLanguage\":\"pt-BR\",\"@id\":\"https:\\\/\\\/authenticpilatesonline.com\\\/pt-br\\\/pilates-classico-a-qualquer-hora-em-qualquer-lugar\\\/#primaryimage\",\"url\":\"https:\\\/\\\/authenticpilatesonline.com\\\/wp-content\\\/uploads\\\/2025\\\/03\\\/Workout.png\",\"contentUrl\":\"https:\\\/\\\/authenticpilatesonline.com\\\/wp-content\\\/uploads\\\/2025\\\/03\\\/Workout.png\"},{\"@type\":\"BreadcrumbList\",\"@id\":\"https:\\\/\\\/authenticpilatesonline.com\\\/pt-br\\\/pilates-classico-a-qualquer-hora-em-qualquer-lugar\\\/#breadcrumb\",\"itemListElement\":[{\"@type\":\"ListItem\",\"position\":1,\"name\":\"Home\",\"item\":\"https:\\\/\\\/authenticpilatesonline.com\\\/pt-br\\\/nova-pagina-inicial\\\/\"},{\"@type\":\"ListItem\",\"position\":2,\"name\":\"Pilates Cl\u00e1ssico a Qualquer Hora, em Qualquer Lugar\"}]},{\"@type\":\"WebSite\",\"@id\":\"https:\\\/\\\/authenticpilatesonline.com\\\/pt-br\\\/#website\",\"url\":\"https:\\\/\\\/authenticpilatesonline.com\\\/pt-br\\\/\",\"name\":\"Authentic Pilates Center\",\"description\":\"YOUR ACCESS TO CLASSICAL PILATES VIDEOS&lt;br&gt; ANYTIME, ANYWHERE\",\"publisher\":{\"@id\":\"https:\\\/\\\/authenticpilatesonline.com\\\/pt-br\\\/#organization\"},\"potentialAction\":[{\"@type\":\"SearchAction\",\"target\":{\"@type\":\"EntryPoint\",\"urlTemplate\":\"https:\\\/\\\/authenticpilatesonline.com\\\/pt-br\\\/?s={search_term_string}\"},\"query-input\":{\"@type\":\"PropertyValueSpecification\",\"valueRequired\":true,\"valueName\":\"search_term_string\"}}],\"inLanguage\":\"pt-BR\"},{\"@type\":\"Organization\",\"@id\":\"https:\\\/\\\/authenticpilatesonline.com\\\/pt-br\\\/#organization\",\"name\":\"Authentic Pilates Center\",\"url\":\"https:\\\/\\\/authenticpilatesonline.com\\\/pt-br\\\/\",\"logo\":{\"@type\":\"ImageObject\",\"inLanguage\":\"pt-BR\",\"@id\":\"https:\\\/\\\/authenticpilatesonline.com\\\/pt-br\\\/#\\\/schema\\\/logo\\\/image\\\/\",\"url\":\"https:\\\/\\\/authenticpilatesonline.com\\\/wp-content\\\/uploads\\\/2019\\\/12\\\/authentic-pilates-online-logo.png\",\"contentUrl\":\"https:\\\/\\\/authenticpilatesonline.com\\\/wp-content\\\/uploads\\\/2019\\\/12\\\/authentic-pilates-online-logo.png\",\"width\":576,\"height\":150,\"caption\":\"Authentic Pilates Center\"},\"image\":{\"@id\":\"https:\\\/\\\/authenticpilatesonline.com\\\/pt-br\\\/#\\\/schema\\\/logo\\\/image\\\/\"}}]}<\/script>\n<!-- \/ Yoast SEO plugin. -->","yoast_head_json":{"title":"V\u00eddeos de Pilates Cl\u00e1ssico | Inscreva-se J\u00e1","description":"Aulas de Pilates cl\u00e1ssico online. 14 dias gr\u00e1tis. Inscreva-se.","robots":{"index":"index","follow":"follow","max-snippet":"max-snippet:-1","max-image-preview":"max-image-preview:large","max-video-preview":"max-video-preview:-1"},"canonical":"https:\/\/authenticpilatesonline.com\/pt-br\/pilates-classico-a-qualquer-hora-em-qualquer-lugar\/","og_locale":"pt_BR","og_type":"article","og_title":"V\u00eddeos de Pilates Cl\u00e1ssico | Inscreva-se J\u00e1","og_description":"Aulas de Pilates cl\u00e1ssico online. 14 dias gr\u00e1tis. Inscreva-se.","og_url":"https:\/\/authenticpilatesonline.com\/pt-br\/pilates-classico-a-qualquer-hora-em-qualquer-lugar\/","og_site_name":"Authentic Pilates Center","article_modified_time":"2025-06-16T16:16:27+00:00","og_image":[{"url":"https:\/\/authenticpilatesonline.com\/wp-content\/uploads\/2025\/03\/Workout.png","type":"","width":"","height":""}],"twitter_card":"summary_large_image","twitter_misc":{"Est. tempo de leitura":"2 minutos"},"schema":{"@context":"https:\/\/schema.org","@graph":[{"@type":"WebPage","@id":"https:\/\/authenticpilatesonline.com\/pt-br\/pilates-classico-a-qualquer-hora-em-qualquer-lugar\/","url":"https:\/\/authenticpilatesonline.com\/pt-br\/pilates-classico-a-qualquer-hora-em-qualquer-lugar\/","name":"V\u00eddeos de Pilates Cl\u00e1ssico | Inscreva-se J\u00e1","isPartOf":{"@id":"https:\/\/authenticpilatesonline.com\/pt-br\/#website"},"primaryImageOfPage":{"@id":"https:\/\/authenticpilatesonline.com\/pt-br\/pilates-classico-a-qualquer-hora-em-qualquer-lugar\/#primaryimage"},"image":{"@id":"https:\/\/authenticpilatesonline.com\/pt-br\/pilates-classico-a-qualquer-hora-em-qualquer-lugar\/#primaryimage"},"thumbnailUrl":"https:\/\/authenticpilatesonline.com\/wp-content\/uploads\/2025\/03\/Workout.png","datePublished":"2019-07-12T15:26:00+00:00","dateModified":"2025-06-16T16:16:27+00:00","description":"Aulas de Pilates cl\u00e1ssico online. 14 dias gr\u00e1tis. Inscreva-se.","breadcrumb":{"@id":"https:\/\/authenticpilatesonline.com\/pt-br\/pilates-classico-a-qualquer-hora-em-qualquer-lugar\/#breadcrumb"},"inLanguage":"pt-BR","potentialAction":[{"@type":"ReadAction","target":["https:\/\/authenticpilatesonline.com\/pt-br\/pilates-classico-a-qualquer-hora-em-qualquer-lugar\/"]}]},{"@type":"ImageObject","inLanguage":"pt-BR","@id":"https:\/\/authenticpilatesonline.com\/pt-br\/pilates-classico-a-qualquer-hora-em-qualquer-lugar\/#primaryimage","url":"https:\/\/authenticpilatesonline.com\/wp-content\/uploads\/2025\/03\/Workout.png","contentUrl":"https:\/\/authenticpilatesonline.com\/wp-content\/uploads\/2025\/03\/Workout.png"},{"@type":"BreadcrumbList","@id":"https:\/\/authenticpilatesonline.com\/pt-br\/pilates-classico-a-qualquer-hora-em-qualquer-lugar\/#breadcrumb","itemListElement":[{"@type":"ListItem","position":1,"name":"Home","item":"https:\/\/authenticpilatesonline.com\/pt-br\/nova-pagina-inicial\/"},{"@type":"ListItem","position":2,"name":"Pilates Cl\u00e1ssico a Qualquer Hora, em Qualquer Lugar"}]},{"@type":"WebSite","@id":"https:\/\/authenticpilatesonline.com\/pt-br\/#website","url":"https:\/\/authenticpilatesonline.com\/pt-br\/","name":"Authentic Pilates Center","description":"YOUR ACCESS TO CLASSICAL PILATES VIDEOS&lt;br&gt; ANYTIME, ANYWHERE","publisher":{"@id":"https:\/\/authenticpilatesonline.com\/pt-br\/#organization"},"potentialAction":[{"@type":"SearchAction","target":{"@type":"EntryPoint","urlTemplate":"https:\/\/authenticpilatesonline.com\/pt-br\/?s={search_term_string}"},"query-input":{"@type":"PropertyValueSpecification","valueRequired":true,"valueName":"search_term_string"}}],"inLanguage":"pt-BR"},{"@type":"Organization","@id":"https:\/\/authenticpilatesonline.com\/pt-br\/#organization","name":"Authentic Pilates Center","url":"https:\/\/authenticpilatesonline.com\/pt-br\/","logo":{"@type":"ImageObject","inLanguage":"pt-BR","@id":"https:\/\/authenticpilatesonline.com\/pt-br\/#\/schema\/logo\/image\/","url":"https:\/\/authenticpilatesonline.com\/wp-content\/uploads\/2019\/12\/authentic-pilates-online-logo.png","contentUrl":"https:\/\/authenticpilatesonline.com\/wp-content\/uploads\/2019\/12\/authentic-pilates-online-logo.png","width":576,"height":150,"caption":"Authentic Pilates Center"},"image":{"@id":"https:\/\/authenticpilatesonline.com\/pt-br\/#\/schema\/logo\/image\/"}}]}},"_links":{"self":[{"href":"https:\/\/authenticpilatesonline.com\/pt-br\/wp-json\/wp\/v2\/pages\/38312","targetHints":{"allow":["GET"]}}],"collection":[{"href":"https:\/\/authenticpilatesonline.com\/pt-br\/wp-json\/wp\/v2\/pages"}],"about":[{"href":"https:\/\/authenticpilatesonline.com\/pt-br\/wp-json\/wp\/v2\/types\/page"}],"author":[{"embeddable":true,"href":"https:\/\/authenticpilatesonline.com\/pt-br\/wp-json\/wp\/v2\/users\/388"}],"replies":[{"embeddable":true,"href":"https:\/\/authenticpilatesonline.com\/pt-br\/wp-json\/wp\/v2\/comments?post=38312"}],"version-history":[{"count":2,"href":"https:\/\/authenticpilatesonline.com\/pt-br\/wp-json\/wp\/v2\/pages\/38312\/revisions"}],"predecessor-version":[{"id":39766,"href":"https:\/\/authenticpilatesonline.com\/pt-br\/wp-json\/wp\/v2\/pages\/38312\/revisions\/39766"}],"wp:attachment":[{"href":"https:\/\/authenticpilatesonline.com\/pt-br\/wp-json\/wp\/v2\/media?parent=38312"}],"wp:term":[{"taxonomy":"page_layout","embeddable":true,"href":"https:\/\/authenticpilatesonline.com\/pt-br\/wp-json\/wp\/v2\/page_layout?post=38312"}],"curies":[{"name":"wp","href":"https:\/\/api.w.org\/{rel}","templated":true}]}}