{"id":38401,"date":"2020-09-23T14:37:46","date_gmt":"2020-09-23T14:37:46","guid":{"rendered":"https:\/\/authenticpilatesonline.com\/pam-dejohn\/"},"modified":"2025-04-13T00:43:43","modified_gmt":"2025-04-13T00:43:43","slug":"pam-dejohn","status":"publish","type":"page","link":"https:\/\/authenticpilatesonline.com\/pt-br\/sobre-nos\/pam-dejohn\/","title":{"rendered":"Pam Dejohn"},"content":{"rendered":"\n<div class=\"gb-element-eb19173d\">\n<div class=\"gb-element-436c0af2\">\n<figure class=\"wp-block-image size-full\"><img loading=\"lazy\" decoding=\"async\" width=\"400\" height=\"500\" src=\"https:\/\/authenticpilatesonline.com\/wp-content\/uploads\/2025\/03\/Pam-Dejohn.webp\" alt=\"\" class=\"wp-image-33475\" srcset=\"https:\/\/authenticpilatesonline.com\/wp-content\/uploads\/2025\/03\/Pam-Dejohn.webp 400w, https:\/\/authenticpilatesonline.com\/wp-content\/uploads\/2025\/03\/Pam-Dejohn-240x300.webp 240w\" sizes=\"auto, (max-width: 400px) 100vw, 400px\" \/><\/figure>\n<\/div>\n\n\n\n<div>\n<p>Pam atua no setor de condicionamento f\u00edsico h\u00e1 mais de 25 anos e obteve sua certifica\u00e7\u00e3o no M\u00e9todo Pilates Aut\u00eantico diretamente sob a tutela da Mestre Instrutora Romana Kryzanowska, primeira disc\u00edpula de Joseph Pilates. Durante esse processo, Pam aprendeu a cuidar dos corpos de maneira especializada, o que incluiu outros mestres instrutores como Sari Mejia Santo, Roxanne Richards, Alycea Ungaro, Cynthia Lochard e Juanita Lopez.<\/p>\n\n\n\n<p>Pam tamb\u00e9m traz uma extensa forma\u00e7\u00e3o m\u00e9dica para seu trabalho com Pilates, tendo ministrado numerosos workshops e semin\u00e1rios ao lado do Chefe de Patologia Cir\u00fargica do Hospital Ortop\u00e9dico em Los Angeles. Ela atribui a essa experi\u00eancia sua profunda compreens\u00e3o da anatomia humana e da ci\u00eancia do movimento, habilidades que aplica no trabalho corretivo utilizando o M\u00e9todo Pilates Aut\u00eantico. Isso, juntamente com sua forma\u00e7\u00e3o em dan\u00e7a e condicionamento f\u00edsico, fez de Pam uma das instrutoras mais admiradas e requisitadas na \u00e1rea.<\/p>\n<\/div>\n<\/div>\n","protected":false},"excerpt":{"rendered":"<p>Pam atua no setor de condicionamento f\u00edsico h\u00e1 mais de 25 anos e obteve sua certifica\u00e7\u00e3o no M\u00e9todo Pilates Aut\u00eantico diretamente sob a tutela da &#8230; <a title=\"Pam Dejohn\" class=\"read-more\" href=\"https:\/\/authenticpilatesonline.com\/pt-br\/sobre-nos\/pam-dejohn\/\" aria-label=\"Read more about Pam Dejohn\">Leia mais<\/a><\/p>\n","protected":false},"author":3,"featured_media":34269,"parent":38409,"menu_order":0,"comment_status":"closed","ping_status":"closed","template":"","meta":{"__cvm_playback_settings":[],"__cvm_video_id":"","footnotes":""},"page_layout":[],"class_list":{"0":"post-38401","1":"page","2":"type-page","3":"status-publish","4":"has-post-thumbnail","6":"infinite-scroll-item"},"yoast_head":"<!-- This site is optimized with the Yoast SEO plugin v27.3 - https:\/\/yoast.com\/product\/yoast-seo-wordpress\/ -->\n<title>Pam Dejohn - Authentic Pilates Center<\/title>\n<meta name=\"robots\" content=\"index, follow, max-snippet:-1, max-image-preview:large, max-video-preview:-1\" \/>\n<link rel=\"canonical\" href=\"https:\/\/authenticpilatesonline.com\/pt-br\/sobre-nos\/pam-dejohn\/\" \/>\n<meta property=\"og:locale\" content=\"pt_BR\" \/>\n<meta property=\"og:type\" content=\"article\" \/>\n<meta property=\"og:title\" content=\"Pam Dejohn - Authentic Pilates Center\" \/>\n<meta property=\"og:description\" content=\"Pam atua no setor de condicionamento f\u00edsico h\u00e1 mais de 25 anos e obteve sua certifica\u00e7\u00e3o no M\u00e9todo Pilates Aut\u00eantico diretamente sob a tutela da ... Leia mais\" \/>\n<meta property=\"og:url\" content=\"https:\/\/authenticpilatesonline.com\/pt-br\/sobre-nos\/pam-dejohn\/\" \/>\n<meta property=\"og:site_name\" content=\"Authentic Pilates Center\" \/>\n<meta property=\"article:modified_time\" content=\"2025-04-13T00:43:43+00:00\" \/>\n<meta property=\"og:image\" content=\"https:\/\/authenticpilatesonline.com\/wp-content\/uploads\/2020\/01\/pam-dejohn-pilates-instructor-nj.jpg\" \/>\n\t<meta property=\"og:image:width\" content=\"2200\" \/>\n\t<meta property=\"og:image:height\" content=\"1200\" \/>\n\t<meta property=\"og:image:type\" content=\"image\/jpeg\" \/>\n<meta name=\"twitter:card\" content=\"summary_large_image\" \/>\n<meta name=\"twitter:label1\" content=\"Est. tempo de leitura\" \/>\n\t<meta name=\"twitter:data1\" content=\"1 minuto\" \/>\n<script type=\"application\/ld+json\" class=\"yoast-schema-graph\">{\"@context\":\"https:\\\/\\\/schema.org\",\"@graph\":[{\"@type\":\"WebPage\",\"@id\":\"https:\\\/\\\/authenticpilatesonline.com\\\/pt-br\\\/sobre-nos\\\/pam-dejohn\\\/\",\"url\":\"https:\\\/\\\/authenticpilatesonline.com\\\/pt-br\\\/sobre-nos\\\/pam-dejohn\\\/\",\"name\":\"Pam Dejohn - Authentic Pilates Center\",\"isPartOf\":{\"@id\":\"https:\\\/\\\/authenticpilatesonline.com\\\/pt-br\\\/#website\"},\"primaryImageOfPage\":{\"@id\":\"https:\\\/\\\/authenticpilatesonline.com\\\/pt-br\\\/sobre-nos\\\/pam-dejohn\\\/#primaryimage\"},\"image\":{\"@id\":\"https:\\\/\\\/authenticpilatesonline.com\\\/pt-br\\\/sobre-nos\\\/pam-dejohn\\\/#primaryimage\"},\"thumbnailUrl\":\"https:\\\/\\\/authenticpilatesonline.com\\\/wp-content\\\/uploads\\\/2020\\\/01\\\/pam-dejohn-pilates-instructor-nj.jpg\",\"datePublished\":\"2020-09-23T14:37:46+00:00\",\"dateModified\":\"2025-04-13T00:43:43+00:00\",\"breadcrumb\":{\"@id\":\"https:\\\/\\\/authenticpilatesonline.com\\\/pt-br\\\/sobre-nos\\\/pam-dejohn\\\/#breadcrumb\"},\"inLanguage\":\"pt-BR\",\"potentialAction\":[{\"@type\":\"ReadAction\",\"target\":[\"https:\\\/\\\/authenticpilatesonline.com\\\/pt-br\\\/sobre-nos\\\/pam-dejohn\\\/\"]}]},{\"@type\":\"ImageObject\",\"inLanguage\":\"pt-BR\",\"@id\":\"https:\\\/\\\/authenticpilatesonline.com\\\/pt-br\\\/sobre-nos\\\/pam-dejohn\\\/#primaryimage\",\"url\":\"https:\\\/\\\/authenticpilatesonline.com\\\/wp-content\\\/uploads\\\/2020\\\/01\\\/pam-dejohn-pilates-instructor-nj.jpg\",\"contentUrl\":\"https:\\\/\\\/authenticpilatesonline.com\\\/wp-content\\\/uploads\\\/2020\\\/01\\\/pam-dejohn-pilates-instructor-nj.jpg\",\"width\":2200,\"height\":1200},{\"@type\":\"BreadcrumbList\",\"@id\":\"https:\\\/\\\/authenticpilatesonline.com\\\/pt-br\\\/sobre-nos\\\/pam-dejohn\\\/#breadcrumb\",\"itemListElement\":[{\"@type\":\"ListItem\",\"position\":1,\"name\":\"Home\",\"item\":\"https:\\\/\\\/authenticpilatesonline.com\\\/pt-br\\\/nova-pagina-inicial\\\/\"},{\"@type\":\"ListItem\",\"position\":2,\"name\":\"Sobre N\u00f3s\",\"item\":\"https:\\\/\\\/authenticpilatesonline.com\\\/pt-br\\\/sobre-nos\\\/\"},{\"@type\":\"ListItem\",\"position\":3,\"name\":\"Pam Dejohn\"}]},{\"@type\":\"WebSite\",\"@id\":\"https:\\\/\\\/authenticpilatesonline.com\\\/pt-br\\\/#website\",\"url\":\"https:\\\/\\\/authenticpilatesonline.com\\\/pt-br\\\/\",\"name\":\"Authentic Pilates Center\",\"description\":\"YOUR ACCESS TO CLASSICAL PILATES VIDEOS&lt;br&gt; ANYTIME, ANYWHERE\",\"publisher\":{\"@id\":\"https:\\\/\\\/authenticpilatesonline.com\\\/pt-br\\\/#organization\"},\"potentialAction\":[{\"@type\":\"SearchAction\",\"target\":{\"@type\":\"EntryPoint\",\"urlTemplate\":\"https:\\\/\\\/authenticpilatesonline.com\\\/pt-br\\\/?s={search_term_string}\"},\"query-input\":{\"@type\":\"PropertyValueSpecification\",\"valueRequired\":true,\"valueName\":\"search_term_string\"}}],\"inLanguage\":\"pt-BR\"},{\"@type\":\"Organization\",\"@id\":\"https:\\\/\\\/authenticpilatesonline.com\\\/pt-br\\\/#organization\",\"name\":\"Authentic Pilates Center\",\"url\":\"https:\\\/\\\/authenticpilatesonline.com\\\/pt-br\\\/\",\"logo\":{\"@type\":\"ImageObject\",\"inLanguage\":\"pt-BR\",\"@id\":\"https:\\\/\\\/authenticpilatesonline.com\\\/pt-br\\\/#\\\/schema\\\/logo\\\/image\\\/\",\"url\":\"https:\\\/\\\/authenticpilatesonline.com\\\/wp-content\\\/uploads\\\/2019\\\/12\\\/authentic-pilates-online-logo.png\",\"contentUrl\":\"https:\\\/\\\/authenticpilatesonline.com\\\/wp-content\\\/uploads\\\/2019\\\/12\\\/authentic-pilates-online-logo.png\",\"width\":576,\"height\":150,\"caption\":\"Authentic Pilates Center\"},\"image\":{\"@id\":\"https:\\\/\\\/authenticpilatesonline.com\\\/pt-br\\\/#\\\/schema\\\/logo\\\/image\\\/\"}}]}<\/script>\n<!-- \/ Yoast SEO plugin. -->","yoast_head_json":{"title":"Pam Dejohn - Authentic Pilates Center","robots":{"index":"index","follow":"follow","max-snippet":"max-snippet:-1","max-image-preview":"max-image-preview:large","max-video-preview":"max-video-preview:-1"},"canonical":"https:\/\/authenticpilatesonline.com\/pt-br\/sobre-nos\/pam-dejohn\/","og_locale":"pt_BR","og_type":"article","og_title":"Pam Dejohn - Authentic Pilates Center","og_description":"Pam atua no setor de condicionamento f\u00edsico h\u00e1 mais de 25 anos e obteve sua certifica\u00e7\u00e3o no M\u00e9todo Pilates Aut\u00eantico diretamente sob a tutela da ... Leia mais","og_url":"https:\/\/authenticpilatesonline.com\/pt-br\/sobre-nos\/pam-dejohn\/","og_site_name":"Authentic Pilates Center","article_modified_time":"2025-04-13T00:43:43+00:00","og_image":[{"width":2200,"height":1200,"url":"https:\/\/authenticpilatesonline.com\/wp-content\/uploads\/2020\/01\/pam-dejohn-pilates-instructor-nj.jpg","type":"image\/jpeg"}],"twitter_card":"summary_large_image","twitter_misc":{"Est. tempo de leitura":"1 minuto"},"schema":{"@context":"https:\/\/schema.org","@graph":[{"@type":"WebPage","@id":"https:\/\/authenticpilatesonline.com\/pt-br\/sobre-nos\/pam-dejohn\/","url":"https:\/\/authenticpilatesonline.com\/pt-br\/sobre-nos\/pam-dejohn\/","name":"Pam Dejohn - Authentic Pilates Center","isPartOf":{"@id":"https:\/\/authenticpilatesonline.com\/pt-br\/#website"},"primaryImageOfPage":{"@id":"https:\/\/authenticpilatesonline.com\/pt-br\/sobre-nos\/pam-dejohn\/#primaryimage"},"image":{"@id":"https:\/\/authenticpilatesonline.com\/pt-br\/sobre-nos\/pam-dejohn\/#primaryimage"},"thumbnailUrl":"https:\/\/authenticpilatesonline.com\/wp-content\/uploads\/2020\/01\/pam-dejohn-pilates-instructor-nj.jpg","datePublished":"2020-09-23T14:37:46+00:00","dateModified":"2025-04-13T00:43:43+00:00","breadcrumb":{"@id":"https:\/\/authenticpilatesonline.com\/pt-br\/sobre-nos\/pam-dejohn\/#breadcrumb"},"inLanguage":"pt-BR","potentialAction":[{"@type":"ReadAction","target":["https:\/\/authenticpilatesonline.com\/pt-br\/sobre-nos\/pam-dejohn\/"]}]},{"@type":"ImageObject","inLanguage":"pt-BR","@id":"https:\/\/authenticpilatesonline.com\/pt-br\/sobre-nos\/pam-dejohn\/#primaryimage","url":"https:\/\/authenticpilatesonline.com\/wp-content\/uploads\/2020\/01\/pam-dejohn-pilates-instructor-nj.jpg","contentUrl":"https:\/\/authenticpilatesonline.com\/wp-content\/uploads\/2020\/01\/pam-dejohn-pilates-instructor-nj.jpg","width":2200,"height":1200},{"@type":"BreadcrumbList","@id":"https:\/\/authenticpilatesonline.com\/pt-br\/sobre-nos\/pam-dejohn\/#breadcrumb","itemListElement":[{"@type":"ListItem","position":1,"name":"Home","item":"https:\/\/authenticpilatesonline.com\/pt-br\/nova-pagina-inicial\/"},{"@type":"ListItem","position":2,"name":"Sobre N\u00f3s","item":"https:\/\/authenticpilatesonline.com\/pt-br\/sobre-nos\/"},{"@type":"ListItem","position":3,"name":"Pam Dejohn"}]},{"@type":"WebSite","@id":"https:\/\/authenticpilatesonline.com\/pt-br\/#website","url":"https:\/\/authenticpilatesonline.com\/pt-br\/","name":"Authentic Pilates Center","description":"YOUR ACCESS TO CLASSICAL PILATES VIDEOS&lt;br&gt; ANYTIME, ANYWHERE","publisher":{"@id":"https:\/\/authenticpilatesonline.com\/pt-br\/#organization"},"potentialAction":[{"@type":"SearchAction","target":{"@type":"EntryPoint","urlTemplate":"https:\/\/authenticpilatesonline.com\/pt-br\/?s={search_term_string}"},"query-input":{"@type":"PropertyValueSpecification","valueRequired":true,"valueName":"search_term_string"}}],"inLanguage":"pt-BR"},{"@type":"Organization","@id":"https:\/\/authenticpilatesonline.com\/pt-br\/#organization","name":"Authentic Pilates Center","url":"https:\/\/authenticpilatesonline.com\/pt-br\/","logo":{"@type":"ImageObject","inLanguage":"pt-BR","@id":"https:\/\/authenticpilatesonline.com\/pt-br\/#\/schema\/logo\/image\/","url":"https:\/\/authenticpilatesonline.com\/wp-content\/uploads\/2019\/12\/authentic-pilates-online-logo.png","contentUrl":"https:\/\/authenticpilatesonline.com\/wp-content\/uploads\/2019\/12\/authentic-pilates-online-logo.png","width":576,"height":150,"caption":"Authentic Pilates Center"},"image":{"@id":"https:\/\/authenticpilatesonline.com\/pt-br\/#\/schema\/logo\/image\/"}}]}},"_links":{"self":[{"href":"https:\/\/authenticpilatesonline.com\/pt-br\/wp-json\/wp\/v2\/pages\/38401","targetHints":{"allow":["GET"]}}],"collection":[{"href":"https:\/\/authenticpilatesonline.com\/pt-br\/wp-json\/wp\/v2\/pages"}],"about":[{"href":"https:\/\/authenticpilatesonline.com\/pt-br\/wp-json\/wp\/v2\/types\/page"}],"author":[{"embeddable":true,"href":"https:\/\/authenticpilatesonline.com\/pt-br\/wp-json\/wp\/v2\/users\/3"}],"replies":[{"embeddable":true,"href":"https:\/\/authenticpilatesonline.com\/pt-br\/wp-json\/wp\/v2\/comments?post=38401"}],"version-history":[{"count":1,"href":"https:\/\/authenticpilatesonline.com\/pt-br\/wp-json\/wp\/v2\/pages\/38401\/revisions"}],"predecessor-version":[{"id":38407,"href":"https:\/\/authenticpilatesonline.com\/pt-br\/wp-json\/wp\/v2\/pages\/38401\/revisions\/38407"}],"up":[{"embeddable":true,"href":"https:\/\/authenticpilatesonline.com\/pt-br\/wp-json\/wp\/v2\/pages\/38409"}],"wp:featuredmedia":[{"embeddable":true,"href":"https:\/\/authenticpilatesonline.com\/pt-br\/wp-json\/wp\/v2\/media\/34269"}],"wp:attachment":[{"href":"https:\/\/authenticpilatesonline.com\/pt-br\/wp-json\/wp\/v2\/media?parent=38401"}],"wp:term":[{"taxonomy":"page_layout","embeddable":true,"href":"https:\/\/authenticpilatesonline.com\/pt-br\/wp-json\/wp\/v2\/page_layout?post=38401"}],"curies":[{"name":"wp","href":"https:\/\/api.w.org\/{rel}","templated":true}]}}