{"id":38405,"date":"2020-01-11T03:02:09","date_gmt":"2020-01-11T03:02:09","guid":{"rendered":"https:\/\/authenticpilatesonline.com\/certificacao-de-professores\/"},"modified":"2025-04-13T00:43:40","modified_gmt":"2025-04-13T00:43:40","slug":"certificacao-de-professores","status":"publish","type":"page","link":"https:\/\/authenticpilatesonline.com\/pt-br\/certificacao-de-professores\/","title":{"rendered":"Certifica\u00e7\u00e3o de Professores"},"content":{"rendered":"<div class=\"gb-container gb-container-6a4ee134 section-full-width-outer\">\n<div class=\"gb-container gb-container-ad3f2b74\">\n\n<figure class=\"gb-block-image gb-block-image-2e47f9b1\"><img loading=\"lazy\" decoding=\"async\" width=\"4000\" height=\"1500\" class=\"gb-image gb-image-2e47f9b1\" src=\"https:\/\/authenticpilatesonline.com\/wp-content\/uploads\/2025\/03\/Authentic-Pilates_on_black_.png\" alt=\"\" title=\"Authentic Pilates_on_black_\" srcset=\"https:\/\/authenticpilatesonline.com\/wp-content\/uploads\/2025\/03\/Authentic-Pilates_on_black_.png 4000w, https:\/\/authenticpilatesonline.com\/wp-content\/uploads\/2025\/03\/Authentic-Pilates_on_black_-300x113.png 300w, https:\/\/authenticpilatesonline.com\/wp-content\/uploads\/2025\/03\/Authentic-Pilates_on_black_-1024x384.png 1024w, https:\/\/authenticpilatesonline.com\/wp-content\/uploads\/2025\/03\/Authentic-Pilates_on_black_-768x288.png 768w, https:\/\/authenticpilatesonline.com\/wp-content\/uploads\/2025\/03\/Authentic-Pilates_on_black_-1536x576.png 1536w, https:\/\/authenticpilatesonline.com\/wp-content\/uploads\/2025\/03\/Authentic-Pilates_on_black_-2048x768.png 2048w, https:\/\/authenticpilatesonline.com\/wp-content\/uploads\/2025\/03\/Authentic-Pilates_on_black_-600x225.png 600w\" sizes=\"auto, (max-width: 4000px) 100vw, 4000px\" \/><\/figure>\n\n\n\n<h1 class=\"gb-headline gb-headline-be9b3e21 gb-headline-text\">Certifica\u00e7\u00e3o de Professores de Pilates<\/h1>\n\n<\/div>\n<\/div><div class=\"gb-container gb-container-6e10ae43 section-full-width-outer\">\n<div class=\"gb-container gb-container-34a4be60\">\n\n<p>Na Authentic Pilates Learning Center LLC, levamos a educa\u00e7\u00e3o muito a s\u00e9rio. Nossos formadores de professores possuem quase 50 anos de experi\u00eancia coletiva, dispomos de um amplo est\u00fadio totalmente equipado, uma dedica\u00e7\u00e3o superior ao nosso programa e centenas de clientes satisfeitos que podem atestar que nosso conhecimento e cuidado contribu\u00edram para a melhoria de sua condi\u00e7\u00e3o f\u00edsica. <\/p>\n\n\n\n<p>Nosso nome, Authentic Pilates Learning Center LLC, descreve quem somos e o que oferecemos. Para n\u00f3s, &#8220;aut\u00eantico&#8221; significa que fomos treinados pela primeira disc\u00edpula de Joseph Pilates, Romana Kryzanowska. O trabalho que transmitimos aos nossos alunos prov\u00e9m diretamente deste trabalho original, sem exce\u00e7\u00e3o.  <\/p>\n\n\n\n<p>Para visualizar as pr\u00f3ximas datas de treinamento, requisitos de admiss\u00e3o e vis\u00e3o geral dos m\u00f3dulos, por favor, acesse o <a href=\"https:\/\/authenticpilatescenter.com\/teacher-training-2\/\">est\u00fadio do Authentic Pilates Learning Center<\/a>.<\/p>\n\n\n<div class=\"gb-container gb-container-be949c56\">\n\n<a class=\"gb-button gb-button-f15d7334 gb-button-text btn-primary\" href=\"https:\/\/authenticpilatescenter.com\/teacher-training-2\/\">Forma\u00e7\u00e3o de Professores de Authentic Pilates &#8211; Pr\u00f3ximas Datas<\/a>\n\n<\/div>\n<\/div>\n<\/div>","protected":false},"excerpt":{"rendered":"<p>Certifica\u00e7\u00e3o de Professores de Pilates Na Authentic Pilates Learning Center LLC, levamos a educa\u00e7\u00e3o muito a s\u00e9rio. Nossos formadores de professores possuem quase 50 anos &#8230; <a title=\"Certifica\u00e7\u00e3o de Professores\" class=\"read-more\" href=\"https:\/\/authenticpilatesonline.com\/pt-br\/certificacao-de-professores\/\" aria-label=\"Read more about Certifica\u00e7\u00e3o de Professores\">Leia mais<\/a><\/p>\n","protected":false},"author":3,"featured_media":0,"parent":0,"menu_order":0,"comment_status":"closed","ping_status":"closed","template":"","meta":{"__cvm_playback_settings":[],"__cvm_video_id":"","footnotes":""},"page_layout":[],"class_list":{"0":"post-38405","1":"page","2":"type-page","3":"status-publish","5":"infinite-scroll-item"},"yoast_head":"<!-- This site is optimized with the Yoast SEO plugin v27.3 - https:\/\/yoast.com\/product\/yoast-seo-wordpress\/ -->\n<title>Certifica\u00e7\u00e3o de Forma\u00e7\u00e3o de Professores em Pilates Cl\u00e1ssico | Authentic Pilates Online<\/title>\n<meta name=\"description\" content=\"Certifica\u00e7\u00e3o para instrutores de Pilates Cl\u00e1ssico dispon\u00edvel.\" \/>\n<meta name=\"robots\" content=\"index, follow, max-snippet:-1, max-image-preview:large, max-video-preview:-1\" \/>\n<link rel=\"canonical\" href=\"https:\/\/authenticpilatesonline.com\/pt-br\/certificacao-de-professores\/\" \/>\n<meta property=\"og:locale\" content=\"pt_BR\" \/>\n<meta property=\"og:type\" content=\"article\" \/>\n<meta property=\"og:title\" content=\"Certifica\u00e7\u00e3o de Forma\u00e7\u00e3o de Professores em Pilates Cl\u00e1ssico | Authentic Pilates Online\" \/>\n<meta property=\"og:description\" content=\"Certifica\u00e7\u00e3o para instrutores de Pilates Cl\u00e1ssico dispon\u00edvel.\" \/>\n<meta property=\"og:url\" content=\"https:\/\/authenticpilatesonline.com\/pt-br\/certificacao-de-professores\/\" \/>\n<meta property=\"og:site_name\" content=\"Authentic Pilates Center\" \/>\n<meta property=\"article:modified_time\" content=\"2025-04-13T00:43:40+00:00\" \/>\n<meta property=\"og:image\" content=\"https:\/\/authenticpilatesonline.com\/wp-content\/uploads\/2025\/03\/Authentic-Pilates_on_black_.png\" \/>\n<meta name=\"twitter:card\" content=\"summary_large_image\" \/>\n<meta name=\"twitter:label1\" content=\"Est. tempo de leitura\" \/>\n\t<meta name=\"twitter:data1\" content=\"1 minuto\" \/>\n<script type=\"application\/ld+json\" class=\"yoast-schema-graph\">{\"@context\":\"https:\\\/\\\/schema.org\",\"@graph\":[{\"@type\":\"WebPage\",\"@id\":\"https:\\\/\\\/authenticpilatesonline.com\\\/pt-br\\\/certificacao-de-professores\\\/\",\"url\":\"https:\\\/\\\/authenticpilatesonline.com\\\/pt-br\\\/certificacao-de-professores\\\/\",\"name\":\"Certifica\u00e7\u00e3o de Forma\u00e7\u00e3o de Professores em Pilates Cl\u00e1ssico | Authentic Pilates Online\",\"isPartOf\":{\"@id\":\"https:\\\/\\\/authenticpilatesonline.com\\\/pt-br\\\/#website\"},\"primaryImageOfPage\":{\"@id\":\"https:\\\/\\\/authenticpilatesonline.com\\\/pt-br\\\/certificacao-de-professores\\\/#primaryimage\"},\"image\":{\"@id\":\"https:\\\/\\\/authenticpilatesonline.com\\\/pt-br\\\/certificacao-de-professores\\\/#primaryimage\"},\"thumbnailUrl\":\"https:\\\/\\\/authenticpilatesonline.com\\\/wp-content\\\/uploads\\\/2025\\\/03\\\/Authentic-Pilates_on_black_.png\",\"datePublished\":\"2020-01-11T03:02:09+00:00\",\"dateModified\":\"2025-04-13T00:43:40+00:00\",\"description\":\"Certifica\u00e7\u00e3o para instrutores de Pilates Cl\u00e1ssico dispon\u00edvel.\",\"breadcrumb\":{\"@id\":\"https:\\\/\\\/authenticpilatesonline.com\\\/pt-br\\\/certificacao-de-professores\\\/#breadcrumb\"},\"inLanguage\":\"pt-BR\",\"potentialAction\":[{\"@type\":\"ReadAction\",\"target\":[\"https:\\\/\\\/authenticpilatesonline.com\\\/pt-br\\\/certificacao-de-professores\\\/\"]}]},{\"@type\":\"ImageObject\",\"inLanguage\":\"pt-BR\",\"@id\":\"https:\\\/\\\/authenticpilatesonline.com\\\/pt-br\\\/certificacao-de-professores\\\/#primaryimage\",\"url\":\"https:\\\/\\\/authenticpilatesonline.com\\\/wp-content\\\/uploads\\\/2025\\\/03\\\/Authentic-Pilates_on_black_.png\",\"contentUrl\":\"https:\\\/\\\/authenticpilatesonline.com\\\/wp-content\\\/uploads\\\/2025\\\/03\\\/Authentic-Pilates_on_black_.png\"},{\"@type\":\"BreadcrumbList\",\"@id\":\"https:\\\/\\\/authenticpilatesonline.com\\\/pt-br\\\/certificacao-de-professores\\\/#breadcrumb\",\"itemListElement\":[{\"@type\":\"ListItem\",\"position\":1,\"name\":\"Home\",\"item\":\"https:\\\/\\\/authenticpilatesonline.com\\\/pt-br\\\/nova-pagina-inicial\\\/\"},{\"@type\":\"ListItem\",\"position\":2,\"name\":\"Certifica\u00e7\u00e3o de Professores\"}]},{\"@type\":\"WebSite\",\"@id\":\"https:\\\/\\\/authenticpilatesonline.com\\\/pt-br\\\/#website\",\"url\":\"https:\\\/\\\/authenticpilatesonline.com\\\/pt-br\\\/\",\"name\":\"Authentic Pilates Center\",\"description\":\"YOUR ACCESS TO CLASSICAL PILATES VIDEOS&lt;br&gt; ANYTIME, ANYWHERE\",\"publisher\":{\"@id\":\"https:\\\/\\\/authenticpilatesonline.com\\\/pt-br\\\/#organization\"},\"potentialAction\":[{\"@type\":\"SearchAction\",\"target\":{\"@type\":\"EntryPoint\",\"urlTemplate\":\"https:\\\/\\\/authenticpilatesonline.com\\\/pt-br\\\/?s={search_term_string}\"},\"query-input\":{\"@type\":\"PropertyValueSpecification\",\"valueRequired\":true,\"valueName\":\"search_term_string\"}}],\"inLanguage\":\"pt-BR\"},{\"@type\":\"Organization\",\"@id\":\"https:\\\/\\\/authenticpilatesonline.com\\\/pt-br\\\/#organization\",\"name\":\"Authentic Pilates Center\",\"url\":\"https:\\\/\\\/authenticpilatesonline.com\\\/pt-br\\\/\",\"logo\":{\"@type\":\"ImageObject\",\"inLanguage\":\"pt-BR\",\"@id\":\"https:\\\/\\\/authenticpilatesonline.com\\\/pt-br\\\/#\\\/schema\\\/logo\\\/image\\\/\",\"url\":\"https:\\\/\\\/authenticpilatesonline.com\\\/wp-content\\\/uploads\\\/2019\\\/12\\\/authentic-pilates-online-logo.png\",\"contentUrl\":\"https:\\\/\\\/authenticpilatesonline.com\\\/wp-content\\\/uploads\\\/2019\\\/12\\\/authentic-pilates-online-logo.png\",\"width\":576,\"height\":150,\"caption\":\"Authentic Pilates Center\"},\"image\":{\"@id\":\"https:\\\/\\\/authenticpilatesonline.com\\\/pt-br\\\/#\\\/schema\\\/logo\\\/image\\\/\"}}]}<\/script>\n<!-- \/ Yoast SEO plugin. -->","yoast_head_json":{"title":"Certifica\u00e7\u00e3o de Forma\u00e7\u00e3o de Professores em Pilates Cl\u00e1ssico | Authentic Pilates Online","description":"Certifica\u00e7\u00e3o para instrutores de Pilates Cl\u00e1ssico dispon\u00edvel.","robots":{"index":"index","follow":"follow","max-snippet":"max-snippet:-1","max-image-preview":"max-image-preview:large","max-video-preview":"max-video-preview:-1"},"canonical":"https:\/\/authenticpilatesonline.com\/pt-br\/certificacao-de-professores\/","og_locale":"pt_BR","og_type":"article","og_title":"Certifica\u00e7\u00e3o de Forma\u00e7\u00e3o de Professores em Pilates Cl\u00e1ssico | Authentic Pilates Online","og_description":"Certifica\u00e7\u00e3o para instrutores de Pilates Cl\u00e1ssico dispon\u00edvel.","og_url":"https:\/\/authenticpilatesonline.com\/pt-br\/certificacao-de-professores\/","og_site_name":"Authentic Pilates Center","article_modified_time":"2025-04-13T00:43:40+00:00","og_image":[{"url":"https:\/\/authenticpilatesonline.com\/wp-content\/uploads\/2025\/03\/Authentic-Pilates_on_black_.png","type":"","width":"","height":""}],"twitter_card":"summary_large_image","twitter_misc":{"Est. tempo de leitura":"1 minuto"},"schema":{"@context":"https:\/\/schema.org","@graph":[{"@type":"WebPage","@id":"https:\/\/authenticpilatesonline.com\/pt-br\/certificacao-de-professores\/","url":"https:\/\/authenticpilatesonline.com\/pt-br\/certificacao-de-professores\/","name":"Certifica\u00e7\u00e3o de Forma\u00e7\u00e3o de Professores em Pilates Cl\u00e1ssico | Authentic Pilates Online","isPartOf":{"@id":"https:\/\/authenticpilatesonline.com\/pt-br\/#website"},"primaryImageOfPage":{"@id":"https:\/\/authenticpilatesonline.com\/pt-br\/certificacao-de-professores\/#primaryimage"},"image":{"@id":"https:\/\/authenticpilatesonline.com\/pt-br\/certificacao-de-professores\/#primaryimage"},"thumbnailUrl":"https:\/\/authenticpilatesonline.com\/wp-content\/uploads\/2025\/03\/Authentic-Pilates_on_black_.png","datePublished":"2020-01-11T03:02:09+00:00","dateModified":"2025-04-13T00:43:40+00:00","description":"Certifica\u00e7\u00e3o para instrutores de Pilates Cl\u00e1ssico dispon\u00edvel.","breadcrumb":{"@id":"https:\/\/authenticpilatesonline.com\/pt-br\/certificacao-de-professores\/#breadcrumb"},"inLanguage":"pt-BR","potentialAction":[{"@type":"ReadAction","target":["https:\/\/authenticpilatesonline.com\/pt-br\/certificacao-de-professores\/"]}]},{"@type":"ImageObject","inLanguage":"pt-BR","@id":"https:\/\/authenticpilatesonline.com\/pt-br\/certificacao-de-professores\/#primaryimage","url":"https:\/\/authenticpilatesonline.com\/wp-content\/uploads\/2025\/03\/Authentic-Pilates_on_black_.png","contentUrl":"https:\/\/authenticpilatesonline.com\/wp-content\/uploads\/2025\/03\/Authentic-Pilates_on_black_.png"},{"@type":"BreadcrumbList","@id":"https:\/\/authenticpilatesonline.com\/pt-br\/certificacao-de-professores\/#breadcrumb","itemListElement":[{"@type":"ListItem","position":1,"name":"Home","item":"https:\/\/authenticpilatesonline.com\/pt-br\/nova-pagina-inicial\/"},{"@type":"ListItem","position":2,"name":"Certifica\u00e7\u00e3o de Professores"}]},{"@type":"WebSite","@id":"https:\/\/authenticpilatesonline.com\/pt-br\/#website","url":"https:\/\/authenticpilatesonline.com\/pt-br\/","name":"Authentic Pilates Center","description":"YOUR ACCESS TO CLASSICAL PILATES VIDEOS&lt;br&gt; ANYTIME, ANYWHERE","publisher":{"@id":"https:\/\/authenticpilatesonline.com\/pt-br\/#organization"},"potentialAction":[{"@type":"SearchAction","target":{"@type":"EntryPoint","urlTemplate":"https:\/\/authenticpilatesonline.com\/pt-br\/?s={search_term_string}"},"query-input":{"@type":"PropertyValueSpecification","valueRequired":true,"valueName":"search_term_string"}}],"inLanguage":"pt-BR"},{"@type":"Organization","@id":"https:\/\/authenticpilatesonline.com\/pt-br\/#organization","name":"Authentic Pilates Center","url":"https:\/\/authenticpilatesonline.com\/pt-br\/","logo":{"@type":"ImageObject","inLanguage":"pt-BR","@id":"https:\/\/authenticpilatesonline.com\/pt-br\/#\/schema\/logo\/image\/","url":"https:\/\/authenticpilatesonline.com\/wp-content\/uploads\/2019\/12\/authentic-pilates-online-logo.png","contentUrl":"https:\/\/authenticpilatesonline.com\/wp-content\/uploads\/2019\/12\/authentic-pilates-online-logo.png","width":576,"height":150,"caption":"Authentic Pilates Center"},"image":{"@id":"https:\/\/authenticpilatesonline.com\/pt-br\/#\/schema\/logo\/image\/"}}]}},"_links":{"self":[{"href":"https:\/\/authenticpilatesonline.com\/pt-br\/wp-json\/wp\/v2\/pages\/38405","targetHints":{"allow":["GET"]}}],"collection":[{"href":"https:\/\/authenticpilatesonline.com\/pt-br\/wp-json\/wp\/v2\/pages"}],"about":[{"href":"https:\/\/authenticpilatesonline.com\/pt-br\/wp-json\/wp\/v2\/types\/page"}],"author":[{"embeddable":true,"href":"https:\/\/authenticpilatesonline.com\/pt-br\/wp-json\/wp\/v2\/users\/3"}],"replies":[{"embeddable":true,"href":"https:\/\/authenticpilatesonline.com\/pt-br\/wp-json\/wp\/v2\/comments?post=38405"}],"version-history":[{"count":1,"href":"https:\/\/authenticpilatesonline.com\/pt-br\/wp-json\/wp\/v2\/pages\/38405\/revisions"}],"predecessor-version":[{"id":38410,"href":"https:\/\/authenticpilatesonline.com\/pt-br\/wp-json\/wp\/v2\/pages\/38405\/revisions\/38410"}],"wp:attachment":[{"href":"https:\/\/authenticpilatesonline.com\/pt-br\/wp-json\/wp\/v2\/media?parent=38405"}],"wp:term":[{"taxonomy":"page_layout","embeddable":true,"href":"https:\/\/authenticpilatesonline.com\/pt-br\/wp-json\/wp\/v2\/page_layout?post=38405"}],"curies":[{"name":"wp","href":"https:\/\/api.w.org\/{rel}","templated":true}]}}