{"id":38563,"date":"2020-01-02T20:48:21","date_gmt":"2020-01-02T20:48:21","guid":{"rendered":"https:\/\/authenticpilatesonline.com\/sobre-nos\/gwenn-wierzbicki\/"},"modified":"2025-04-13T00:48:01","modified_gmt":"2025-04-13T00:48:01","slug":"gwenn-wierzbicki","status":"publish","type":"page","link":"https:\/\/authenticpilatesonline.com\/pt-br\/sobre-nos\/gwenn-wierzbicki\/","title":{"rendered":"Gwenn Wierzbicki"},"content":{"rendered":"\n<div class=\"gb-element-eb19173d\">\n<div class=\"gb-element-436c0af2\">\n<figure class=\"wp-block-image size-full\"><img loading=\"lazy\" decoding=\"async\" width=\"400\" height=\"500\" src=\"https:\/\/authenticpilatesonline.com\/wp-content\/uploads\/2025\/03\/Gwenn-Wierzbicki-1.webp\" alt=\"\" class=\"wp-image-33479\" srcset=\"https:\/\/authenticpilatesonline.com\/wp-content\/uploads\/2025\/03\/Gwenn-Wierzbicki-1.webp 400w, https:\/\/authenticpilatesonline.com\/wp-content\/uploads\/2025\/03\/Gwenn-Wierzbicki-1-240x300.webp 240w\" sizes=\"auto, (max-width: 400px) 100vw, 400px\" \/><\/figure>\n<\/div>\n\n\n\n<div>\n<p>Gwenn \u00e9 uma profissional de condicionamento f\u00edsico h\u00e1 mais de 25 anos. Ela \u00e9 \nclassicamente certificada em Pilates Aut\u00eantico sob a tutela magistral \nde Romana Kryzanowska, disc\u00edpula de Joseph Pilates. Gwenn tamb\u00e9m estudou \ncom Bob Liekens e \u00e9 certificada pela Power Pilates.  <\/p>\n\n\n\n<p>Anteriormente, Gwenn foi membro da Equipe de Performance de Dan\u00e7a AVIA e\n ministrou aulas magistrais de condicionamento f\u00edsico em toda a \u00e1rea dos tr\u00eas estados. Ela \npossui m\u00faltiplas certifica\u00e7\u00f5es na ind\u00fastria da dan\u00e7a e do condicionamento f\u00edsico e \nfoi certificada em Garuda por seu criador, James D&#8217;Silva. Ela tamb\u00e9m estudou \ndan\u00e7a na Escola de Ballet de Nova Jersey, na Escola Ailey e no Centro\n de Dan\u00e7a da Broadway.  <\/p>\n<\/div>\n<\/div>\n","protected":false},"excerpt":{"rendered":"<p>Gwenn \u00e9 uma profissional de condicionamento f\u00edsico h\u00e1 mais de 25 anos. Ela \u00e9 classicamente certificada em Pilates Aut\u00eantico sob a tutela magistral de Romana &#8230; <a title=\"Gwenn Wierzbicki\" class=\"read-more\" href=\"https:\/\/authenticpilatesonline.com\/pt-br\/sobre-nos\/gwenn-wierzbicki\/\" aria-label=\"Read more about Gwenn Wierzbicki\">Leia mais<\/a><\/p>\n","protected":false},"author":3,"featured_media":34265,"parent":38409,"menu_order":0,"comment_status":"closed","ping_status":"closed","template":"","meta":{"__cvm_playback_settings":[],"__cvm_video_id":"","footnotes":""},"page_layout":[],"class_list":{"0":"post-38563","1":"page","2":"type-page","3":"status-publish","4":"has-post-thumbnail","6":"infinite-scroll-item"},"yoast_head":"<!-- This site is optimized with the Yoast SEO plugin v27.4 - https:\/\/yoast.com\/product\/yoast-seo-wordpress\/ -->\n<title>Gwenn Wierzbicki - Authentic Pilates Center<\/title>\n<meta name=\"robots\" content=\"index, follow, max-snippet:-1, max-image-preview:large, max-video-preview:-1\" \/>\n<link rel=\"canonical\" href=\"https:\/\/authenticpilatesonline.com\/pt-br\/sobre-nos\/gwenn-wierzbicki\/\" \/>\n<meta property=\"og:locale\" content=\"pt_BR\" \/>\n<meta property=\"og:type\" content=\"article\" \/>\n<meta property=\"og:title\" content=\"Gwenn Wierzbicki - Authentic Pilates Center\" \/>\n<meta property=\"og:description\" content=\"Gwenn \u00e9 uma profissional de condicionamento f\u00edsico h\u00e1 mais de 25 anos. Ela \u00e9 classicamente certificada em Pilates Aut\u00eantico sob a tutela magistral de Romana ... Leia mais\" \/>\n<meta property=\"og:url\" content=\"https:\/\/authenticpilatesonline.com\/pt-br\/sobre-nos\/gwenn-wierzbicki\/\" \/>\n<meta property=\"og:site_name\" content=\"Authentic Pilates Center\" \/>\n<meta property=\"article:modified_time\" content=\"2025-04-13T00:48:01+00:00\" \/>\n<meta property=\"og:image\" content=\"https:\/\/authenticpilatesonline.com\/wp-content\/uploads\/2020\/01\/gwenn-wierzbicki-pilates-instructor.jpg\" \/>\n\t<meta property=\"og:image:width\" content=\"2200\" \/>\n\t<meta property=\"og:image:height\" content=\"1200\" \/>\n\t<meta property=\"og:image:type\" content=\"image\/jpeg\" \/>\n<meta name=\"twitter:card\" content=\"summary_large_image\" \/>\n<meta name=\"twitter:label1\" content=\"Est. tempo de leitura\" \/>\n\t<meta name=\"twitter:data1\" content=\"1 minuto\" \/>\n<script type=\"application\/ld+json\" class=\"yoast-schema-graph\">{\"@context\":\"https:\\\/\\\/schema.org\",\"@graph\":[{\"@type\":\"WebPage\",\"@id\":\"https:\\\/\\\/authenticpilatesonline.com\\\/pt-br\\\/sobre-nos\\\/gwenn-wierzbicki\\\/\",\"url\":\"https:\\\/\\\/authenticpilatesonline.com\\\/pt-br\\\/sobre-nos\\\/gwenn-wierzbicki\\\/\",\"name\":\"Gwenn Wierzbicki - Authentic Pilates Center\",\"isPartOf\":{\"@id\":\"https:\\\/\\\/authenticpilatesonline.com\\\/pt-br\\\/#website\"},\"primaryImageOfPage\":{\"@id\":\"https:\\\/\\\/authenticpilatesonline.com\\\/pt-br\\\/sobre-nos\\\/gwenn-wierzbicki\\\/#primaryimage\"},\"image\":{\"@id\":\"https:\\\/\\\/authenticpilatesonline.com\\\/pt-br\\\/sobre-nos\\\/gwenn-wierzbicki\\\/#primaryimage\"},\"thumbnailUrl\":\"https:\\\/\\\/authenticpilatesonline.com\\\/wp-content\\\/uploads\\\/2020\\\/01\\\/gwenn-wierzbicki-pilates-instructor.jpg\",\"datePublished\":\"2020-01-02T20:48:21+00:00\",\"dateModified\":\"2025-04-13T00:48:01+00:00\",\"breadcrumb\":{\"@id\":\"https:\\\/\\\/authenticpilatesonline.com\\\/pt-br\\\/sobre-nos\\\/gwenn-wierzbicki\\\/#breadcrumb\"},\"inLanguage\":\"pt-BR\",\"potentialAction\":[{\"@type\":\"ReadAction\",\"target\":[\"https:\\\/\\\/authenticpilatesonline.com\\\/pt-br\\\/sobre-nos\\\/gwenn-wierzbicki\\\/\"]}]},{\"@type\":\"ImageObject\",\"inLanguage\":\"pt-BR\",\"@id\":\"https:\\\/\\\/authenticpilatesonline.com\\\/pt-br\\\/sobre-nos\\\/gwenn-wierzbicki\\\/#primaryimage\",\"url\":\"https:\\\/\\\/authenticpilatesonline.com\\\/wp-content\\\/uploads\\\/2020\\\/01\\\/gwenn-wierzbicki-pilates-instructor.jpg\",\"contentUrl\":\"https:\\\/\\\/authenticpilatesonline.com\\\/wp-content\\\/uploads\\\/2020\\\/01\\\/gwenn-wierzbicki-pilates-instructor.jpg\",\"width\":2200,\"height\":1200},{\"@type\":\"BreadcrumbList\",\"@id\":\"https:\\\/\\\/authenticpilatesonline.com\\\/pt-br\\\/sobre-nos\\\/gwenn-wierzbicki\\\/#breadcrumb\",\"itemListElement\":[{\"@type\":\"ListItem\",\"position\":1,\"name\":\"Home\",\"item\":\"https:\\\/\\\/authenticpilatesonline.com\\\/pt-br\\\/nova-pagina-inicial\\\/\"},{\"@type\":\"ListItem\",\"position\":2,\"name\":\"Sobre N\u00f3s\",\"item\":\"https:\\\/\\\/authenticpilatesonline.com\\\/pt-br\\\/sobre-nos\\\/\"},{\"@type\":\"ListItem\",\"position\":3,\"name\":\"Gwenn Wierzbicki\"}]},{\"@type\":\"WebSite\",\"@id\":\"https:\\\/\\\/authenticpilatesonline.com\\\/pt-br\\\/#website\",\"url\":\"https:\\\/\\\/authenticpilatesonline.com\\\/pt-br\\\/\",\"name\":\"Authentic Pilates Center\",\"description\":\"YOUR ACCESS TO CLASSICAL PILATES VIDEOS&lt;br&gt; ANYTIME, ANYWHERE\",\"publisher\":{\"@id\":\"https:\\\/\\\/authenticpilatesonline.com\\\/pt-br\\\/#organization\"},\"potentialAction\":[{\"@type\":\"SearchAction\",\"target\":{\"@type\":\"EntryPoint\",\"urlTemplate\":\"https:\\\/\\\/authenticpilatesonline.com\\\/pt-br\\\/?s={search_term_string}\"},\"query-input\":{\"@type\":\"PropertyValueSpecification\",\"valueRequired\":true,\"valueName\":\"search_term_string\"}}],\"inLanguage\":\"pt-BR\"},{\"@type\":\"Organization\",\"@id\":\"https:\\\/\\\/authenticpilatesonline.com\\\/pt-br\\\/#organization\",\"name\":\"Authentic Pilates Center\",\"url\":\"https:\\\/\\\/authenticpilatesonline.com\\\/pt-br\\\/\",\"logo\":{\"@type\":\"ImageObject\",\"inLanguage\":\"pt-BR\",\"@id\":\"https:\\\/\\\/authenticpilatesonline.com\\\/pt-br\\\/#\\\/schema\\\/logo\\\/image\\\/\",\"url\":\"https:\\\/\\\/authenticpilatesonline.com\\\/wp-content\\\/uploads\\\/2019\\\/12\\\/authentic-pilates-online-logo.png\",\"contentUrl\":\"https:\\\/\\\/authenticpilatesonline.com\\\/wp-content\\\/uploads\\\/2019\\\/12\\\/authentic-pilates-online-logo.png\",\"width\":576,\"height\":150,\"caption\":\"Authentic Pilates Center\"},\"image\":{\"@id\":\"https:\\\/\\\/authenticpilatesonline.com\\\/pt-br\\\/#\\\/schema\\\/logo\\\/image\\\/\"}}]}<\/script>\n<!-- \/ Yoast SEO plugin. -->","yoast_head_json":{"title":"Gwenn Wierzbicki - Authentic Pilates Center","robots":{"index":"index","follow":"follow","max-snippet":"max-snippet:-1","max-image-preview":"max-image-preview:large","max-video-preview":"max-video-preview:-1"},"canonical":"https:\/\/authenticpilatesonline.com\/pt-br\/sobre-nos\/gwenn-wierzbicki\/","og_locale":"pt_BR","og_type":"article","og_title":"Gwenn Wierzbicki - Authentic Pilates Center","og_description":"Gwenn \u00e9 uma profissional de condicionamento f\u00edsico h\u00e1 mais de 25 anos. Ela \u00e9 classicamente certificada em Pilates Aut\u00eantico sob a tutela magistral de Romana ... Leia mais","og_url":"https:\/\/authenticpilatesonline.com\/pt-br\/sobre-nos\/gwenn-wierzbicki\/","og_site_name":"Authentic Pilates Center","article_modified_time":"2025-04-13T00:48:01+00:00","og_image":[{"width":2200,"height":1200,"url":"https:\/\/authenticpilatesonline.com\/wp-content\/uploads\/2020\/01\/gwenn-wierzbicki-pilates-instructor.jpg","type":"image\/jpeg"}],"twitter_card":"summary_large_image","twitter_misc":{"Est. tempo de leitura":"1 minuto"},"schema":{"@context":"https:\/\/schema.org","@graph":[{"@type":"WebPage","@id":"https:\/\/authenticpilatesonline.com\/pt-br\/sobre-nos\/gwenn-wierzbicki\/","url":"https:\/\/authenticpilatesonline.com\/pt-br\/sobre-nos\/gwenn-wierzbicki\/","name":"Gwenn Wierzbicki - Authentic Pilates Center","isPartOf":{"@id":"https:\/\/authenticpilatesonline.com\/pt-br\/#website"},"primaryImageOfPage":{"@id":"https:\/\/authenticpilatesonline.com\/pt-br\/sobre-nos\/gwenn-wierzbicki\/#primaryimage"},"image":{"@id":"https:\/\/authenticpilatesonline.com\/pt-br\/sobre-nos\/gwenn-wierzbicki\/#primaryimage"},"thumbnailUrl":"https:\/\/authenticpilatesonline.com\/wp-content\/uploads\/2020\/01\/gwenn-wierzbicki-pilates-instructor.jpg","datePublished":"2020-01-02T20:48:21+00:00","dateModified":"2025-04-13T00:48:01+00:00","breadcrumb":{"@id":"https:\/\/authenticpilatesonline.com\/pt-br\/sobre-nos\/gwenn-wierzbicki\/#breadcrumb"},"inLanguage":"pt-BR","potentialAction":[{"@type":"ReadAction","target":["https:\/\/authenticpilatesonline.com\/pt-br\/sobre-nos\/gwenn-wierzbicki\/"]}]},{"@type":"ImageObject","inLanguage":"pt-BR","@id":"https:\/\/authenticpilatesonline.com\/pt-br\/sobre-nos\/gwenn-wierzbicki\/#primaryimage","url":"https:\/\/authenticpilatesonline.com\/wp-content\/uploads\/2020\/01\/gwenn-wierzbicki-pilates-instructor.jpg","contentUrl":"https:\/\/authenticpilatesonline.com\/wp-content\/uploads\/2020\/01\/gwenn-wierzbicki-pilates-instructor.jpg","width":2200,"height":1200},{"@type":"BreadcrumbList","@id":"https:\/\/authenticpilatesonline.com\/pt-br\/sobre-nos\/gwenn-wierzbicki\/#breadcrumb","itemListElement":[{"@type":"ListItem","position":1,"name":"Home","item":"https:\/\/authenticpilatesonline.com\/pt-br\/nova-pagina-inicial\/"},{"@type":"ListItem","position":2,"name":"Sobre N\u00f3s","item":"https:\/\/authenticpilatesonline.com\/pt-br\/sobre-nos\/"},{"@type":"ListItem","position":3,"name":"Gwenn Wierzbicki"}]},{"@type":"WebSite","@id":"https:\/\/authenticpilatesonline.com\/pt-br\/#website","url":"https:\/\/authenticpilatesonline.com\/pt-br\/","name":"Authentic Pilates Center","description":"YOUR ACCESS TO CLASSICAL PILATES VIDEOS&lt;br&gt; ANYTIME, ANYWHERE","publisher":{"@id":"https:\/\/authenticpilatesonline.com\/pt-br\/#organization"},"potentialAction":[{"@type":"SearchAction","target":{"@type":"EntryPoint","urlTemplate":"https:\/\/authenticpilatesonline.com\/pt-br\/?s={search_term_string}"},"query-input":{"@type":"PropertyValueSpecification","valueRequired":true,"valueName":"search_term_string"}}],"inLanguage":"pt-BR"},{"@type":"Organization","@id":"https:\/\/authenticpilatesonline.com\/pt-br\/#organization","name":"Authentic Pilates Center","url":"https:\/\/authenticpilatesonline.com\/pt-br\/","logo":{"@type":"ImageObject","inLanguage":"pt-BR","@id":"https:\/\/authenticpilatesonline.com\/pt-br\/#\/schema\/logo\/image\/","url":"https:\/\/authenticpilatesonline.com\/wp-content\/uploads\/2019\/12\/authentic-pilates-online-logo.png","contentUrl":"https:\/\/authenticpilatesonline.com\/wp-content\/uploads\/2019\/12\/authentic-pilates-online-logo.png","width":576,"height":150,"caption":"Authentic Pilates Center"},"image":{"@id":"https:\/\/authenticpilatesonline.com\/pt-br\/#\/schema\/logo\/image\/"}}]}},"_links":{"self":[{"href":"https:\/\/authenticpilatesonline.com\/pt-br\/wp-json\/wp\/v2\/pages\/38563","targetHints":{"allow":["GET"]}}],"collection":[{"href":"https:\/\/authenticpilatesonline.com\/pt-br\/wp-json\/wp\/v2\/pages"}],"about":[{"href":"https:\/\/authenticpilatesonline.com\/pt-br\/wp-json\/wp\/v2\/types\/page"}],"author":[{"embeddable":true,"href":"https:\/\/authenticpilatesonline.com\/pt-br\/wp-json\/wp\/v2\/users\/3"}],"replies":[{"embeddable":true,"href":"https:\/\/authenticpilatesonline.com\/pt-br\/wp-json\/wp\/v2\/comments?post=38563"}],"version-history":[{"count":1,"href":"https:\/\/authenticpilatesonline.com\/pt-br\/wp-json\/wp\/v2\/pages\/38563\/revisions"}],"predecessor-version":[{"id":38565,"href":"https:\/\/authenticpilatesonline.com\/pt-br\/wp-json\/wp\/v2\/pages\/38563\/revisions\/38565"}],"up":[{"embeddable":true,"href":"https:\/\/authenticpilatesonline.com\/pt-br\/wp-json\/wp\/v2\/pages\/38409"}],"wp:featuredmedia":[{"embeddable":true,"href":"https:\/\/authenticpilatesonline.com\/pt-br\/wp-json\/wp\/v2\/media\/34265"}],"wp:attachment":[{"href":"https:\/\/authenticpilatesonline.com\/pt-br\/wp-json\/wp\/v2\/media?parent=38563"}],"wp:term":[{"taxonomy":"page_layout","embeddable":true,"href":"https:\/\/authenticpilatesonline.com\/pt-br\/wp-json\/wp\/v2\/page_layout?post=38563"}],"curies":[{"name":"wp","href":"https:\/\/api.w.org\/{rel}","templated":true}]}}